{"id":12988,"date":"2026-02-28T12:01:19","date_gmt":"2026-02-28T10:01:19","guid":{"rendered":"https:\/\/luxury-intimate.com\/product\/li-quandisa-30ml\/"},"modified":"2024-06-06T08:31:36","modified_gmt":"2024-06-06T06:31:36","slug":"li-quandisa-30ml","status":"publish","type":"product","link":"https:\/\/luxury-intimate.com\/en\/intimate-care\/li-quandisa-30ml\/","title":{"rendered":"Li Quandisa intimate oil 30ml"},"content":{"rendered":"<p style=\"font-weight: 400\">Intimno olje za naravno nego in ohranjanje zdrave pH flore. Namenjeno predvsem tistim, ki si \u017eelijo redne nege ali za tiste, ki se soo\u010dajo s suhostjo, ponavljajo\u010dimi vnetji ali srbe\u010dicami.<\/p>\n<p style=\"font-weight: 400\">Olje je 100 % naravnega izvora in je u\u017eitno. Primerno za otroke, dekleta, \u017eenske vseh generacij in mo\u0161ke.<\/p>\n<p style=\"font-weight: 400\">30ml zado\u0161\u010da za 4-mese\u010dno vsakodnevno uporabo.<\/p>\n","protected":false},"excerpt":{"rendered":"<p>Intimate oil for the natural care and maintenance of healthy Ph flora. The oil is intended primarily for women who want regular care, who experience dryness, recurrent inflammations, or itching.<\/p>\n<p>The oil is 100% natural and is edible. Suitable for girls and women of all generations. 30ml is sufficient for four months of daily use.<\/p>\n","protected":false},"featured_media":435,"template":"","meta":{"_acf_changed":false,"inline_featured_image":false},"product_brand":[],"product_cat":[50],"product_tag":[],"class_list":{"0":"post-12988","1":"product","2":"type-product","3":"status-publish","4":"has-post-thumbnail","6":"product_cat-intimate-care","8":"first","9":"instock","10":"featured","11":"taxable","12":"shipping-taxable","13":"purchasable","14":"product-type-simple"},"acf":[],"yoast_head":"<!-- This site is optimized with the Yoast SEO plugin v27.1.1 - https:\/\/yoast.com\/product\/yoast-seo-wordpress\/ -->\n<title>Li Quandisa intimate oil 30ml - Luxury Intimate<\/title>\n<meta name=\"robots\" content=\"index, follow, max-snippet:-1, max-image-preview:large, max-video-preview:-1\" \/>\n<link rel=\"canonical\" href=\"https:\/\/luxury-intimate.com\/intimna-nega\/li-quandisa-30ml\/\" \/>\n<meta property=\"og:locale\" content=\"en_US\" \/>\n<meta property=\"og:type\" content=\"article\" \/>\n<meta property=\"og:title\" content=\"Li Quandisa intimate oil 30ml - Luxury Intimate\" \/>\n<meta property=\"og:description\" content=\"Intimate oil for the natural care and maintenance of healthy Ph flora. The oil is intended primarily for women who want regular care, who experience dryness, recurrent inflammations, or itching.  The oil is 100% natural and is edible. Suitable for girls and women of all generations. 30ml is sufficient for four months of daily use.\" \/>\n<meta property=\"og:url\" content=\"https:\/\/luxury-intimate.com\/intimna-nega\/li-quandisa-30ml\/\" \/>\n<meta property=\"og:site_name\" content=\"Luxury Intimate\" \/>\n<meta property=\"og:image\" content=\"https:\/\/luxury-intimate.com\/wp-content\/uploads\/2022\/06\/30_3.jpg\" \/>\n\t<meta property=\"og:image:width\" content=\"2000\" \/>\n\t<meta property=\"og:image:height\" content=\"2000\" \/>\n\t<meta property=\"og:image:type\" content=\"image\/jpeg\" \/>\n<meta name=\"twitter:card\" content=\"summary_large_image\" \/>\n<meta name=\"twitter:label1\" content=\"Est. reading time\" \/>\n\t<meta name=\"twitter:data1\" content=\"1 minute\" \/>\n<script type=\"application\/ld+json\" class=\"yoast-schema-graph\">{\"@context\":\"https:\/\/schema.org\",\"@graph\":[{\"@type\":\"WebPage\",\"@id\":\"https:\/\/luxury-intimate.com\/intimna-nega\/li-quandisa-30ml\/\",\"url\":\"https:\/\/luxury-intimate.com\/intimna-nega\/li-quandisa-30ml\/\",\"name\":\"Li Quandisa intimate oil 30ml - Luxury Intimate\",\"isPartOf\":{\"@id\":\"https:\/\/luxury-intimate.com\/#website\"},\"primaryImageOfPage\":{\"@id\":\"https:\/\/luxury-intimate.com\/intimna-nega\/li-quandisa-30ml\/#primaryimage\"},\"image\":{\"@id\":\"https:\/\/luxury-intimate.com\/intimna-nega\/li-quandisa-30ml\/#primaryimage\"},\"thumbnailUrl\":\"https:\/\/luxury-intimate.com\/wp-content\/uploads\/2022\/06\/30_3.jpg\",\"datePublished\":\"2026-02-28T10:01:19+00:00\",\"breadcrumb\":{\"@id\":\"https:\/\/luxury-intimate.com\/intimna-nega\/li-quandisa-30ml\/#breadcrumb\"},\"inLanguage\":\"en-US\",\"potentialAction\":[{\"@type\":\"ReadAction\",\"target\":[\"https:\/\/luxury-intimate.com\/intimna-nega\/li-quandisa-30ml\/\"]}]},{\"@type\":\"ImageObject\",\"inLanguage\":\"en-US\",\"@id\":\"https:\/\/luxury-intimate.com\/intimna-nega\/li-quandisa-30ml\/#primaryimage\",\"url\":\"https:\/\/luxury-intimate.com\/wp-content\/uploads\/2022\/06\/30_3.jpg\",\"contentUrl\":\"https:\/\/luxury-intimate.com\/wp-content\/uploads\/2022\/06\/30_3.jpg\",\"width\":2000,\"height\":2000,\"caption\":\"Li Quandisa 30ml 7\"},{\"@type\":\"BreadcrumbList\",\"@id\":\"https:\/\/luxury-intimate.com\/intimna-nega\/li-quandisa-30ml\/#breadcrumb\",\"itemListElement\":[{\"@type\":\"ListItem\",\"position\":1,\"name\":\"Home\",\"item\":\"https:\/\/luxury-intimate.com\/en\/\"},{\"@type\":\"ListItem\",\"position\":2,\"name\":\"Shop\",\"item\":\"https:\/\/luxury-intimate.com\/en\/shop\/\"},{\"@type\":\"ListItem\",\"position\":3,\"name\":\"Li Quandisa intimate oil 30ml\"}]},{\"@type\":\"WebSite\",\"@id\":\"https:\/\/luxury-intimate.com\/#website\",\"url\":\"https:\/\/luxury-intimate.com\/\",\"name\":\"Luxury Intimate\",\"description\":\"Li Quandisa\",\"potentialAction\":[{\"@type\":\"SearchAction\",\"target\":{\"@type\":\"EntryPoint\",\"urlTemplate\":\"https:\/\/luxury-intimate.com\/?s={search_term_string}\"},\"query-input\":{\"@type\":\"PropertyValueSpecification\",\"valueRequired\":true,\"valueName\":\"search_term_string\"}}],\"inLanguage\":\"en-US\"}]}<\/script>\n<!-- \/ Yoast SEO plugin. -->","yoast_head_json":{"title":"Li Quandisa intimate oil 30ml - Luxury Intimate","robots":{"index":"index","follow":"follow","max-snippet":"max-snippet:-1","max-image-preview":"max-image-preview:large","max-video-preview":"max-video-preview:-1"},"canonical":"https:\/\/luxury-intimate.com\/intimna-nega\/li-quandisa-30ml\/","og_locale":"en_US","og_type":"article","og_title":"Li Quandisa intimate oil 30ml - Luxury Intimate","og_description":"Intimate oil for the natural care and maintenance of healthy Ph flora. The oil is intended primarily for women who want regular care, who experience dryness, recurrent inflammations, or itching.  The oil is 100% natural and is edible. Suitable for girls and women of all generations. 30ml is sufficient for four months of daily use.","og_url":"https:\/\/luxury-intimate.com\/intimna-nega\/li-quandisa-30ml\/","og_site_name":"Luxury Intimate","og_image":[{"width":2000,"height":2000,"url":"https:\/\/luxury-intimate.com\/wp-content\/uploads\/2022\/06\/30_3.jpg","type":"image\/jpeg"}],"twitter_card":"summary_large_image","twitter_misc":{"Est. reading time":"1 minute"},"schema":{"@context":"https:\/\/schema.org","@graph":[{"@type":"WebPage","@id":"https:\/\/luxury-intimate.com\/intimna-nega\/li-quandisa-30ml\/","url":"https:\/\/luxury-intimate.com\/intimna-nega\/li-quandisa-30ml\/","name":"Li Quandisa intimate oil 30ml - Luxury Intimate","isPartOf":{"@id":"https:\/\/luxury-intimate.com\/#website"},"primaryImageOfPage":{"@id":"https:\/\/luxury-intimate.com\/intimna-nega\/li-quandisa-30ml\/#primaryimage"},"image":{"@id":"https:\/\/luxury-intimate.com\/intimna-nega\/li-quandisa-30ml\/#primaryimage"},"thumbnailUrl":"https:\/\/luxury-intimate.com\/wp-content\/uploads\/2022\/06\/30_3.jpg","datePublished":"2026-02-28T10:01:19+00:00","breadcrumb":{"@id":"https:\/\/luxury-intimate.com\/intimna-nega\/li-quandisa-30ml\/#breadcrumb"},"inLanguage":"en-US","potentialAction":[{"@type":"ReadAction","target":["https:\/\/luxury-intimate.com\/intimna-nega\/li-quandisa-30ml\/"]}]},{"@type":"ImageObject","inLanguage":"en-US","@id":"https:\/\/luxury-intimate.com\/intimna-nega\/li-quandisa-30ml\/#primaryimage","url":"https:\/\/luxury-intimate.com\/wp-content\/uploads\/2022\/06\/30_3.jpg","contentUrl":"https:\/\/luxury-intimate.com\/wp-content\/uploads\/2022\/06\/30_3.jpg","width":2000,"height":2000,"caption":"Li Quandisa 30ml 7"},{"@type":"BreadcrumbList","@id":"https:\/\/luxury-intimate.com\/intimna-nega\/li-quandisa-30ml\/#breadcrumb","itemListElement":[{"@type":"ListItem","position":1,"name":"Home","item":"https:\/\/luxury-intimate.com\/en\/"},{"@type":"ListItem","position":2,"name":"Shop","item":"https:\/\/luxury-intimate.com\/en\/shop\/"},{"@type":"ListItem","position":3,"name":"Li Quandisa intimate oil 30ml"}]},{"@type":"WebSite","@id":"https:\/\/luxury-intimate.com\/#website","url":"https:\/\/luxury-intimate.com\/","name":"Luxury Intimate","description":"Li Quandisa","potentialAction":[{"@type":"SearchAction","target":{"@type":"EntryPoint","urlTemplate":"https:\/\/luxury-intimate.com\/?s={search_term_string}"},"query-input":{"@type":"PropertyValueSpecification","valueRequired":true,"valueName":"search_term_string"}}],"inLanguage":"en-US"}]}},"_links":{"self":[{"href":"https:\/\/luxury-intimate.com\/en\/wp-json\/wp\/v2\/product\/12988","targetHints":{"allow":["GET"]}}],"collection":[{"href":"https:\/\/luxury-intimate.com\/en\/wp-json\/wp\/v2\/product"}],"about":[{"href":"https:\/\/luxury-intimate.com\/en\/wp-json\/wp\/v2\/types\/product"}],"wp:featuredmedia":[{"embeddable":true,"href":"https:\/\/luxury-intimate.com\/en\/wp-json\/wp\/v2\/media\/435"}],"wp:attachment":[{"href":"https:\/\/luxury-intimate.com\/en\/wp-json\/wp\/v2\/media?parent=12988"}],"wp:term":[{"taxonomy":"product_brand","embeddable":true,"href":"https:\/\/luxury-intimate.com\/en\/wp-json\/wp\/v2\/product_brand?post=12988"},{"taxonomy":"product_cat","embeddable":true,"href":"https:\/\/luxury-intimate.com\/en\/wp-json\/wp\/v2\/product_cat?post=12988"},{"taxonomy":"product_tag","embeddable":true,"href":"https:\/\/luxury-intimate.com\/en\/wp-json\/wp\/v2\/product_tag?post=12988"}],"curies":[{"name":"wp","href":"https:\/\/api.w.org\/{rel}","templated":true}]}}