{"id":12996,"date":"2026-03-01T12:00:14","date_gmt":"2026-03-01T10:00:14","guid":{"rendered":"https:\/\/luxury-intimate.com\/product\/li-quandisa-5ml\/"},"modified":"2023-04-04T10:25:49","modified_gmt":"2023-04-04T08:25:49","slug":"li-quandisa-5ml","status":"publish","type":"product","link":"https:\/\/luxury-intimate.com\/en\/intimate-care\/li-quandisa-5ml\/","title":{"rendered":"Li Quandisa Intimate oil \u2013 5ml"},"content":{"rendered":"<p style=\"font-weight: 400\">Intimno olje za naravno nego in ohranjanje zdrave pH flore. Namenjeno predvsem tistim, ki si \u017eelijo redne intimne nege ali za tiste, ki\u00a0 se soo\u010dajo s suhostjo, ponavljajo\u010dimi vnetji ali srbe\u010dicami.<\/p>\n<p style=\"font-weight: 400\">Za vse, ki ga \u017eelijo najprej preizkusiti. 5ml zado\u0161\u010da za enomese\u010dno vsakodnevno uporabo. Koli\u010dina in embala\u017ea sta izjemno priro\u010dni, tudi za v torbico ali za na potovanje.<\/p>\n<p style=\"font-weight: 400\">Olje je 100 % naravnega izvora in je u\u017eitno. Primerno za otroke, dekleta, \u017eenske vseh generacij in mo\u0161ke.<\/p>\n","protected":false},"excerpt":{"rendered":"<p>Intimate oil for the natural care and maintenance of healthy Ph flora. The oil is intended primarily for women who want regular care, who experience dryness, recurrent inflammations, itching or bed smell. For anyone who wants to try it first. 5 ml is sufficient for a month of daily use. The packaging and the quantity are convenient as you can quickly put it in your purse and take it with you when you travel. The oil is 100% natural and is edible. Suitable for girls and women of all generations. 5 ml is sufficient for a month of daily use.<\/p>\n","protected":false},"featured_media":418,"template":"","meta":{"_acf_changed":false,"inline_featured_image":false},"product_brand":[],"product_cat":[50],"product_tag":[],"class_list":{"0":"post-12996","1":"product","2":"type-product","3":"status-publish","4":"has-post-thumbnail","6":"product_cat-intimate-care","8":"first","9":"instock","10":"featured","11":"taxable","12":"shipping-taxable","13":"purchasable","14":"product-type-simple"},"acf":[],"yoast_head":"<!-- This site is optimized with the Yoast SEO plugin v27.1.1 - https:\/\/yoast.com\/product\/yoast-seo-wordpress\/ -->\n<title>Li Quandisa Intimate oil \u2013 5ml - Luxury Intimate<\/title>\n<meta name=\"robots\" content=\"index, follow, max-snippet:-1, max-image-preview:large, max-video-preview:-1\" \/>\n<link rel=\"canonical\" href=\"https:\/\/luxury-intimate.com\/intimna-nega\/li-quandisa-5ml\/\" \/>\n<meta property=\"og:locale\" content=\"en_US\" \/>\n<meta property=\"og:type\" content=\"article\" \/>\n<meta property=\"og:title\" content=\"Li Quandisa Intimate oil \u2013 5ml - Luxury Intimate\" \/>\n<meta property=\"og:description\" content=\"Intimate oil for the natural care and maintenance of healthy Ph flora. The oil is intended primarily for women who want regular care, who experience dryness, recurrent inflammations, itching or bed smell. For anyone who wants to try it first. 5 ml is sufficient for a month of daily use. The packaging and the quantity are convenient as you can quickly put it in your purse and take it with you when you travel. The oil is 100% natural and is edible. Suitable for girls and women of all generations. 5 ml is sufficient for a month of daily use.\" \/>\n<meta property=\"og:url\" content=\"https:\/\/luxury-intimate.com\/intimna-nega\/li-quandisa-5ml\/\" \/>\n<meta property=\"og:site_name\" content=\"Luxury Intimate\" \/>\n<meta property=\"og:image\" content=\"https:\/\/luxury-intimate.com\/wp-content\/uploads\/2022\/06\/5_main_640.jpg\" \/>\n\t<meta property=\"og:image:width\" content=\"640\" \/>\n\t<meta property=\"og:image:height\" content=\"640\" \/>\n\t<meta property=\"og:image:type\" content=\"image\/jpeg\" \/>\n<meta name=\"twitter:card\" content=\"summary_large_image\" \/>\n<meta name=\"twitter:label1\" content=\"Est. reading time\" \/>\n\t<meta name=\"twitter:data1\" content=\"1 minute\" \/>\n<script type=\"application\/ld+json\" class=\"yoast-schema-graph\">{\"@context\":\"https:\/\/schema.org\",\"@graph\":[{\"@type\":\"WebPage\",\"@id\":\"https:\/\/luxury-intimate.com\/intimna-nega\/li-quandisa-5ml\/\",\"url\":\"https:\/\/luxury-intimate.com\/intimna-nega\/li-quandisa-5ml\/\",\"name\":\"Li Quandisa Intimate oil \u2013 5ml - Luxury Intimate\",\"isPartOf\":{\"@id\":\"https:\/\/luxury-intimate.com\/#website\"},\"primaryImageOfPage\":{\"@id\":\"https:\/\/luxury-intimate.com\/intimna-nega\/li-quandisa-5ml\/#primaryimage\"},\"image\":{\"@id\":\"https:\/\/luxury-intimate.com\/intimna-nega\/li-quandisa-5ml\/#primaryimage\"},\"thumbnailUrl\":\"https:\/\/luxury-intimate.com\/wp-content\/uploads\/2022\/06\/5_main_640.jpg\",\"datePublished\":\"2026-03-01T10:00:14+00:00\",\"breadcrumb\":{\"@id\":\"https:\/\/luxury-intimate.com\/intimna-nega\/li-quandisa-5ml\/#breadcrumb\"},\"inLanguage\":\"en-US\",\"potentialAction\":[{\"@type\":\"ReadAction\",\"target\":[\"https:\/\/luxury-intimate.com\/intimna-nega\/li-quandisa-5ml\/\"]}]},{\"@type\":\"ImageObject\",\"inLanguage\":\"en-US\",\"@id\":\"https:\/\/luxury-intimate.com\/intimna-nega\/li-quandisa-5ml\/#primaryimage\",\"url\":\"https:\/\/luxury-intimate.com\/wp-content\/uploads\/2022\/06\/5_main_640.jpg\",\"contentUrl\":\"https:\/\/luxury-intimate.com\/wp-content\/uploads\/2022\/06\/5_main_640.jpg\",\"width\":640,\"height\":640,\"caption\":\"Li Quandisa 5ml 8\"},{\"@type\":\"BreadcrumbList\",\"@id\":\"https:\/\/luxury-intimate.com\/intimna-nega\/li-quandisa-5ml\/#breadcrumb\",\"itemListElement\":[{\"@type\":\"ListItem\",\"position\":1,\"name\":\"Home\",\"item\":\"https:\/\/luxury-intimate.com\/en\/\"},{\"@type\":\"ListItem\",\"position\":2,\"name\":\"Shop\",\"item\":\"https:\/\/luxury-intimate.com\/en\/shop\/\"},{\"@type\":\"ListItem\",\"position\":3,\"name\":\"Li Quandisa Intimate oil \u2013 5ml\"}]},{\"@type\":\"WebSite\",\"@id\":\"https:\/\/luxury-intimate.com\/#website\",\"url\":\"https:\/\/luxury-intimate.com\/\",\"name\":\"Luxury Intimate\",\"description\":\"Li Quandisa\",\"potentialAction\":[{\"@type\":\"SearchAction\",\"target\":{\"@type\":\"EntryPoint\",\"urlTemplate\":\"https:\/\/luxury-intimate.com\/?s={search_term_string}\"},\"query-input\":{\"@type\":\"PropertyValueSpecification\",\"valueRequired\":true,\"valueName\":\"search_term_string\"}}],\"inLanguage\":\"en-US\"}]}<\/script>\n<!-- \/ Yoast SEO plugin. -->","yoast_head_json":{"title":"Li Quandisa Intimate oil \u2013 5ml - Luxury Intimate","robots":{"index":"index","follow":"follow","max-snippet":"max-snippet:-1","max-image-preview":"max-image-preview:large","max-video-preview":"max-video-preview:-1"},"canonical":"https:\/\/luxury-intimate.com\/intimna-nega\/li-quandisa-5ml\/","og_locale":"en_US","og_type":"article","og_title":"Li Quandisa Intimate oil \u2013 5ml - Luxury Intimate","og_description":"Intimate oil for the natural care and maintenance of healthy Ph flora. The oil is intended primarily for women who want regular care, who experience dryness, recurrent inflammations, itching or bed smell. For anyone who wants to try it first. 5 ml is sufficient for a month of daily use. The packaging and the quantity are convenient as you can quickly put it in your purse and take it with you when you travel. The oil is 100% natural and is edible. Suitable for girls and women of all generations. 5 ml is sufficient for a month of daily use.","og_url":"https:\/\/luxury-intimate.com\/intimna-nega\/li-quandisa-5ml\/","og_site_name":"Luxury Intimate","og_image":[{"width":640,"height":640,"url":"https:\/\/luxury-intimate.com\/wp-content\/uploads\/2022\/06\/5_main_640.jpg","type":"image\/jpeg"}],"twitter_card":"summary_large_image","twitter_misc":{"Est. reading time":"1 minute"},"schema":{"@context":"https:\/\/schema.org","@graph":[{"@type":"WebPage","@id":"https:\/\/luxury-intimate.com\/intimna-nega\/li-quandisa-5ml\/","url":"https:\/\/luxury-intimate.com\/intimna-nega\/li-quandisa-5ml\/","name":"Li Quandisa Intimate oil \u2013 5ml - Luxury Intimate","isPartOf":{"@id":"https:\/\/luxury-intimate.com\/#website"},"primaryImageOfPage":{"@id":"https:\/\/luxury-intimate.com\/intimna-nega\/li-quandisa-5ml\/#primaryimage"},"image":{"@id":"https:\/\/luxury-intimate.com\/intimna-nega\/li-quandisa-5ml\/#primaryimage"},"thumbnailUrl":"https:\/\/luxury-intimate.com\/wp-content\/uploads\/2022\/06\/5_main_640.jpg","datePublished":"2026-03-01T10:00:14+00:00","breadcrumb":{"@id":"https:\/\/luxury-intimate.com\/intimna-nega\/li-quandisa-5ml\/#breadcrumb"},"inLanguage":"en-US","potentialAction":[{"@type":"ReadAction","target":["https:\/\/luxury-intimate.com\/intimna-nega\/li-quandisa-5ml\/"]}]},{"@type":"ImageObject","inLanguage":"en-US","@id":"https:\/\/luxury-intimate.com\/intimna-nega\/li-quandisa-5ml\/#primaryimage","url":"https:\/\/luxury-intimate.com\/wp-content\/uploads\/2022\/06\/5_main_640.jpg","contentUrl":"https:\/\/luxury-intimate.com\/wp-content\/uploads\/2022\/06\/5_main_640.jpg","width":640,"height":640,"caption":"Li Quandisa 5ml 8"},{"@type":"BreadcrumbList","@id":"https:\/\/luxury-intimate.com\/intimna-nega\/li-quandisa-5ml\/#breadcrumb","itemListElement":[{"@type":"ListItem","position":1,"name":"Home","item":"https:\/\/luxury-intimate.com\/en\/"},{"@type":"ListItem","position":2,"name":"Shop","item":"https:\/\/luxury-intimate.com\/en\/shop\/"},{"@type":"ListItem","position":3,"name":"Li Quandisa Intimate oil \u2013 5ml"}]},{"@type":"WebSite","@id":"https:\/\/luxury-intimate.com\/#website","url":"https:\/\/luxury-intimate.com\/","name":"Luxury Intimate","description":"Li Quandisa","potentialAction":[{"@type":"SearchAction","target":{"@type":"EntryPoint","urlTemplate":"https:\/\/luxury-intimate.com\/?s={search_term_string}"},"query-input":{"@type":"PropertyValueSpecification","valueRequired":true,"valueName":"search_term_string"}}],"inLanguage":"en-US"}]}},"_links":{"self":[{"href":"https:\/\/luxury-intimate.com\/en\/wp-json\/wp\/v2\/product\/12996","targetHints":{"allow":["GET"]}}],"collection":[{"href":"https:\/\/luxury-intimate.com\/en\/wp-json\/wp\/v2\/product"}],"about":[{"href":"https:\/\/luxury-intimate.com\/en\/wp-json\/wp\/v2\/types\/product"}],"wp:featuredmedia":[{"embeddable":true,"href":"https:\/\/luxury-intimate.com\/en\/wp-json\/wp\/v2\/media\/418"}],"wp:attachment":[{"href":"https:\/\/luxury-intimate.com\/en\/wp-json\/wp\/v2\/media?parent=12996"}],"wp:term":[{"taxonomy":"product_brand","embeddable":true,"href":"https:\/\/luxury-intimate.com\/en\/wp-json\/wp\/v2\/product_brand?post=12996"},{"taxonomy":"product_cat","embeddable":true,"href":"https:\/\/luxury-intimate.com\/en\/wp-json\/wp\/v2\/product_cat?post=12996"},{"taxonomy":"product_tag","embeddable":true,"href":"https:\/\/luxury-intimate.com\/en\/wp-json\/wp\/v2\/product_tag?post=12996"}],"curies":[{"name":"wp","href":"https:\/\/api.w.org\/{rel}","templated":true}]}}