{"id":13000,"date":"2022-07-01T11:30:09","date_gmt":"2022-07-01T09:30:09","guid":{"rendered":"https:\/\/luxury-intimate.com\/product\/negovalno-intimno-olje-za-otroke\/"},"modified":"2023-04-04T10:33:52","modified_gmt":"2023-04-04T08:33:52","slug":"negovalno-intimno-olje-za-otroke","status":"publish","type":"product","link":"https:\/\/luxury-intimate.com\/en\/intimate-care\/negovalno-intimno-olje-za-otroke\/","title":{"rendered":"LI QUANDISA INTIMATE BABY OIL"},"content":{"rendered":"<p style=\"font-weight: 400\">Ko sem leta 2015 prvi\u010d postala mama, sem se sre\u010dala z izbiro otro\u0161ke kozmetike in bila presene\u010dena, koliko nepotrebnih in celo \u0161kodljivih sestavin vsebujejo negovalni izdelki za otroke in nose\u010dnice. Ker sem sama \u017ee pred leti za\u010dela uporabljati popolnoma naravno kozmetiko, sem bila \u0161e toliko bolj osredoto\u010dena na to, da svojemu otroku ponudim najbolj naravno kozmetiko. Kot veste, smo pri Luxury intimate zadnja leta veliko pozornosti posve\u010dali ozave\u0161\u010danju o pomembnosti intimne nege. V tem \u010dasu smo dobili veliko sporo\u010dil tudi od mamic, ki so \u017eelele pomagati in pomiriti vnetja tako pri svojih dojen\u010dkih kot pri malo starej\u0161ih otrocih. Zastavili smo si cilj, da bomo star\u0161em zagotovili brezskrbno uporabo kozmetike za otroke z izborom visokokakovostnega izdelka, preverjene in naravne formule.<br \/>\nNa\u0161a strokovna ekipa se je lotila dela in je zadnje leto previdno izbirala prave rastline ter rastlinska olja, ki blagodejno vplivajo na nego na\u0161ih otrok. Na\u0161 trud in zavzetost sta se obrestovala. Ponosno vam predstavljamo novo, popolnoma naravno otro\u0161ko intimno olje, namenjeno negi intimnih predelov va\u0161ega mal\u010dka. Vsebuje le najbolj\u0161e sestavine, kot so eteri\u010dna olja modre kamilice, dama\u0161\u010danske vrtnice, sandalovine, med, jojoba, mandljevo olje, rakitovec, olje \u010drne kumine in son\u010dni\u010dno olje. Otro\u0161ko intimno olje bo va\u0161im mal\u010dkom prepre\u010dilo in pomirilo ko\u017eo pod pleni\u010dkami, ter jo za\u0161\u010ditilo. Izjemno ne\u017ena in naravna sestava bla\u017ei rde\u010di\u010dno ko\u017eo ter nahrani in navla\u017ei suho, razdra\u017eeno ko\u017eo. Pleni\u010dke lahko povzro\u010dijo dra\u017eenje, zato olje priporo\u010damo tudi za nego ritke, saj neguje in pomirja s skrbno izbranimi naravnimi sestavinami. Olje za nego intimnih predelov va\u0161ega otroka je otrokom in okolju prijazno, saj vsebuje samo sestavine, ki jih ne\u017ena in ob\u010dutljiva otro\u0161ka ko\u017ea zlasti v prvih mesecih resni\u010dno potrebuje. Uporaba olja je priporo\u010dljiva tudi za nego in pomiritev pri starej\u0161ih otrocih do pubertete (potem se pH-vrednost sluznice spremeni), ko se lahko na tem predelu pojavijo neprijetnosti, kot so srbe\u010dica, peko\u010di ob\u010dutek itn. Ostajamo zvesti le 100-% naravnim sestavinam in nadaljnjemu ozave\u0161\u010danju otrok o pomembnosti prave intimne nege. Namenjeno popolnem ugodnju mal\u010dkove ko\u017ee pod pleni\u010dko, za za\u0161\u010dito in nego mal\u010dkove ko\u017ee, za brezskrbne dneve in za\u0161\u010dito va\u0161ega otroka od rojstva naprej. Je popolnoma varno in dermatolo\u0161ko testirano<br \/>\nNekateri otroci so bolj nagnjeni k vnetjem, zato otro\u0161ko intimno olje Li Quandisa priporo\u010damo za vsakodnevno uporabo. Izdelek z naravnimi sestavinami je primeren tudi za zelo ob\u010dutljivo in suho ko\u017eo, tako da bo za ko\u017eo na podro\u010dju intimnega predela va\u0161ega malega son\u010dka dobro poskrbljeno.<\/p>\n","protected":false},"excerpt":{"rendered":"<p>When I first became a mom in 2015, I first came across a selection of baby cosmetics. I was amazed at how many unnecessary and even harmful ingredients care products for children and pregnant women contain. Since I started using all-natural cosmetics years ago, I was even more focused on offering my child the best. As you know, at Luxury intimate, we have paid a lot of attention in recent years to raising awareness of the importance of intimate care. During this time, we also received many messages from mothers who wanted to help and soothe inflammation in their babies, toddlers, and children up to reaching puberty. We have set ourselves to provide parents with a carefree use of cosmetics for children with a selection of high-quality products, proven and natural formulas. Last year, our professional team was set to work and carefully selected the right plants and vegetable oils best for helping our little ones. Our efforts and commitment paid off. We are proud to present the new, utterly natural intimate baby oil. It contains only the best ingredients such as blue chamomile essential oil, Damask rose oil, sandalwood oil, honey, jojoba, almond oil, sea buckthorn, black cumin oil, and sunflower oil. The intimate baby oil will prevent and soothe and protect your toddler&#8217;s skin under diapers. Extremely gentle and natural composition soothes red skin, nourishes, and moisturizes dry irritated skin. Diapers can irritate, so the oil is also recommended for care and protection as it nourishes and soothes the skin with carefully selected natural ingredients. The oil for the care of your child&#8217;s intimate areas is child and environmentally friendly, as it contains only the components that the delicate and sensitive baby skin, especially in the first months, really needs. The use of the oil is also recommended for the care and soothing of older children until puberty (then the PH of the mucosa changes) when they feel discomfort such as itching, burning sensation, etc. We remain committed to 100% natural ingredients and raise awareness about the importance of children&#8217;s proper intimate care. \u2022 For the complete comfort of the baby&#8217;s skin under the diaper \u2022 For protection and care of babys skin \u2022 For carefree days and protection of your baby from the birth \u2022 Completely safe and dermatologically tested Some children are more prone to inflammation. Therefore, we recommend using the Li Quandisa intimate baby oil daily. The natural composition is also suitable for very sensitive and dry skin, so the skin in the intimate area of your little one will be well taken care of.<\/p>\n","protected":false},"featured_media":13963,"template":"","meta":{"_acf_changed":false,"inline_featured_image":false},"product_brand":[],"product_cat":[50],"product_tag":[],"class_list":{"0":"post-13000","1":"product","2":"type-product","3":"status-publish","4":"has-post-thumbnail","6":"product_cat-intimate-care","8":"first","9":"instock","10":"featured","11":"taxable","12":"shipping-taxable","13":"purchasable","14":"product-type-simple"},"acf":[],"yoast_head":"<!-- This site is optimized with the Yoast SEO plugin v27.1.1 - https:\/\/yoast.com\/product\/yoast-seo-wordpress\/ -->\n<title>LI QUANDISA INTIMATE BABY OIL - Luxury Intimate<\/title>\n<meta name=\"robots\" content=\"index, follow, max-snippet:-1, max-image-preview:large, max-video-preview:-1\" \/>\n<link rel=\"canonical\" href=\"https:\/\/luxury-intimate.com\/intimna-nega\/negovalno-intimno-olje-za-otroke\/\" \/>\n<meta property=\"og:locale\" content=\"en_US\" \/>\n<meta property=\"og:type\" content=\"article\" \/>\n<meta property=\"og:title\" content=\"LI QUANDISA INTIMATE BABY OIL - Luxury Intimate\" \/>\n<meta property=\"og:description\" content=\"When I first became a mom in 2015, I first came across a selection of baby cosmetics. I was amazed at how many unnecessary and even harmful ingredients care products for children and pregnant women contain. Since I started using all-natural cosmetics years ago, I was even more focused on offering my child the best. As you know, at Luxury intimate, we have paid a lot of attention in recent years to raising awareness of the importance of intimate care. During this time, we also received many messages from mothers who wanted to help and soothe inflammation in their babies, toddlers, and children up to reaching puberty. We have set ourselves to provide parents with a carefree use of cosmetics for children with a selection of high-quality products, proven and natural formulas. Last year, our professional team was set to work and carefully selected the right plants and vegetable oils best for helping our little ones. Our efforts and commitment paid off. We are proud to present the new, utterly natural intimate baby oil. It contains only the best ingredients such as blue chamomile essential oil, Damask rose oil, sandalwood oil, honey, jojoba, almond oil, sea buckthorn, black cumin oil, and sunflower oil. The intimate baby oil will prevent and soothe and protect your toddler&#039;s skin under diapers. Extremely gentle and natural composition soothes red skin, nourishes, and moisturizes dry irritated skin. Diapers can irritate, so the oil is also recommended for care and protection as it nourishes and soothes the skin with carefully selected natural ingredients. The oil for the care of your child&#039;s intimate areas is child and environmentally friendly, as it contains only the components that the delicate and sensitive baby skin, especially in the first months, really needs. The use of the oil is also recommended for the care and soothing of older children until puberty (then the PH of the mucosa changes) when they feel discomfort such as itching, burning sensation, etc. We remain committed to 100% natural ingredients and raise awareness about the importance of children&#039;s proper intimate care. \u2022 For the complete comfort of the baby&#039;s skin under the diaper \u2022 For protection and care of babys skin \u2022 For carefree days and protection of your baby from the birth \u2022 Completely safe and dermatologically tested Some children are more prone to inflammation. Therefore, we recommend using the Li Quandisa intimate baby oil daily. The natural composition is also suitable for very sensitive and dry skin, so the skin in the intimate area of your little one will be well taken care of.\" \/>\n<meta property=\"og:url\" content=\"https:\/\/luxury-intimate.com\/intimna-nega\/negovalno-intimno-olje-za-otroke\/\" \/>\n<meta property=\"og:site_name\" content=\"Luxury Intimate\" \/>\n<meta property=\"article:modified_time\" content=\"2023-04-04T08:33:52+00:00\" \/>\n<meta property=\"og:image\" content=\"https:\/\/luxury-intimate.com\/wp-content\/uploads\/2022\/07\/li-quandisa-intimno-olje-za-otroke-30-ml-2.jpg\" \/>\n\t<meta property=\"og:image:width\" content=\"1000\" \/>\n\t<meta property=\"og:image:height\" content=\"1000\" \/>\n\t<meta property=\"og:image:type\" content=\"image\/jpeg\" \/>\n<meta name=\"twitter:card\" content=\"summary_large_image\" \/>\n<meta name=\"twitter:label1\" content=\"Est. reading time\" \/>\n\t<meta name=\"twitter:data1\" content=\"3 minutes\" \/>\n<script type=\"application\/ld+json\" class=\"yoast-schema-graph\">{\"@context\":\"https:\/\/schema.org\",\"@graph\":[{\"@type\":\"WebPage\",\"@id\":\"https:\/\/luxury-intimate.com\/intimna-nega\/negovalno-intimno-olje-za-otroke\/\",\"url\":\"https:\/\/luxury-intimate.com\/intimna-nega\/negovalno-intimno-olje-za-otroke\/\",\"name\":\"LI QUANDISA INTIMATE BABY OIL - Luxury Intimate\",\"isPartOf\":{\"@id\":\"https:\/\/luxury-intimate.com\/#website\"},\"primaryImageOfPage\":{\"@id\":\"https:\/\/luxury-intimate.com\/intimna-nega\/negovalno-intimno-olje-za-otroke\/#primaryimage\"},\"image\":{\"@id\":\"https:\/\/luxury-intimate.com\/intimna-nega\/negovalno-intimno-olje-za-otroke\/#primaryimage\"},\"thumbnailUrl\":\"https:\/\/luxury-intimate.com\/wp-content\/uploads\/2022\/07\/li-quandisa-intimno-olje-za-otroke-30-ml-2.jpg\",\"datePublished\":\"2022-07-01T09:30:09+00:00\",\"dateModified\":\"2023-04-04T08:33:52+00:00\",\"breadcrumb\":{\"@id\":\"https:\/\/luxury-intimate.com\/intimna-nega\/negovalno-intimno-olje-za-otroke\/#breadcrumb\"},\"inLanguage\":\"en-US\",\"potentialAction\":[{\"@type\":\"ReadAction\",\"target\":[\"https:\/\/luxury-intimate.com\/intimna-nega\/negovalno-intimno-olje-za-otroke\/\"]}]},{\"@type\":\"ImageObject\",\"inLanguage\":\"en-US\",\"@id\":\"https:\/\/luxury-intimate.com\/intimna-nega\/negovalno-intimno-olje-za-otroke\/#primaryimage\",\"url\":\"https:\/\/luxury-intimate.com\/wp-content\/uploads\/2022\/07\/li-quandisa-intimno-olje-za-otroke-30-ml-2.jpg\",\"contentUrl\":\"https:\/\/luxury-intimate.com\/wp-content\/uploads\/2022\/07\/li-quandisa-intimno-olje-za-otroke-30-ml-2.jpg\",\"width\":1000,\"height\":1000},{\"@type\":\"BreadcrumbList\",\"@id\":\"https:\/\/luxury-intimate.com\/intimna-nega\/negovalno-intimno-olje-za-otroke\/#breadcrumb\",\"itemListElement\":[{\"@type\":\"ListItem\",\"position\":1,\"name\":\"Home\",\"item\":\"https:\/\/luxury-intimate.com\/en\/\"},{\"@type\":\"ListItem\",\"position\":2,\"name\":\"Shop\",\"item\":\"https:\/\/luxury-intimate.com\/en\/shop\/\"},{\"@type\":\"ListItem\",\"position\":3,\"name\":\"LI QUANDISA INTIMATE BABY OIL\"}]},{\"@type\":\"WebSite\",\"@id\":\"https:\/\/luxury-intimate.com\/#website\",\"url\":\"https:\/\/luxury-intimate.com\/\",\"name\":\"Luxury Intimate\",\"description\":\"Li Quandisa\",\"potentialAction\":[{\"@type\":\"SearchAction\",\"target\":{\"@type\":\"EntryPoint\",\"urlTemplate\":\"https:\/\/luxury-intimate.com\/?s={search_term_string}\"},\"query-input\":{\"@type\":\"PropertyValueSpecification\",\"valueRequired\":true,\"valueName\":\"search_term_string\"}}],\"inLanguage\":\"en-US\"}]}<\/script>\n<!-- \/ Yoast SEO plugin. -->","yoast_head_json":{"title":"LI QUANDISA INTIMATE BABY OIL - Luxury Intimate","robots":{"index":"index","follow":"follow","max-snippet":"max-snippet:-1","max-image-preview":"max-image-preview:large","max-video-preview":"max-video-preview:-1"},"canonical":"https:\/\/luxury-intimate.com\/intimna-nega\/negovalno-intimno-olje-za-otroke\/","og_locale":"en_US","og_type":"article","og_title":"LI QUANDISA INTIMATE BABY OIL - Luxury Intimate","og_description":"When I first became a mom in 2015, I first came across a selection of baby cosmetics. I was amazed at how many unnecessary and even harmful ingredients care products for children and pregnant women contain. Since I started using all-natural cosmetics years ago, I was even more focused on offering my child the best. As you know, at Luxury intimate, we have paid a lot of attention in recent years to raising awareness of the importance of intimate care. During this time, we also received many messages from mothers who wanted to help and soothe inflammation in their babies, toddlers, and children up to reaching puberty. We have set ourselves to provide parents with a carefree use of cosmetics for children with a selection of high-quality products, proven and natural formulas. Last year, our professional team was set to work and carefully selected the right plants and vegetable oils best for helping our little ones. Our efforts and commitment paid off. We are proud to present the new, utterly natural intimate baby oil. It contains only the best ingredients such as blue chamomile essential oil, Damask rose oil, sandalwood oil, honey, jojoba, almond oil, sea buckthorn, black cumin oil, and sunflower oil. The intimate baby oil will prevent and soothe and protect your toddler's skin under diapers. Extremely gentle and natural composition soothes red skin, nourishes, and moisturizes dry irritated skin. Diapers can irritate, so the oil is also recommended for care and protection as it nourishes and soothes the skin with carefully selected natural ingredients. The oil for the care of your child's intimate areas is child and environmentally friendly, as it contains only the components that the delicate and sensitive baby skin, especially in the first months, really needs. The use of the oil is also recommended for the care and soothing of older children until puberty (then the PH of the mucosa changes) when they feel discomfort such as itching, burning sensation, etc. We remain committed to 100% natural ingredients and raise awareness about the importance of children's proper intimate care. \u2022 For the complete comfort of the baby's skin under the diaper \u2022 For protection and care of babys skin \u2022 For carefree days and protection of your baby from the birth \u2022 Completely safe and dermatologically tested Some children are more prone to inflammation. Therefore, we recommend using the Li Quandisa intimate baby oil daily. The natural composition is also suitable for very sensitive and dry skin, so the skin in the intimate area of your little one will be well taken care of.","og_url":"https:\/\/luxury-intimate.com\/intimna-nega\/negovalno-intimno-olje-za-otroke\/","og_site_name":"Luxury Intimate","article_modified_time":"2023-04-04T08:33:52+00:00","og_image":[{"width":1000,"height":1000,"url":"https:\/\/luxury-intimate.com\/wp-content\/uploads\/2022\/07\/li-quandisa-intimno-olje-za-otroke-30-ml-2.jpg","type":"image\/jpeg"}],"twitter_card":"summary_large_image","twitter_misc":{"Est. reading time":"3 minutes"},"schema":{"@context":"https:\/\/schema.org","@graph":[{"@type":"WebPage","@id":"https:\/\/luxury-intimate.com\/intimna-nega\/negovalno-intimno-olje-za-otroke\/","url":"https:\/\/luxury-intimate.com\/intimna-nega\/negovalno-intimno-olje-za-otroke\/","name":"LI QUANDISA INTIMATE BABY OIL - Luxury Intimate","isPartOf":{"@id":"https:\/\/luxury-intimate.com\/#website"},"primaryImageOfPage":{"@id":"https:\/\/luxury-intimate.com\/intimna-nega\/negovalno-intimno-olje-za-otroke\/#primaryimage"},"image":{"@id":"https:\/\/luxury-intimate.com\/intimna-nega\/negovalno-intimno-olje-za-otroke\/#primaryimage"},"thumbnailUrl":"https:\/\/luxury-intimate.com\/wp-content\/uploads\/2022\/07\/li-quandisa-intimno-olje-za-otroke-30-ml-2.jpg","datePublished":"2022-07-01T09:30:09+00:00","dateModified":"2023-04-04T08:33:52+00:00","breadcrumb":{"@id":"https:\/\/luxury-intimate.com\/intimna-nega\/negovalno-intimno-olje-za-otroke\/#breadcrumb"},"inLanguage":"en-US","potentialAction":[{"@type":"ReadAction","target":["https:\/\/luxury-intimate.com\/intimna-nega\/negovalno-intimno-olje-za-otroke\/"]}]},{"@type":"ImageObject","inLanguage":"en-US","@id":"https:\/\/luxury-intimate.com\/intimna-nega\/negovalno-intimno-olje-za-otroke\/#primaryimage","url":"https:\/\/luxury-intimate.com\/wp-content\/uploads\/2022\/07\/li-quandisa-intimno-olje-za-otroke-30-ml-2.jpg","contentUrl":"https:\/\/luxury-intimate.com\/wp-content\/uploads\/2022\/07\/li-quandisa-intimno-olje-za-otroke-30-ml-2.jpg","width":1000,"height":1000},{"@type":"BreadcrumbList","@id":"https:\/\/luxury-intimate.com\/intimna-nega\/negovalno-intimno-olje-za-otroke\/#breadcrumb","itemListElement":[{"@type":"ListItem","position":1,"name":"Home","item":"https:\/\/luxury-intimate.com\/en\/"},{"@type":"ListItem","position":2,"name":"Shop","item":"https:\/\/luxury-intimate.com\/en\/shop\/"},{"@type":"ListItem","position":3,"name":"LI QUANDISA INTIMATE BABY OIL"}]},{"@type":"WebSite","@id":"https:\/\/luxury-intimate.com\/#website","url":"https:\/\/luxury-intimate.com\/","name":"Luxury Intimate","description":"Li Quandisa","potentialAction":[{"@type":"SearchAction","target":{"@type":"EntryPoint","urlTemplate":"https:\/\/luxury-intimate.com\/?s={search_term_string}"},"query-input":{"@type":"PropertyValueSpecification","valueRequired":true,"valueName":"search_term_string"}}],"inLanguage":"en-US"}]}},"_links":{"self":[{"href":"https:\/\/luxury-intimate.com\/en\/wp-json\/wp\/v2\/product\/13000","targetHints":{"allow":["GET"]}}],"collection":[{"href":"https:\/\/luxury-intimate.com\/en\/wp-json\/wp\/v2\/product"}],"about":[{"href":"https:\/\/luxury-intimate.com\/en\/wp-json\/wp\/v2\/types\/product"}],"wp:featuredmedia":[{"embeddable":true,"href":"https:\/\/luxury-intimate.com\/en\/wp-json\/wp\/v2\/media\/13963"}],"wp:attachment":[{"href":"https:\/\/luxury-intimate.com\/en\/wp-json\/wp\/v2\/media?parent=13000"}],"wp:term":[{"taxonomy":"product_brand","embeddable":true,"href":"https:\/\/luxury-intimate.com\/en\/wp-json\/wp\/v2\/product_brand?post=13000"},{"taxonomy":"product_cat","embeddable":true,"href":"https:\/\/luxury-intimate.com\/en\/wp-json\/wp\/v2\/product_cat?post=13000"},{"taxonomy":"product_tag","embeddable":true,"href":"https:\/\/luxury-intimate.com\/en\/wp-json\/wp\/v2\/product_tag?post=13000"}],"curies":[{"name":"wp","href":"https:\/\/api.w.org\/{rel}","templated":true}]}}