{"id":13001,"date":"2022-07-01T10:00:11","date_gmt":"2022-07-01T08:00:11","guid":{"rendered":"https:\/\/luxury-intimate.com\/product\/yoni-jajcka\/"},"modified":"2025-04-24T00:00:06","modified_gmt":"2025-04-23T22:00:06","slug":"yoni-jajcka","status":"publish","type":"product","link":"https:\/\/luxury-intimate.com\/en\/intimate-care\/yoni-jajcka\/","title":{"rendered":"Yoni Eggs"},"content":{"rendered":"<p>Yoni v starodavnem indijskem jeziku Sanskrt pomeni vagina ali izvor, sveti\u0161\u010de. Yoni jaj\u010dek \u017eenske uporabljajo \u017ee tiso\u010dletja za nego spolne energije, zdravje rodil ter ohranjanje mladostnosti in dolgo\u017eivosti. Z njegovo uporabo so \u017eenske ohranjale tudi na stara leta no\u017enico in rodila v stanju mladostnic.<\/p>\n<p>Izvirajo\u010d iz \u010dasa modrih kitajskih duhovnih \u017eensk, Belih tigric in Taoisti\u010dnih sve\u010denic, \u017eenske Joni jaj\u010dka uporabljajo \u017ee 3,500 let , da ohranjajo zdravje spolnih organov in si tako podalj\u0161ujejo mladostnost, lepoto in vitalnost, ko postopoma drsimo v zrela leta. Carice in konkubine kraljeve pala\u010de na Kitajskem so z jajci, dostopale do spolne mo\u010di, prebujale \u010dutnost in ohranjale neverjetno zdravje in lepoto v svoji starosti. Do nedavnega je bila ta starodavna skrivna praksa na voljo samo \u010dlanom kraljeve dru\u017eine in izbranim taoisti\u010dnim izvajalcem, danes pa se po\u010dasi \u0161iri tudi na na\u0161a obmo\u010dja.<\/p>\n<p>Ustvarjeno posebej za \u017eenske, ki se soo\u010dajo z popu\u0161\u010danjem vaginalnih mi\u0161ic in mi\u0161ic medeni\u010dnega dna. Iz strokovnega vidika deluje uporaba jaj\u010dka kakor keglove vaje, ki pomagajo k u\u010dvrstitvi tovrstnih mi\u0161ic. Iz energetskega vidika pa so na\u0161e prednice verjele, da se ob rahljanju vaginalnih mi\u0161ic odpira ve\u010dja pot za odtok na\u0161e primarne energije, ki skrbi za na\u0161o vitalnost in mladostnost.<\/p>\n<ul>\n<li>Z vajami lahko prepre\u010dite nenadzorovano uhajanje urina (urinska stresna inkontinenca)<\/li>\n<li>Pove\u010dajte libido in prebudite svojo \u010dutnost.<\/li>\n<li>Pove\u010dajte naravno lubrikacijo v kateri koli starosti!<\/li>\n<li>Razvijte intimen in ljube\u010d odnos s svojo yoni, celotnim telesom in navsezadnje s seboj.<\/li>\n<li>Pove\u010dajte ob\u010dutljivost med spolnim odnosom.<\/li>\n<li>Nekatere mame uporabljajo yoni jaj\u010deca za pomo\u010d pri okrevanju po porodu.<\/li>\n<li>Pridobite nadzor nad vaginalnimi mi\u0161icami .<\/li>\n<li>Izbolj\u0161ajte svoje vaje Tantre.<\/li>\n<li>Nekatere \u017eenske, ki uporabljajo Yoni jaj\u010dka, poro\u010dajo o zmanj\u0161anju simptomov PMS, menstrualnih kr\u010dih in trajanju menstruacije.<\/li>\n<li>Izbolj\u0161ajte splo\u0161no zdravje in dobro po\u010dutje.<\/li>\n<li>Obdr\u017eite svojo vitalno energijo v telesu, da le ta ne odteka skozi vaginalne popu\u0161\u010dene mi\u0161ice.<\/li>\n<li>Yonijevo jajce je staro, sveto orodje za duhovno preobrazbo. Vsak kristal ima edinstvene lastnosti, ki lahko vplivajo na va\u0161e telo na razli\u010dne na\u010dine.<\/li>\n<\/ul>\n<div style=\"background-color: #000;text-align: center;padding: 15px\">\n<p style=\"color: #fff;margin: 0;font-size: 16pt\">Do 14.2. vas ob nakupu Yoni jaj\u010dk seta obdarimo z<br \/>\n5ml Li Quandisa intimnim negovalnim oljem!<\/p>\n<\/div>\n","protected":false},"excerpt":{"rendered":"<p>YONI means vagina or origin, a sanctuary in Sanskrit, the ancient Indian language. YONI egg has been used by women for millennia to care for sexual energy, the health of your vagina health, and maintaining youth and longevity. When women used it regularly, their vagina and reproductive organs remained in the same condition as when they were young, regardless of their actual age. Originating from the time of wise Chinese spiritual women, White Tigers, and Taoist priestesses, women have been using YONI eggs for over 3.500 years to maintain sexual health and thus prolong their youth, beauty, and vitality. Even as we gradually glide into mature age. The empresses and concubines of the royal palace in China used YONI to access sexual power, awaken the sensuality, and maintain excellent health and beauty in their old age. Until recently, this ancient secret practice was only available to members of the royal family and selected Taoist performers, but today it is slowly spreading to our areas as well. YONI was explicitly designed for women who are facing sagging vaginal muscles and pelvic floor muscles. From a professional point of view, using a YONI works as a kegel exercise to help strengthen this type of muscle. However, from an energy point of view, our ancestors believed that loosening the vaginal muscles opens up a more significant path for our primary energy outflow, taking care of our vitality and youth.<br \/>\nWith exercising you can help prevent uncontrolled urine leakage (urine stress incontinence)<\/p>\n<p>Increase libido and awaken your sensuality<br \/>\nIncrease natural moisture at any age<br \/>\nDevelop an intimate and loving relationship with your YONI, your whole body, and ultimately with yourself<br \/>\nAwakening of sexual energy, passion, and libido<br \/>\nReduces the symptoms of menopause<br \/>\nPrevents urine leakage<br \/>\nIncrease sensitivity during intercourse<br \/>\nSome moms use YONI eggs to help with postpartum recovery.<br \/>\nGain control of your vaginal muscles<br \/>\nImprove your Tantra exercises<br \/>\nSome women who use YONI eggs report a reduction in PMS symptoms, menstrual cramps, and menstruation duration.<br \/>\nImprove overall health and well-being<br \/>\nRetain your vital energy in the body for it to not drain through the relaxed vaginal muscles.<br \/>\nYONI&#8217;s egg is an old, sacred tool for spiritual transformation. Each crystal has unique properties that can affect your body in different ways.<\/p>\n","protected":false},"featured_media":7940,"template":"","meta":{"_acf_changed":false,"inline_featured_image":false},"product_brand":[],"product_cat":[50],"product_tag":[],"class_list":{"0":"post-13001","1":"product","2":"type-product","3":"status-publish","4":"has-post-thumbnail","6":"product_cat-intimate-care","8":"first","9":"instock","10":"featured","11":"taxable","12":"shipping-taxable","13":"purchasable","14":"product-type-simple"},"acf":[],"yoast_head":"<!-- This site is optimized with the Yoast SEO plugin v27.1.1 - https:\/\/yoast.com\/product\/yoast-seo-wordpress\/ -->\n<title>Yoni Eggs - Luxury Intimate<\/title>\n<meta name=\"robots\" content=\"index, follow, max-snippet:-1, max-image-preview:large, max-video-preview:-1\" \/>\n<link rel=\"canonical\" href=\"https:\/\/luxury-intimate.com\/intimna-nega\/yoni-jajcka\/\" \/>\n<meta property=\"og:locale\" content=\"en_US\" \/>\n<meta property=\"og:type\" content=\"article\" \/>\n<meta property=\"og:title\" content=\"Yoni Eggs - Luxury Intimate\" \/>\n<meta property=\"og:description\" content=\"YONI means vagina or origin, a sanctuary in Sanskrit, the ancient Indian language. YONI egg has been used by women for millennia to care for sexual energy, the health of your vagina health, and maintaining youth and longevity. When women used it regularly, their vagina and reproductive organs remained in the same condition as when they were young, regardless of their actual age. Originating from the time of wise Chinese spiritual women, White Tigers, and Taoist priestesses, women have been using YONI eggs for over 3.500 years to maintain sexual health and thus prolong their youth, beauty, and vitality. Even as we gradually glide into mature age. The empresses and concubines of the royal palace in China used YONI to access sexual power, awaken the sensuality, and maintain excellent health and beauty in their old age. Until recently, this ancient secret practice was only available to members of the royal family and selected Taoist performers, but today it is slowly spreading to our areas as well. YONI was explicitly designed for women who are facing sagging vaginal muscles and pelvic floor muscles. From a professional point of view, using a YONI works as a kegel exercise to help strengthen this type of muscle. However, from an energy point of view, our ancestors believed that loosening the vaginal muscles opens up a more significant path for our primary energy outflow, taking care of our vitality and youth. With exercising you can help prevent uncontrolled urine leakage (urine stress incontinence)  Increase libido and awaken your sensuality Increase natural moisture at any age Develop an intimate and loving relationship with your YONI, your whole body, and ultimately with yourself Awakening of sexual energy, passion, and libido Reduces the symptoms of menopause Prevents urine leakage Increase sensitivity during intercourse Some moms use YONI eggs to help with postpartum recovery. Gain control of your vaginal muscles Improve your Tantra exercises Some women who use YONI eggs report a reduction in PMS symptoms, menstrual cramps, and menstruation duration. Improve overall health and well-being Retain your vital energy in the body for it to not drain through the relaxed vaginal muscles. YONI&#039;s egg is an old, sacred tool for spiritual transformation. Each crystal has unique properties that can affect your body in different ways.\" \/>\n<meta property=\"og:url\" content=\"https:\/\/luxury-intimate.com\/intimna-nega\/yoni-jajcka\/\" \/>\n<meta property=\"og:site_name\" content=\"Luxury Intimate\" \/>\n<meta property=\"article:modified_time\" content=\"2025-04-23T22:00:06+00:00\" \/>\n<meta property=\"og:image\" content=\"https:\/\/luxury-intimate.com\/wp-content\/uploads\/2022\/06\/IMG_6386.jpg\" \/>\n\t<meta property=\"og:image:width\" content=\"1001\" \/>\n\t<meta property=\"og:image:height\" content=\"1001\" \/>\n\t<meta property=\"og:image:type\" content=\"image\/jpeg\" \/>\n<meta name=\"twitter:card\" content=\"summary_large_image\" \/>\n<meta name=\"twitter:label1\" content=\"Est. reading time\" \/>\n\t<meta name=\"twitter:data1\" content=\"2 minutes\" \/>\n<script type=\"application\/ld+json\" class=\"yoast-schema-graph\">{\"@context\":\"https:\/\/schema.org\",\"@graph\":[{\"@type\":\"WebPage\",\"@id\":\"https:\/\/luxury-intimate.com\/intimna-nega\/yoni-jajcka\/\",\"url\":\"https:\/\/luxury-intimate.com\/intimna-nega\/yoni-jajcka\/\",\"name\":\"Yoni Eggs - Luxury Intimate\",\"isPartOf\":{\"@id\":\"https:\/\/luxury-intimate.com\/#website\"},\"primaryImageOfPage\":{\"@id\":\"https:\/\/luxury-intimate.com\/intimna-nega\/yoni-jajcka\/#primaryimage\"},\"image\":{\"@id\":\"https:\/\/luxury-intimate.com\/intimna-nega\/yoni-jajcka\/#primaryimage\"},\"thumbnailUrl\":\"https:\/\/luxury-intimate.com\/wp-content\/uploads\/2022\/06\/IMG_6386.jpg\",\"datePublished\":\"2022-07-01T08:00:11+00:00\",\"dateModified\":\"2025-04-23T22:00:06+00:00\",\"breadcrumb\":{\"@id\":\"https:\/\/luxury-intimate.com\/intimna-nega\/yoni-jajcka\/#breadcrumb\"},\"inLanguage\":\"en-US\",\"potentialAction\":[{\"@type\":\"ReadAction\",\"target\":[\"https:\/\/luxury-intimate.com\/intimna-nega\/yoni-jajcka\/\"]}]},{\"@type\":\"ImageObject\",\"inLanguage\":\"en-US\",\"@id\":\"https:\/\/luxury-intimate.com\/intimna-nega\/yoni-jajcka\/#primaryimage\",\"url\":\"https:\/\/luxury-intimate.com\/wp-content\/uploads\/2022\/06\/IMG_6386.jpg\",\"contentUrl\":\"https:\/\/luxury-intimate.com\/wp-content\/uploads\/2022\/06\/IMG_6386.jpg\",\"width\":1001,\"height\":1001,\"caption\":\"Yoni jaj\u010dka 8\"},{\"@type\":\"BreadcrumbList\",\"@id\":\"https:\/\/luxury-intimate.com\/intimna-nega\/yoni-jajcka\/#breadcrumb\",\"itemListElement\":[{\"@type\":\"ListItem\",\"position\":1,\"name\":\"Home\",\"item\":\"https:\/\/luxury-intimate.com\/en\/\"},{\"@type\":\"ListItem\",\"position\":2,\"name\":\"Shop\",\"item\":\"https:\/\/luxury-intimate.com\/en\/shop\/\"},{\"@type\":\"ListItem\",\"position\":3,\"name\":\"Yoni Eggs\"}]},{\"@type\":\"WebSite\",\"@id\":\"https:\/\/luxury-intimate.com\/#website\",\"url\":\"https:\/\/luxury-intimate.com\/\",\"name\":\"Luxury Intimate\",\"description\":\"Li Quandisa\",\"potentialAction\":[{\"@type\":\"SearchAction\",\"target\":{\"@type\":\"EntryPoint\",\"urlTemplate\":\"https:\/\/luxury-intimate.com\/?s={search_term_string}\"},\"query-input\":{\"@type\":\"PropertyValueSpecification\",\"valueRequired\":true,\"valueName\":\"search_term_string\"}}],\"inLanguage\":\"en-US\"}]}<\/script>\n<!-- \/ Yoast SEO plugin. -->","yoast_head_json":{"title":"Yoni Eggs - Luxury Intimate","robots":{"index":"index","follow":"follow","max-snippet":"max-snippet:-1","max-image-preview":"max-image-preview:large","max-video-preview":"max-video-preview:-1"},"canonical":"https:\/\/luxury-intimate.com\/intimna-nega\/yoni-jajcka\/","og_locale":"en_US","og_type":"article","og_title":"Yoni Eggs - Luxury Intimate","og_description":"YONI means vagina or origin, a sanctuary in Sanskrit, the ancient Indian language. YONI egg has been used by women for millennia to care for sexual energy, the health of your vagina health, and maintaining youth and longevity. When women used it regularly, their vagina and reproductive organs remained in the same condition as when they were young, regardless of their actual age. Originating from the time of wise Chinese spiritual women, White Tigers, and Taoist priestesses, women have been using YONI eggs for over 3.500 years to maintain sexual health and thus prolong their youth, beauty, and vitality. Even as we gradually glide into mature age. The empresses and concubines of the royal palace in China used YONI to access sexual power, awaken the sensuality, and maintain excellent health and beauty in their old age. Until recently, this ancient secret practice was only available to members of the royal family and selected Taoist performers, but today it is slowly spreading to our areas as well. YONI was explicitly designed for women who are facing sagging vaginal muscles and pelvic floor muscles. From a professional point of view, using a YONI works as a kegel exercise to help strengthen this type of muscle. However, from an energy point of view, our ancestors believed that loosening the vaginal muscles opens up a more significant path for our primary energy outflow, taking care of our vitality and youth. With exercising you can help prevent uncontrolled urine leakage (urine stress incontinence)  Increase libido and awaken your sensuality Increase natural moisture at any age Develop an intimate and loving relationship with your YONI, your whole body, and ultimately with yourself Awakening of sexual energy, passion, and libido Reduces the symptoms of menopause Prevents urine leakage Increase sensitivity during intercourse Some moms use YONI eggs to help with postpartum recovery. Gain control of your vaginal muscles Improve your Tantra exercises Some women who use YONI eggs report a reduction in PMS symptoms, menstrual cramps, and menstruation duration. Improve overall health and well-being Retain your vital energy in the body for it to not drain through the relaxed vaginal muscles. YONI's egg is an old, sacred tool for spiritual transformation. Each crystal has unique properties that can affect your body in different ways.","og_url":"https:\/\/luxury-intimate.com\/intimna-nega\/yoni-jajcka\/","og_site_name":"Luxury Intimate","article_modified_time":"2025-04-23T22:00:06+00:00","og_image":[{"width":1001,"height":1001,"url":"https:\/\/luxury-intimate.com\/wp-content\/uploads\/2022\/06\/IMG_6386.jpg","type":"image\/jpeg"}],"twitter_card":"summary_large_image","twitter_misc":{"Est. reading time":"2 minutes"},"schema":{"@context":"https:\/\/schema.org","@graph":[{"@type":"WebPage","@id":"https:\/\/luxury-intimate.com\/intimna-nega\/yoni-jajcka\/","url":"https:\/\/luxury-intimate.com\/intimna-nega\/yoni-jajcka\/","name":"Yoni Eggs - Luxury Intimate","isPartOf":{"@id":"https:\/\/luxury-intimate.com\/#website"},"primaryImageOfPage":{"@id":"https:\/\/luxury-intimate.com\/intimna-nega\/yoni-jajcka\/#primaryimage"},"image":{"@id":"https:\/\/luxury-intimate.com\/intimna-nega\/yoni-jajcka\/#primaryimage"},"thumbnailUrl":"https:\/\/luxury-intimate.com\/wp-content\/uploads\/2022\/06\/IMG_6386.jpg","datePublished":"2022-07-01T08:00:11+00:00","dateModified":"2025-04-23T22:00:06+00:00","breadcrumb":{"@id":"https:\/\/luxury-intimate.com\/intimna-nega\/yoni-jajcka\/#breadcrumb"},"inLanguage":"en-US","potentialAction":[{"@type":"ReadAction","target":["https:\/\/luxury-intimate.com\/intimna-nega\/yoni-jajcka\/"]}]},{"@type":"ImageObject","inLanguage":"en-US","@id":"https:\/\/luxury-intimate.com\/intimna-nega\/yoni-jajcka\/#primaryimage","url":"https:\/\/luxury-intimate.com\/wp-content\/uploads\/2022\/06\/IMG_6386.jpg","contentUrl":"https:\/\/luxury-intimate.com\/wp-content\/uploads\/2022\/06\/IMG_6386.jpg","width":1001,"height":1001,"caption":"Yoni jaj\u010dka 8"},{"@type":"BreadcrumbList","@id":"https:\/\/luxury-intimate.com\/intimna-nega\/yoni-jajcka\/#breadcrumb","itemListElement":[{"@type":"ListItem","position":1,"name":"Home","item":"https:\/\/luxury-intimate.com\/en\/"},{"@type":"ListItem","position":2,"name":"Shop","item":"https:\/\/luxury-intimate.com\/en\/shop\/"},{"@type":"ListItem","position":3,"name":"Yoni Eggs"}]},{"@type":"WebSite","@id":"https:\/\/luxury-intimate.com\/#website","url":"https:\/\/luxury-intimate.com\/","name":"Luxury Intimate","description":"Li Quandisa","potentialAction":[{"@type":"SearchAction","target":{"@type":"EntryPoint","urlTemplate":"https:\/\/luxury-intimate.com\/?s={search_term_string}"},"query-input":{"@type":"PropertyValueSpecification","valueRequired":true,"valueName":"search_term_string"}}],"inLanguage":"en-US"}]}},"_links":{"self":[{"href":"https:\/\/luxury-intimate.com\/en\/wp-json\/wp\/v2\/product\/13001","targetHints":{"allow":["GET"]}}],"collection":[{"href":"https:\/\/luxury-intimate.com\/en\/wp-json\/wp\/v2\/product"}],"about":[{"href":"https:\/\/luxury-intimate.com\/en\/wp-json\/wp\/v2\/types\/product"}],"wp:featuredmedia":[{"embeddable":true,"href":"https:\/\/luxury-intimate.com\/en\/wp-json\/wp\/v2\/media\/7940"}],"wp:attachment":[{"href":"https:\/\/luxury-intimate.com\/en\/wp-json\/wp\/v2\/media?parent=13001"}],"wp:term":[{"taxonomy":"product_brand","embeddable":true,"href":"https:\/\/luxury-intimate.com\/en\/wp-json\/wp\/v2\/product_brand?post=13001"},{"taxonomy":"product_cat","embeddable":true,"href":"https:\/\/luxury-intimate.com\/en\/wp-json\/wp\/v2\/product_cat?post=13001"},{"taxonomy":"product_tag","embeddable":true,"href":"https:\/\/luxury-intimate.com\/en\/wp-json\/wp\/v2\/product_tag?post=13001"}],"curies":[{"name":"wp","href":"https:\/\/api.w.org\/{rel}","templated":true}]}}