{"id":24893,"date":"2022-06-10T10:00:47","date_gmt":"2022-06-10T08:00:47","guid":{"rendered":"https:\/\/luxury-intimate.com\/uncategorized\/hagia-sophia-diseca-sveca-velika\/"},"modified":"2024-11-22T12:44:35","modified_gmt":"2024-11-22T10:44:35","slug":"hagia-sophia-diseca-sveca-velika","status":"publish","type":"product","link":"https:\/\/luxury-intimate.com\/en\/intimnost-doma-en\/hagia-sophia-diseca-sveca-velika\/","title":{"rendered":"HAGIA SOPHIA di\u0161e\u010da sve\u010da velika"},"content":{"rendered":"","protected":false},"excerpt":{"rendered":"<p>Odkrijte skrivnostne arome Istanbula in pustite, da vam misli odtavajo v misti\u010dni orientalski svet. Na\u0161e potovanje se za\u010dne na \u017eivahnih ulicah pisanega bazarja in njihovem o\u010darljivem vonju bergamotke, za\u010dinjene z zelenim kardamomom, \u010drnim poprom in \u017eafranom, ki se zlije v zapeljive cvetli\u010dne vonje. Ob koncu dneva, ko zahajajo\u010de sonce razsvetli to \u010darobno mesto nad Bosporjem in se dan prevesi v no\u010d, obalni veter po ulicah razna\u0161a sladke arome vanilije in atla\u0161ke cedre. Ta bogata, sladka in razko\u0161na me\u0161anica nas popelje na mesto, kjer se prepletajo kulture zahoda in vzhoda.   <\/p>\n<ul>\n<li>Zgornje note: Bergamotka, Zeleni kardamom, \u010crni poper<\/li>\n<li>Srednje note: Bela ro\u017ea, \u017dafran<\/li>\n<li>Spodnje note: Vanilija, Atla\u0161ka cedra, Gvajak<\/li>\n<\/ul>\n<p>Ro\u010dno narejene v Sloveniji, iz naravnega sojinega voska, bomba\u017enih stenjev in izbranih di\u0161av iz Francije. Vsebujejo me\u0161anico mletih kristalov, ki blagodejno vplivajo na na\u0161e po\u010dutje in \u010distijo prostor. <\/p>\n<ul>\n<li>Te\u017ea: 250g<\/li>\n<li>Premer: 7,8 cm<\/li>\n<li>Vi\u0161ina: 10 cm<\/li>\n<li>\u010cas gorenja: 50 ur<\/li>\n<li>Primerna za ve\u010dje prostore (15-30m2)<\/li>\n<li>Pakirana v elegantno embala\u017eo<\/li>\n<\/ul>\n","protected":false},"featured_media":21847,"template":"","meta":{"_acf_changed":false,"inline_featured_image":false},"product_brand":[],"product_cat":[71],"product_tag":[],"class_list":{"0":"post-24893","1":"product","2":"type-product","3":"status-publish","4":"has-post-thumbnail","6":"product_cat-intimnost-doma-en","8":"first","9":"instock","10":"taxable","11":"shipping-taxable","12":"purchasable","13":"product-type-simple"},"acf":[],"yoast_head":"<!-- This site is optimized with the Yoast SEO plugin v27.1.1 - https:\/\/yoast.com\/product\/yoast-seo-wordpress\/ -->\n<title>HAGIA SOPHIA di\u0161e\u010da sve\u010da velika - Luxury Intimate<\/title>\n<meta name=\"robots\" content=\"index, follow, max-snippet:-1, max-image-preview:large, max-video-preview:-1\" \/>\n<link rel=\"canonical\" href=\"https:\/\/luxury-intimate.com\/intimnost-doma\/hagia-sophia\/\" \/>\n<meta property=\"og:locale\" content=\"en_US\" \/>\n<meta property=\"og:type\" content=\"article\" \/>\n<meta property=\"og:title\" content=\"HAGIA SOPHIA di\u0161e\u010da sve\u010da velika - Luxury Intimate\" \/>\n<meta property=\"og:description\" content=\"Odkrijte skrivnostne arome Istanbula in pustite, da vam misli odtavajo v misti\u010dni orientalski svet. Na\u0161e potovanje se za\u010dne na \u017eivahnih ulicah pisanega bazarja in njihovem o\u010darljivem vonju bergamotke, za\u010dinjene z zelenim kardamomom, \u010drnim poprom in \u017eafranom, ki se zlije v zapeljive cvetli\u010dne vonje. Ob koncu dneva, ko zahajajo\u010de sonce razsvetli to \u010darobno mesto nad Bosporjem in se dan prevesi v no\u010d, obalni veter po ulicah razna\u0161a sladke arome vanilije in atla\u0161ke cedre. Ta bogata, sladka in razko\u0161na me\u0161anica nas popelje na mesto, kjer se prepletajo kulture zahoda in vzhoda.    Zgornje note: Bergamotka, Zeleni kardamom, \u010crni poper  Srednje note: Bela ro\u017ea, \u017dafran  Spodnje note: Vanilija, Atla\u0161ka cedra, Gvajak Ro\u010dno narejene v Sloveniji, iz naravnega sojinega voska, bomba\u017enih stenjev in izbranih di\u0161av iz Francije. Vsebujejo me\u0161anico mletih kristalov, ki blagodejno vplivajo na na\u0161e po\u010dutje in \u010distijo prostor.   Te\u017ea: 250g  Premer: 7,8 cm  Vi\u0161ina: 10 cm  \u010cas gorenja: 50 ur  Primerna za ve\u010dje prostore (15-30m2)  Pakirana v elegantno embala\u017eo\" \/>\n<meta property=\"og:url\" content=\"https:\/\/luxury-intimate.com\/intimnost-doma\/hagia-sophia\/\" \/>\n<meta property=\"og:site_name\" content=\"Luxury Intimate\" \/>\n<meta property=\"article:modified_time\" content=\"2024-11-22T10:44:35+00:00\" \/>\n<meta property=\"og:image\" content=\"https:\/\/luxury-intimate.com\/wp-content\/uploads\/2024\/04\/MOCK-UP-HAGIA-SOPHIA-e1645797505899.png\" \/>\n\t<meta property=\"og:image:width\" content=\"1012\" \/>\n\t<meta property=\"og:image:height\" content=\"940\" \/>\n\t<meta property=\"og:image:type\" content=\"image\/png\" \/>\n<meta name=\"twitter:card\" content=\"summary_large_image\" \/>\n<script type=\"application\/ld+json\" class=\"yoast-schema-graph\">{\"@context\":\"https:\/\/schema.org\",\"@graph\":[{\"@type\":\"WebPage\",\"@id\":\"https:\/\/luxury-intimate.com\/intimnost-doma\/hagia-sophia\/\",\"url\":\"https:\/\/luxury-intimate.com\/intimnost-doma\/hagia-sophia\/\",\"name\":\"HAGIA SOPHIA di\u0161e\u010da sve\u010da velika - Luxury Intimate\",\"isPartOf\":{\"@id\":\"https:\/\/luxury-intimate.com\/#website\"},\"primaryImageOfPage\":{\"@id\":\"https:\/\/luxury-intimate.com\/intimnost-doma\/hagia-sophia\/#primaryimage\"},\"image\":{\"@id\":\"https:\/\/luxury-intimate.com\/intimnost-doma\/hagia-sophia\/#primaryimage\"},\"thumbnailUrl\":\"https:\/\/luxury-intimate.com\/wp-content\/uploads\/2024\/04\/MOCK-UP-HAGIA-SOPHIA-e1645797505899.png\",\"datePublished\":\"2022-06-10T08:00:47+00:00\",\"dateModified\":\"2024-11-22T10:44:35+00:00\",\"breadcrumb\":{\"@id\":\"https:\/\/luxury-intimate.com\/intimnost-doma\/hagia-sophia\/#breadcrumb\"},\"inLanguage\":\"en-US\",\"potentialAction\":[{\"@type\":\"ReadAction\",\"target\":[\"https:\/\/luxury-intimate.com\/intimnost-doma\/hagia-sophia\/\"]}]},{\"@type\":\"ImageObject\",\"inLanguage\":\"en-US\",\"@id\":\"https:\/\/luxury-intimate.com\/intimnost-doma\/hagia-sophia\/#primaryimage\",\"url\":\"https:\/\/luxury-intimate.com\/wp-content\/uploads\/2024\/04\/MOCK-UP-HAGIA-SOPHIA-e1645797505899.png\",\"contentUrl\":\"https:\/\/luxury-intimate.com\/wp-content\/uploads\/2024\/04\/MOCK-UP-HAGIA-SOPHIA-e1645797505899.png\",\"width\":1012,\"height\":940},{\"@type\":\"BreadcrumbList\",\"@id\":\"https:\/\/luxury-intimate.com\/intimnost-doma\/hagia-sophia\/#breadcrumb\",\"itemListElement\":[{\"@type\":\"ListItem\",\"position\":1,\"name\":\"Home\",\"item\":\"https:\/\/luxury-intimate.com\/en\/\"},{\"@type\":\"ListItem\",\"position\":2,\"name\":\"Shop\",\"item\":\"https:\/\/luxury-intimate.com\/en\/shop\/\"},{\"@type\":\"ListItem\",\"position\":3,\"name\":\"HAGIA SOPHIA di\u0161e\u010da sve\u010da velika\"}]},{\"@type\":\"WebSite\",\"@id\":\"https:\/\/luxury-intimate.com\/#website\",\"url\":\"https:\/\/luxury-intimate.com\/\",\"name\":\"Luxury Intimate\",\"description\":\"Li Quandisa\",\"potentialAction\":[{\"@type\":\"SearchAction\",\"target\":{\"@type\":\"EntryPoint\",\"urlTemplate\":\"https:\/\/luxury-intimate.com\/?s={search_term_string}\"},\"query-input\":{\"@type\":\"PropertyValueSpecification\",\"valueRequired\":true,\"valueName\":\"search_term_string\"}}],\"inLanguage\":\"en-US\"}]}<\/script>\n<!-- \/ Yoast SEO plugin. -->","yoast_head_json":{"title":"HAGIA SOPHIA di\u0161e\u010da sve\u010da velika - Luxury Intimate","robots":{"index":"index","follow":"follow","max-snippet":"max-snippet:-1","max-image-preview":"max-image-preview:large","max-video-preview":"max-video-preview:-1"},"canonical":"https:\/\/luxury-intimate.com\/intimnost-doma\/hagia-sophia\/","og_locale":"en_US","og_type":"article","og_title":"HAGIA SOPHIA di\u0161e\u010da sve\u010da velika - Luxury Intimate","og_description":"Odkrijte skrivnostne arome Istanbula in pustite, da vam misli odtavajo v misti\u010dni orientalski svet. Na\u0161e potovanje se za\u010dne na \u017eivahnih ulicah pisanega bazarja in njihovem o\u010darljivem vonju bergamotke, za\u010dinjene z zelenim kardamomom, \u010drnim poprom in \u017eafranom, ki se zlije v zapeljive cvetli\u010dne vonje. Ob koncu dneva, ko zahajajo\u010de sonce razsvetli to \u010darobno mesto nad Bosporjem in se dan prevesi v no\u010d, obalni veter po ulicah razna\u0161a sladke arome vanilije in atla\u0161ke cedre. Ta bogata, sladka in razko\u0161na me\u0161anica nas popelje na mesto, kjer se prepletajo kulture zahoda in vzhoda.    Zgornje note: Bergamotka, Zeleni kardamom, \u010crni poper  Srednje note: Bela ro\u017ea, \u017dafran  Spodnje note: Vanilija, Atla\u0161ka cedra, Gvajak Ro\u010dno narejene v Sloveniji, iz naravnega sojinega voska, bomba\u017enih stenjev in izbranih di\u0161av iz Francije. Vsebujejo me\u0161anico mletih kristalov, ki blagodejno vplivajo na na\u0161e po\u010dutje in \u010distijo prostor.   Te\u017ea: 250g  Premer: 7,8 cm  Vi\u0161ina: 10 cm  \u010cas gorenja: 50 ur  Primerna za ve\u010dje prostore (15-30m2)  Pakirana v elegantno embala\u017eo","og_url":"https:\/\/luxury-intimate.com\/intimnost-doma\/hagia-sophia\/","og_site_name":"Luxury Intimate","article_modified_time":"2024-11-22T10:44:35+00:00","og_image":[{"width":1012,"height":940,"url":"https:\/\/luxury-intimate.com\/wp-content\/uploads\/2024\/04\/MOCK-UP-HAGIA-SOPHIA-e1645797505899.png","type":"image\/png"}],"twitter_card":"summary_large_image","schema":{"@context":"https:\/\/schema.org","@graph":[{"@type":"WebPage","@id":"https:\/\/luxury-intimate.com\/intimnost-doma\/hagia-sophia\/","url":"https:\/\/luxury-intimate.com\/intimnost-doma\/hagia-sophia\/","name":"HAGIA SOPHIA di\u0161e\u010da sve\u010da velika - Luxury Intimate","isPartOf":{"@id":"https:\/\/luxury-intimate.com\/#website"},"primaryImageOfPage":{"@id":"https:\/\/luxury-intimate.com\/intimnost-doma\/hagia-sophia\/#primaryimage"},"image":{"@id":"https:\/\/luxury-intimate.com\/intimnost-doma\/hagia-sophia\/#primaryimage"},"thumbnailUrl":"https:\/\/luxury-intimate.com\/wp-content\/uploads\/2024\/04\/MOCK-UP-HAGIA-SOPHIA-e1645797505899.png","datePublished":"2022-06-10T08:00:47+00:00","dateModified":"2024-11-22T10:44:35+00:00","breadcrumb":{"@id":"https:\/\/luxury-intimate.com\/intimnost-doma\/hagia-sophia\/#breadcrumb"},"inLanguage":"en-US","potentialAction":[{"@type":"ReadAction","target":["https:\/\/luxury-intimate.com\/intimnost-doma\/hagia-sophia\/"]}]},{"@type":"ImageObject","inLanguage":"en-US","@id":"https:\/\/luxury-intimate.com\/intimnost-doma\/hagia-sophia\/#primaryimage","url":"https:\/\/luxury-intimate.com\/wp-content\/uploads\/2024\/04\/MOCK-UP-HAGIA-SOPHIA-e1645797505899.png","contentUrl":"https:\/\/luxury-intimate.com\/wp-content\/uploads\/2024\/04\/MOCK-UP-HAGIA-SOPHIA-e1645797505899.png","width":1012,"height":940},{"@type":"BreadcrumbList","@id":"https:\/\/luxury-intimate.com\/intimnost-doma\/hagia-sophia\/#breadcrumb","itemListElement":[{"@type":"ListItem","position":1,"name":"Home","item":"https:\/\/luxury-intimate.com\/en\/"},{"@type":"ListItem","position":2,"name":"Shop","item":"https:\/\/luxury-intimate.com\/en\/shop\/"},{"@type":"ListItem","position":3,"name":"HAGIA SOPHIA di\u0161e\u010da sve\u010da velika"}]},{"@type":"WebSite","@id":"https:\/\/luxury-intimate.com\/#website","url":"https:\/\/luxury-intimate.com\/","name":"Luxury Intimate","description":"Li Quandisa","potentialAction":[{"@type":"SearchAction","target":{"@type":"EntryPoint","urlTemplate":"https:\/\/luxury-intimate.com\/?s={search_term_string}"},"query-input":{"@type":"PropertyValueSpecification","valueRequired":true,"valueName":"search_term_string"}}],"inLanguage":"en-US"}]}},"_links":{"self":[{"href":"https:\/\/luxury-intimate.com\/en\/wp-json\/wp\/v2\/product\/24893","targetHints":{"allow":["GET"]}}],"collection":[{"href":"https:\/\/luxury-intimate.com\/en\/wp-json\/wp\/v2\/product"}],"about":[{"href":"https:\/\/luxury-intimate.com\/en\/wp-json\/wp\/v2\/types\/product"}],"wp:featuredmedia":[{"embeddable":true,"href":"https:\/\/luxury-intimate.com\/en\/wp-json\/wp\/v2\/media\/21847"}],"wp:attachment":[{"href":"https:\/\/luxury-intimate.com\/en\/wp-json\/wp\/v2\/media?parent=24893"}],"wp:term":[{"taxonomy":"product_brand","embeddable":true,"href":"https:\/\/luxury-intimate.com\/en\/wp-json\/wp\/v2\/product_brand?post=24893"},{"taxonomy":"product_cat","embeddable":true,"href":"https:\/\/luxury-intimate.com\/en\/wp-json\/wp\/v2\/product_cat?post=24893"},{"taxonomy":"product_tag","embeddable":true,"href":"https:\/\/luxury-intimate.com\/en\/wp-json\/wp\/v2\/product_tag?post=24893"}],"curies":[{"name":"wp","href":"https:\/\/api.w.org\/{rel}","templated":true}]}}