{"id":25009,"date":"2022-06-10T09:58:22","date_gmt":"2022-06-10T07:58:22","guid":{"rendered":"https:\/\/luxury-intimate.com\/uncategorized\/prsilo-za-dom-hagia-sophia\/"},"modified":"2024-11-23T13:10:54","modified_gmt":"2024-11-23T11:10:54","slug":"prsilo-za-dom-hagia-sophia","status":"publish","type":"product","link":"https:\/\/luxury-intimate.com\/en\/intimnost-doma-en\/prsilo-za-dom-hagia-sophia\/","title":{"rendered":"PR\u0160ILO ZA DOM HAGIA SOPHIA"},"content":{"rendered":"","protected":false},"excerpt":{"rendered":"<p>Pr\u0161ilo za dom Hagia Sophia je di\u0161ava v spreju, ki bo va\u0161 dom navdala z eleganco in misti\u010dnostjo orientalskega sveta. Odvisno od velikosti prostora izdelek nekajkrat popr\u0161ite okoli sebe; \u017ee z manj\u0161o koli\u010dino parfuma lahko popolnoma odi\u0161avite svoj prostor. Pr\u0161ilo ne pu\u0161\u010da made\u017eev.<\/p>\n<ul>\n<li>Zgornje note: Bergamotka, Zeleni kardamom, \u010crni poper<\/li>\n<li>Srednje note: Bela ro\u017ea, \u017dafran<\/li>\n<li>Spodnje note: Vanilija, Atla\u0161ka cedra, Gvajak<\/li>\n<\/ul>\n<ul>\n<li>Volumen: 50ml<\/li>\n<li>Premer: 3,5 cm<\/li>\n<li>Vi\u0161ina: 13 cm<\/li>\n<li>Pakirano v stekleni\u010dko z razpr\u0161ilom<\/li>\n<li>Narejeno v Sloveniji<\/li>\n<\/ul>\n","protected":false},"featured_media":21864,"template":"","meta":{"_acf_changed":false,"inline_featured_image":false},"product_brand":[],"product_cat":[71],"product_tag":[],"class_list":{"0":"post-25009","1":"product","2":"type-product","3":"status-publish","4":"has-post-thumbnail","6":"product_cat-intimnost-doma-en","8":"first","9":"instock","10":"taxable","11":"shipping-taxable","12":"purchasable","13":"product-type-simple"},"acf":[],"yoast_head":"<!-- This site is optimized with the Yoast SEO plugin v27.1.1 - https:\/\/yoast.com\/product\/yoast-seo-wordpress\/ -->\n<title>PR\u0160ILO ZA DOM HAGIA SOPHIA - Luxury Intimate<\/title>\n<meta name=\"robots\" content=\"index, follow, max-snippet:-1, max-image-preview:large, max-video-preview:-1\" \/>\n<link rel=\"canonical\" href=\"https:\/\/luxury-intimate.com\/intimnost-doma\/prsilo-za-dom-hagia-sophia\/\" \/>\n<meta property=\"og:locale\" content=\"en_US\" \/>\n<meta property=\"og:type\" content=\"article\" \/>\n<meta property=\"og:title\" content=\"PR\u0160ILO ZA DOM HAGIA SOPHIA - Luxury Intimate\" \/>\n<meta property=\"og:description\" content=\"Pr\u0161ilo za dom Hagia Sophia je di\u0161ava v spreju, ki bo va\u0161 dom navdala z eleganco in misti\u010dnostjo orientalskega sveta. Odvisno od velikosti prostora izdelek nekajkrat popr\u0161ite okoli sebe; \u017ee z manj\u0161o koli\u010dino parfuma lahko popolnoma odi\u0161avite svoj prostor. Pr\u0161ilo ne pu\u0161\u010da made\u017eev.    Zgornje note: Bergamotka, Zeleni kardamom, \u010crni poper  Srednje note: Bela ro\u017ea, \u017dafran  Spodnje note: Vanilija, Atla\u0161ka cedra, Gvajak   Volumen: 50ml  Premer: 3,5 cm  Vi\u0161ina: 13 cm  Pakirano v stekleni\u010dko z razpr\u0161ilom  Narejeno v Sloveniji\" \/>\n<meta property=\"og:url\" content=\"https:\/\/luxury-intimate.com\/intimnost-doma\/prsilo-za-dom-hagia-sophia\/\" \/>\n<meta property=\"og:site_name\" content=\"Luxury Intimate\" \/>\n<meta property=\"article:modified_time\" content=\"2024-11-23T11:10:54+00:00\" \/>\n<meta property=\"og:image\" content=\"https:\/\/luxury-intimate.com\/wp-content\/uploads\/2024\/04\/Prsilo-za-dom-Hagia-Sophia-mock-up-e1652862922168.png\" \/>\n\t<meta property=\"og:image:width\" content=\"1200\" \/>\n\t<meta property=\"og:image:height\" content=\"848\" \/>\n\t<meta property=\"og:image:type\" content=\"image\/png\" \/>\n<meta name=\"twitter:card\" content=\"summary_large_image\" \/>\n<script type=\"application\/ld+json\" class=\"yoast-schema-graph\">{\"@context\":\"https:\/\/schema.org\",\"@graph\":[{\"@type\":\"WebPage\",\"@id\":\"https:\/\/luxury-intimate.com\/intimnost-doma\/prsilo-za-dom-hagia-sophia\/\",\"url\":\"https:\/\/luxury-intimate.com\/intimnost-doma\/prsilo-za-dom-hagia-sophia\/\",\"name\":\"PR\u0160ILO ZA DOM HAGIA SOPHIA - Luxury Intimate\",\"isPartOf\":{\"@id\":\"https:\/\/luxury-intimate.com\/#website\"},\"primaryImageOfPage\":{\"@id\":\"https:\/\/luxury-intimate.com\/intimnost-doma\/prsilo-za-dom-hagia-sophia\/#primaryimage\"},\"image\":{\"@id\":\"https:\/\/luxury-intimate.com\/intimnost-doma\/prsilo-za-dom-hagia-sophia\/#primaryimage\"},\"thumbnailUrl\":\"https:\/\/luxury-intimate.com\/wp-content\/uploads\/2024\/04\/Prsilo-za-dom-Hagia-Sophia-mock-up-e1652862922168.png\",\"datePublished\":\"2022-06-10T07:58:22+00:00\",\"dateModified\":\"2024-11-23T11:10:54+00:00\",\"breadcrumb\":{\"@id\":\"https:\/\/luxury-intimate.com\/intimnost-doma\/prsilo-za-dom-hagia-sophia\/#breadcrumb\"},\"inLanguage\":\"en-US\",\"potentialAction\":[{\"@type\":\"ReadAction\",\"target\":[\"https:\/\/luxury-intimate.com\/intimnost-doma\/prsilo-za-dom-hagia-sophia\/\"]}]},{\"@type\":\"ImageObject\",\"inLanguage\":\"en-US\",\"@id\":\"https:\/\/luxury-intimate.com\/intimnost-doma\/prsilo-za-dom-hagia-sophia\/#primaryimage\",\"url\":\"https:\/\/luxury-intimate.com\/wp-content\/uploads\/2024\/04\/Prsilo-za-dom-Hagia-Sophia-mock-up-e1652862922168.png\",\"contentUrl\":\"https:\/\/luxury-intimate.com\/wp-content\/uploads\/2024\/04\/Prsilo-za-dom-Hagia-Sophia-mock-up-e1652862922168.png\",\"width\":1200,\"height\":848},{\"@type\":\"BreadcrumbList\",\"@id\":\"https:\/\/luxury-intimate.com\/intimnost-doma\/prsilo-za-dom-hagia-sophia\/#breadcrumb\",\"itemListElement\":[{\"@type\":\"ListItem\",\"position\":1,\"name\":\"Home\",\"item\":\"https:\/\/luxury-intimate.com\/en\/\"},{\"@type\":\"ListItem\",\"position\":2,\"name\":\"Shop\",\"item\":\"https:\/\/luxury-intimate.com\/en\/shop\/\"},{\"@type\":\"ListItem\",\"position\":3,\"name\":\"PR\u0160ILO ZA DOM HAGIA SOPHIA\"}]},{\"@type\":\"WebSite\",\"@id\":\"https:\/\/luxury-intimate.com\/#website\",\"url\":\"https:\/\/luxury-intimate.com\/\",\"name\":\"Luxury Intimate\",\"description\":\"Li Quandisa\",\"potentialAction\":[{\"@type\":\"SearchAction\",\"target\":{\"@type\":\"EntryPoint\",\"urlTemplate\":\"https:\/\/luxury-intimate.com\/?s={search_term_string}\"},\"query-input\":{\"@type\":\"PropertyValueSpecification\",\"valueRequired\":true,\"valueName\":\"search_term_string\"}}],\"inLanguage\":\"en-US\"}]}<\/script>\n<!-- \/ Yoast SEO plugin. -->","yoast_head_json":{"title":"PR\u0160ILO ZA DOM HAGIA SOPHIA - Luxury Intimate","robots":{"index":"index","follow":"follow","max-snippet":"max-snippet:-1","max-image-preview":"max-image-preview:large","max-video-preview":"max-video-preview:-1"},"canonical":"https:\/\/luxury-intimate.com\/intimnost-doma\/prsilo-za-dom-hagia-sophia\/","og_locale":"en_US","og_type":"article","og_title":"PR\u0160ILO ZA DOM HAGIA SOPHIA - Luxury Intimate","og_description":"Pr\u0161ilo za dom Hagia Sophia je di\u0161ava v spreju, ki bo va\u0161 dom navdala z eleganco in misti\u010dnostjo orientalskega sveta. Odvisno od velikosti prostora izdelek nekajkrat popr\u0161ite okoli sebe; \u017ee z manj\u0161o koli\u010dino parfuma lahko popolnoma odi\u0161avite svoj prostor. Pr\u0161ilo ne pu\u0161\u010da made\u017eev.    Zgornje note: Bergamotka, Zeleni kardamom, \u010crni poper  Srednje note: Bela ro\u017ea, \u017dafran  Spodnje note: Vanilija, Atla\u0161ka cedra, Gvajak   Volumen: 50ml  Premer: 3,5 cm  Vi\u0161ina: 13 cm  Pakirano v stekleni\u010dko z razpr\u0161ilom  Narejeno v Sloveniji","og_url":"https:\/\/luxury-intimate.com\/intimnost-doma\/prsilo-za-dom-hagia-sophia\/","og_site_name":"Luxury Intimate","article_modified_time":"2024-11-23T11:10:54+00:00","og_image":[{"width":1200,"height":848,"url":"https:\/\/luxury-intimate.com\/wp-content\/uploads\/2024\/04\/Prsilo-za-dom-Hagia-Sophia-mock-up-e1652862922168.png","type":"image\/png"}],"twitter_card":"summary_large_image","schema":{"@context":"https:\/\/schema.org","@graph":[{"@type":"WebPage","@id":"https:\/\/luxury-intimate.com\/intimnost-doma\/prsilo-za-dom-hagia-sophia\/","url":"https:\/\/luxury-intimate.com\/intimnost-doma\/prsilo-za-dom-hagia-sophia\/","name":"PR\u0160ILO ZA DOM HAGIA SOPHIA - Luxury Intimate","isPartOf":{"@id":"https:\/\/luxury-intimate.com\/#website"},"primaryImageOfPage":{"@id":"https:\/\/luxury-intimate.com\/intimnost-doma\/prsilo-za-dom-hagia-sophia\/#primaryimage"},"image":{"@id":"https:\/\/luxury-intimate.com\/intimnost-doma\/prsilo-za-dom-hagia-sophia\/#primaryimage"},"thumbnailUrl":"https:\/\/luxury-intimate.com\/wp-content\/uploads\/2024\/04\/Prsilo-za-dom-Hagia-Sophia-mock-up-e1652862922168.png","datePublished":"2022-06-10T07:58:22+00:00","dateModified":"2024-11-23T11:10:54+00:00","breadcrumb":{"@id":"https:\/\/luxury-intimate.com\/intimnost-doma\/prsilo-za-dom-hagia-sophia\/#breadcrumb"},"inLanguage":"en-US","potentialAction":[{"@type":"ReadAction","target":["https:\/\/luxury-intimate.com\/intimnost-doma\/prsilo-za-dom-hagia-sophia\/"]}]},{"@type":"ImageObject","inLanguage":"en-US","@id":"https:\/\/luxury-intimate.com\/intimnost-doma\/prsilo-za-dom-hagia-sophia\/#primaryimage","url":"https:\/\/luxury-intimate.com\/wp-content\/uploads\/2024\/04\/Prsilo-za-dom-Hagia-Sophia-mock-up-e1652862922168.png","contentUrl":"https:\/\/luxury-intimate.com\/wp-content\/uploads\/2024\/04\/Prsilo-za-dom-Hagia-Sophia-mock-up-e1652862922168.png","width":1200,"height":848},{"@type":"BreadcrumbList","@id":"https:\/\/luxury-intimate.com\/intimnost-doma\/prsilo-za-dom-hagia-sophia\/#breadcrumb","itemListElement":[{"@type":"ListItem","position":1,"name":"Home","item":"https:\/\/luxury-intimate.com\/en\/"},{"@type":"ListItem","position":2,"name":"Shop","item":"https:\/\/luxury-intimate.com\/en\/shop\/"},{"@type":"ListItem","position":3,"name":"PR\u0160ILO ZA DOM HAGIA SOPHIA"}]},{"@type":"WebSite","@id":"https:\/\/luxury-intimate.com\/#website","url":"https:\/\/luxury-intimate.com\/","name":"Luxury Intimate","description":"Li Quandisa","potentialAction":[{"@type":"SearchAction","target":{"@type":"EntryPoint","urlTemplate":"https:\/\/luxury-intimate.com\/?s={search_term_string}"},"query-input":{"@type":"PropertyValueSpecification","valueRequired":true,"valueName":"search_term_string"}}],"inLanguage":"en-US"}]}},"_links":{"self":[{"href":"https:\/\/luxury-intimate.com\/en\/wp-json\/wp\/v2\/product\/25009","targetHints":{"allow":["GET"]}}],"collection":[{"href":"https:\/\/luxury-intimate.com\/en\/wp-json\/wp\/v2\/product"}],"about":[{"href":"https:\/\/luxury-intimate.com\/en\/wp-json\/wp\/v2\/types\/product"}],"wp:featuredmedia":[{"embeddable":true,"href":"https:\/\/luxury-intimate.com\/en\/wp-json\/wp\/v2\/media\/21864"}],"wp:attachment":[{"href":"https:\/\/luxury-intimate.com\/en\/wp-json\/wp\/v2\/media?parent=25009"}],"wp:term":[{"taxonomy":"product_brand","embeddable":true,"href":"https:\/\/luxury-intimate.com\/en\/wp-json\/wp\/v2\/product_brand?post=25009"},{"taxonomy":"product_cat","embeddable":true,"href":"https:\/\/luxury-intimate.com\/en\/wp-json\/wp\/v2\/product_cat?post=25009"},{"taxonomy":"product_tag","embeddable":true,"href":"https:\/\/luxury-intimate.com\/en\/wp-json\/wp\/v2\/product_tag?post=25009"}],"curies":[{"name":"wp","href":"https:\/\/api.w.org\/{rel}","templated":true}]}}