{"id":25013,"date":"2022-06-09T09:59:13","date_gmt":"2022-06-09T07:59:13","guid":{"rendered":"https:\/\/luxury-intimate.com\/uncategorized\/potovalna-diseca-sveca-chartres\/"},"modified":"2024-11-23T13:15:19","modified_gmt":"2024-11-23T11:15:19","slug":"potovalna-diseca-sveca-chartres","status":"publish","type":"product","link":"https:\/\/luxury-intimate.com\/en\/intimnost-doma-en\/potovalna-diseca-sveca-chartres\/","title":{"rendered":"POTOVALNA DI\u0160E\u010cA SVE\u010cA CHARTRES"},"content":{"rendered":"","protected":false},"excerpt":{"rendered":"<p>Odpotujte v Francijo in se sprehodite po mogo\u010dni gotski katedrali. Ob\u010dutite njeno veli\u010dastnost in skrivnostnost, ujeto pod skeletnimi oboki, ki se vzpenjajo proti nebu. Tam zgoraj svetloba razposajeno pronica skozi barvna okna, se zliva v njeno notranjost in ne\u017eno le\u017ee na kamnita tla. Barvna okna \u2013 rozete \u2013 so dobile ime po svoji obliki \u2013 cvetu vrtnice in prav v vrtnici smo na\u0161li navdih za na\u0161o sve\u010do. Sve\u017ee cvetli\u010dne note vrtnice, jasmina in tuberoze, ki se zlivajo v kombinacijo sladkih, toplih lesnih arom bodo v va\u0161 dom prinesle sve\u017eino in prijetno vzdu\u0161je.    <\/p>\n<ul>\n<li>Zgornje note: Ylang-Ylang, Zelene note<\/li>\n<li>Srednje note: Vrtnica, Jasmin, Tuberoza<\/li>\n<li>Spodnje note: Vanilija, Kokos<\/li>\n<\/ul>\n<p>Ro\u010dno narejene v Sloveniji, iz naravnega sojinega voska, bomba\u017enih stenjev in izbranih di\u0161av iz Francije. Vsebujejo me\u0161anico mletih kristalov, ki blagodejno vplivajo na na\u0161e po\u010dutje in \u010distijo prostor. <\/p>\n<ul>\n<li>Te\u017ea: 180g<\/li>\n<li>Premer: 7,5 cm<\/li>\n<li>Vi\u0161ina: 6,8 cm<\/li>\n<li>\u010cas gorenja: 35 ur<\/li>\n<li>Primerna tudi za manj\u0161e prostore (10-30 m2)<\/li>\n<\/ul>\n","protected":false},"featured_media":21843,"template":"","meta":{"_acf_changed":false,"inline_featured_image":false},"product_brand":[],"product_cat":[71],"product_tag":[],"class_list":{"0":"post-25013","1":"product","2":"type-product","3":"status-publish","4":"has-post-thumbnail","6":"product_cat-intimnost-doma-en","8":"first","9":"instock","10":"taxable","11":"shipping-taxable","12":"purchasable","13":"product-type-simple"},"acf":[],"yoast_head":"<!-- This site is optimized with the Yoast SEO plugin v27.1.1 - https:\/\/yoast.com\/product\/yoast-seo-wordpress\/ -->\n<title>POTOVALNA DI\u0160E\u010cA SVE\u010cA CHARTRES - Luxury Intimate<\/title>\n<meta name=\"robots\" content=\"index, follow, max-snippet:-1, max-image-preview:large, max-video-preview:-1\" \/>\n<link rel=\"canonical\" href=\"https:\/\/luxury-intimate.com\/intimnost-doma\/potovalna-diseca-sveca-chartres\/\" \/>\n<meta property=\"og:locale\" content=\"en_US\" \/>\n<meta property=\"og:type\" content=\"article\" \/>\n<meta property=\"og:title\" content=\"POTOVALNA DI\u0160E\u010cA SVE\u010cA CHARTRES - Luxury Intimate\" \/>\n<meta property=\"og:description\" content=\"Odpotujte v Francijo in se sprehodite po mogo\u010dni gotski katedrali. Ob\u010dutite njeno veli\u010dastnost in skrivnostnost, ujeto pod skeletnimi oboki, ki se vzpenjajo proti nebu. Tam zgoraj svetloba razposajeno pronica skozi barvna okna, se zliva v njeno notranjost in ne\u017eno le\u017ee na kamnita tla. Barvna okna \u2013 rozete \u2013 so dobile ime po svoji obliki \u2013 cvetu vrtnice in prav v vrtnici smo na\u0161li navdih za na\u0161o sve\u010do. Sve\u017ee cvetli\u010dne note vrtnice, jasmina in tuberoze, ki se zlivajo v kombinacijo sladkih, toplih lesnih arom bodo v va\u0161 dom prinesle sve\u017eino in prijetno vzdu\u0161je.    Zgornje note: Ylang-Ylang, Zelene note  Srednje note: Vrtnica, Jasmin, Tuberoza  Spodnje note: Vanilija, Kokos Ro\u010dno narejene v Sloveniji, iz naravnega sojinega voska, bomba\u017enih stenjev in izbranih di\u0161av iz Francije. Vsebujejo me\u0161anico mletih kristalov, ki blagodejno vplivajo na na\u0161e po\u010dutje in \u010distijo prostor.   Te\u017ea: 180g  Premer: 7,5 cm  Vi\u0161ina: 6,8 cm  \u010cas gorenja: 35 ur  Primerna tudi za manj\u0161e prostore (10-30 m2)\" \/>\n<meta property=\"og:url\" content=\"https:\/\/luxury-intimate.com\/intimnost-doma\/potovalna-diseca-sveca-chartres\/\" \/>\n<meta property=\"og:site_name\" content=\"Luxury Intimate\" \/>\n<meta property=\"article:modified_time\" content=\"2024-11-23T11:15:19+00:00\" \/>\n<meta property=\"og:image\" content=\"https:\/\/luxury-intimate.com\/wp-content\/uploads\/2024\/04\/Chartres-mala-scaled-e1638434060984.jpg\" \/>\n\t<meta property=\"og:image:width\" content=\"1068\" \/>\n\t<meta property=\"og:image:height\" content=\"1061\" \/>\n\t<meta property=\"og:image:type\" content=\"image\/jpeg\" \/>\n<meta name=\"twitter:card\" content=\"summary_large_image\" \/>\n<script type=\"application\/ld+json\" class=\"yoast-schema-graph\">{\"@context\":\"https:\/\/schema.org\",\"@graph\":[{\"@type\":\"WebPage\",\"@id\":\"https:\/\/luxury-intimate.com\/intimnost-doma\/potovalna-diseca-sveca-chartres\/\",\"url\":\"https:\/\/luxury-intimate.com\/intimnost-doma\/potovalna-diseca-sveca-chartres\/\",\"name\":\"POTOVALNA DI\u0160E\u010cA SVE\u010cA CHARTRES - Luxury Intimate\",\"isPartOf\":{\"@id\":\"https:\/\/luxury-intimate.com\/#website\"},\"primaryImageOfPage\":{\"@id\":\"https:\/\/luxury-intimate.com\/intimnost-doma\/potovalna-diseca-sveca-chartres\/#primaryimage\"},\"image\":{\"@id\":\"https:\/\/luxury-intimate.com\/intimnost-doma\/potovalna-diseca-sveca-chartres\/#primaryimage\"},\"thumbnailUrl\":\"https:\/\/luxury-intimate.com\/wp-content\/uploads\/2024\/04\/Chartres-mala-scaled-e1638434060984.jpg\",\"datePublished\":\"2022-06-09T07:59:13+00:00\",\"dateModified\":\"2024-11-23T11:15:19+00:00\",\"breadcrumb\":{\"@id\":\"https:\/\/luxury-intimate.com\/intimnost-doma\/potovalna-diseca-sveca-chartres\/#breadcrumb\"},\"inLanguage\":\"en-US\",\"potentialAction\":[{\"@type\":\"ReadAction\",\"target\":[\"https:\/\/luxury-intimate.com\/intimnost-doma\/potovalna-diseca-sveca-chartres\/\"]}]},{\"@type\":\"ImageObject\",\"inLanguage\":\"en-US\",\"@id\":\"https:\/\/luxury-intimate.com\/intimnost-doma\/potovalna-diseca-sveca-chartres\/#primaryimage\",\"url\":\"https:\/\/luxury-intimate.com\/wp-content\/uploads\/2024\/04\/Chartres-mala-scaled-e1638434060984.jpg\",\"contentUrl\":\"https:\/\/luxury-intimate.com\/wp-content\/uploads\/2024\/04\/Chartres-mala-scaled-e1638434060984.jpg\",\"width\":1068,\"height\":1061},{\"@type\":\"BreadcrumbList\",\"@id\":\"https:\/\/luxury-intimate.com\/intimnost-doma\/potovalna-diseca-sveca-chartres\/#breadcrumb\",\"itemListElement\":[{\"@type\":\"ListItem\",\"position\":1,\"name\":\"Home\",\"item\":\"https:\/\/luxury-intimate.com\/en\/\"},{\"@type\":\"ListItem\",\"position\":2,\"name\":\"Shop\",\"item\":\"https:\/\/luxury-intimate.com\/en\/shop\/\"},{\"@type\":\"ListItem\",\"position\":3,\"name\":\"POTOVALNA DI\u0160E\u010cA SVE\u010cA CHARTRES\"}]},{\"@type\":\"WebSite\",\"@id\":\"https:\/\/luxury-intimate.com\/#website\",\"url\":\"https:\/\/luxury-intimate.com\/\",\"name\":\"Luxury Intimate\",\"description\":\"Li Quandisa\",\"potentialAction\":[{\"@type\":\"SearchAction\",\"target\":{\"@type\":\"EntryPoint\",\"urlTemplate\":\"https:\/\/luxury-intimate.com\/?s={search_term_string}\"},\"query-input\":{\"@type\":\"PropertyValueSpecification\",\"valueRequired\":true,\"valueName\":\"search_term_string\"}}],\"inLanguage\":\"en-US\"}]}<\/script>\n<!-- \/ Yoast SEO plugin. -->","yoast_head_json":{"title":"POTOVALNA DI\u0160E\u010cA SVE\u010cA CHARTRES - Luxury Intimate","robots":{"index":"index","follow":"follow","max-snippet":"max-snippet:-1","max-image-preview":"max-image-preview:large","max-video-preview":"max-video-preview:-1"},"canonical":"https:\/\/luxury-intimate.com\/intimnost-doma\/potovalna-diseca-sveca-chartres\/","og_locale":"en_US","og_type":"article","og_title":"POTOVALNA DI\u0160E\u010cA SVE\u010cA CHARTRES - Luxury Intimate","og_description":"Odpotujte v Francijo in se sprehodite po mogo\u010dni gotski katedrali. Ob\u010dutite njeno veli\u010dastnost in skrivnostnost, ujeto pod skeletnimi oboki, ki se vzpenjajo proti nebu. Tam zgoraj svetloba razposajeno pronica skozi barvna okna, se zliva v njeno notranjost in ne\u017eno le\u017ee na kamnita tla. Barvna okna \u2013 rozete \u2013 so dobile ime po svoji obliki \u2013 cvetu vrtnice in prav v vrtnici smo na\u0161li navdih za na\u0161o sve\u010do. Sve\u017ee cvetli\u010dne note vrtnice, jasmina in tuberoze, ki se zlivajo v kombinacijo sladkih, toplih lesnih arom bodo v va\u0161 dom prinesle sve\u017eino in prijetno vzdu\u0161je.    Zgornje note: Ylang-Ylang, Zelene note  Srednje note: Vrtnica, Jasmin, Tuberoza  Spodnje note: Vanilija, Kokos Ro\u010dno narejene v Sloveniji, iz naravnega sojinega voska, bomba\u017enih stenjev in izbranih di\u0161av iz Francije. Vsebujejo me\u0161anico mletih kristalov, ki blagodejno vplivajo na na\u0161e po\u010dutje in \u010distijo prostor.   Te\u017ea: 180g  Premer: 7,5 cm  Vi\u0161ina: 6,8 cm  \u010cas gorenja: 35 ur  Primerna tudi za manj\u0161e prostore (10-30 m2)","og_url":"https:\/\/luxury-intimate.com\/intimnost-doma\/potovalna-diseca-sveca-chartres\/","og_site_name":"Luxury Intimate","article_modified_time":"2024-11-23T11:15:19+00:00","og_image":[{"width":1068,"height":1061,"url":"https:\/\/luxury-intimate.com\/wp-content\/uploads\/2024\/04\/Chartres-mala-scaled-e1638434060984.jpg","type":"image\/jpeg"}],"twitter_card":"summary_large_image","schema":{"@context":"https:\/\/schema.org","@graph":[{"@type":"WebPage","@id":"https:\/\/luxury-intimate.com\/intimnost-doma\/potovalna-diseca-sveca-chartres\/","url":"https:\/\/luxury-intimate.com\/intimnost-doma\/potovalna-diseca-sveca-chartres\/","name":"POTOVALNA DI\u0160E\u010cA SVE\u010cA CHARTRES - Luxury Intimate","isPartOf":{"@id":"https:\/\/luxury-intimate.com\/#website"},"primaryImageOfPage":{"@id":"https:\/\/luxury-intimate.com\/intimnost-doma\/potovalna-diseca-sveca-chartres\/#primaryimage"},"image":{"@id":"https:\/\/luxury-intimate.com\/intimnost-doma\/potovalna-diseca-sveca-chartres\/#primaryimage"},"thumbnailUrl":"https:\/\/luxury-intimate.com\/wp-content\/uploads\/2024\/04\/Chartres-mala-scaled-e1638434060984.jpg","datePublished":"2022-06-09T07:59:13+00:00","dateModified":"2024-11-23T11:15:19+00:00","breadcrumb":{"@id":"https:\/\/luxury-intimate.com\/intimnost-doma\/potovalna-diseca-sveca-chartres\/#breadcrumb"},"inLanguage":"en-US","potentialAction":[{"@type":"ReadAction","target":["https:\/\/luxury-intimate.com\/intimnost-doma\/potovalna-diseca-sveca-chartres\/"]}]},{"@type":"ImageObject","inLanguage":"en-US","@id":"https:\/\/luxury-intimate.com\/intimnost-doma\/potovalna-diseca-sveca-chartres\/#primaryimage","url":"https:\/\/luxury-intimate.com\/wp-content\/uploads\/2024\/04\/Chartres-mala-scaled-e1638434060984.jpg","contentUrl":"https:\/\/luxury-intimate.com\/wp-content\/uploads\/2024\/04\/Chartres-mala-scaled-e1638434060984.jpg","width":1068,"height":1061},{"@type":"BreadcrumbList","@id":"https:\/\/luxury-intimate.com\/intimnost-doma\/potovalna-diseca-sveca-chartres\/#breadcrumb","itemListElement":[{"@type":"ListItem","position":1,"name":"Home","item":"https:\/\/luxury-intimate.com\/en\/"},{"@type":"ListItem","position":2,"name":"Shop","item":"https:\/\/luxury-intimate.com\/en\/shop\/"},{"@type":"ListItem","position":3,"name":"POTOVALNA DI\u0160E\u010cA SVE\u010cA CHARTRES"}]},{"@type":"WebSite","@id":"https:\/\/luxury-intimate.com\/#website","url":"https:\/\/luxury-intimate.com\/","name":"Luxury Intimate","description":"Li Quandisa","potentialAction":[{"@type":"SearchAction","target":{"@type":"EntryPoint","urlTemplate":"https:\/\/luxury-intimate.com\/?s={search_term_string}"},"query-input":{"@type":"PropertyValueSpecification","valueRequired":true,"valueName":"search_term_string"}}],"inLanguage":"en-US"}]}},"_links":{"self":[{"href":"https:\/\/luxury-intimate.com\/en\/wp-json\/wp\/v2\/product\/25013","targetHints":{"allow":["GET"]}}],"collection":[{"href":"https:\/\/luxury-intimate.com\/en\/wp-json\/wp\/v2\/product"}],"about":[{"href":"https:\/\/luxury-intimate.com\/en\/wp-json\/wp\/v2\/types\/product"}],"wp:featuredmedia":[{"embeddable":true,"href":"https:\/\/luxury-intimate.com\/en\/wp-json\/wp\/v2\/media\/21843"}],"wp:attachment":[{"href":"https:\/\/luxury-intimate.com\/en\/wp-json\/wp\/v2\/media?parent=25013"}],"wp:term":[{"taxonomy":"product_brand","embeddable":true,"href":"https:\/\/luxury-intimate.com\/en\/wp-json\/wp\/v2\/product_brand?post=25013"},{"taxonomy":"product_cat","embeddable":true,"href":"https:\/\/luxury-intimate.com\/en\/wp-json\/wp\/v2\/product_cat?post=25013"},{"taxonomy":"product_tag","embeddable":true,"href":"https:\/\/luxury-intimate.com\/en\/wp-json\/wp\/v2\/product_tag?post=25013"}],"curies":[{"name":"wp","href":"https:\/\/api.w.org\/{rel}","templated":true}]}}