{"id":25028,"date":"2023-05-15T12:11:27","date_gmt":"2023-05-15T10:11:27","guid":{"rendered":"https:\/\/luxury-intimate.com\/uncategorized\/paket-parfumskih-kock\/"},"modified":"2024-11-23T13:27:09","modified_gmt":"2024-11-23T11:27:09","slug":"paket-parfumskih-kock","status":"publish","type":"product","link":"https:\/\/luxury-intimate.com\/en\/paketi-en\/paket-parfumskih-kock\/","title":{"rendered":"Paket parfumskih kock"},"content":{"rendered":"","protected":false},"excerpt":{"rendered":"<p>Jasmin + Figa + Jantar<\/p>\n<p>Naj va\u0161e telo ali dom zajame raznovrstnost opojno omamnih di\u0161av, ki vas bodo prevzele vsaka na svoj na\u010din. Misti\u010dna figa vas bo popeljala pod mediteranska polja figovcev, Bo\u017eanski Jasmin, ki cveti le pono\u010di vas bo objel v romanti\u010dno vzdu\u0161je poletnih no\u010di in Jantar, ki vas bo popeljal med ulice Maroka ter vas zasanjal v svet 1001 arabskih no\u010di.<\/p>\n","protected":false},"featured_media":16893,"template":"","meta":{"_acf_changed":false,"inline_featured_image":false},"product_brand":[],"product_cat":[67],"product_tag":[],"class_list":{"0":"post-25028","1":"product","2":"type-product","3":"status-publish","4":"has-post-thumbnail","6":"product_cat-paketi-en","8":"first","9":"instock","10":"sale","11":"taxable","12":"shipping-taxable","13":"purchasable","14":"product-type-simple"},"acf":[],"yoast_head":"<!-- This site is optimized with the Yoast SEO plugin v27.1.1 - https:\/\/yoast.com\/product\/yoast-seo-wordpress\/ -->\n<title>Paket parfumskih kock - Luxury Intimate<\/title>\n<meta name=\"robots\" content=\"index, follow, max-snippet:-1, max-image-preview:large, max-video-preview:-1\" \/>\n<link rel=\"canonical\" href=\"https:\/\/luxury-intimate.com\/darilni-paketi\/paket-kock\/\" \/>\n<meta property=\"og:locale\" content=\"en_US\" \/>\n<meta property=\"og:type\" content=\"article\" \/>\n<meta property=\"og:title\" content=\"Paket parfumskih kock - Luxury Intimate\" \/>\n<meta property=\"og:description\" content=\"Jasmin + Figa + Jantar Naj va\u0161e telo ali dom zajame raznovrstnost opojno omamnih di\u0161av, ki vas bodo prevzele vsaka na svoj na\u010din. Misti\u010dna figa vas bo popeljala pod mediteranska polja figovcev, Bo\u017eanski Jasmin, ki cveti le pono\u010di vas bo objel v romanti\u010dno vzdu\u0161je poletnih no\u010di in Jantar, ki vas bo popeljal med ulice Maroka ter vas zasanjal v svet 1001 arabskih no\u010di.\" \/>\n<meta property=\"og:url\" content=\"https:\/\/luxury-intimate.com\/darilni-paketi\/paket-kock\/\" \/>\n<meta property=\"og:site_name\" content=\"Luxury Intimate\" \/>\n<meta property=\"article:modified_time\" content=\"2024-11-23T11:27:09+00:00\" \/>\n<meta property=\"og:image\" content=\"https:\/\/luxury-intimate.com\/wp-content\/uploads\/2023\/05\/Paket-kock.jpg\" \/>\n\t<meta property=\"og:image:width\" content=\"1080\" \/>\n\t<meta property=\"og:image:height\" content=\"1080\" \/>\n\t<meta property=\"og:image:type\" content=\"image\/jpeg\" \/>\n<meta name=\"twitter:card\" content=\"summary_large_image\" \/>\n<script type=\"application\/ld+json\" class=\"yoast-schema-graph\">{\"@context\":\"https:\/\/schema.org\",\"@graph\":[{\"@type\":\"WebPage\",\"@id\":\"https:\/\/luxury-intimate.com\/darilni-paketi\/paket-kock\/\",\"url\":\"https:\/\/luxury-intimate.com\/darilni-paketi\/paket-kock\/\",\"name\":\"Paket parfumskih kock - Luxury Intimate\",\"isPartOf\":{\"@id\":\"https:\/\/luxury-intimate.com\/#website\"},\"primaryImageOfPage\":{\"@id\":\"https:\/\/luxury-intimate.com\/darilni-paketi\/paket-kock\/#primaryimage\"},\"image\":{\"@id\":\"https:\/\/luxury-intimate.com\/darilni-paketi\/paket-kock\/#primaryimage\"},\"thumbnailUrl\":\"https:\/\/luxury-intimate.com\/wp-content\/uploads\/2023\/05\/Paket-kock.jpg\",\"datePublished\":\"2023-05-15T10:11:27+00:00\",\"dateModified\":\"2024-11-23T11:27:09+00:00\",\"breadcrumb\":{\"@id\":\"https:\/\/luxury-intimate.com\/darilni-paketi\/paket-kock\/#breadcrumb\"},\"inLanguage\":\"en-US\",\"potentialAction\":[{\"@type\":\"ReadAction\",\"target\":[\"https:\/\/luxury-intimate.com\/darilni-paketi\/paket-kock\/\"]}]},{\"@type\":\"ImageObject\",\"inLanguage\":\"en-US\",\"@id\":\"https:\/\/luxury-intimate.com\/darilni-paketi\/paket-kock\/#primaryimage\",\"url\":\"https:\/\/luxury-intimate.com\/wp-content\/uploads\/2023\/05\/Paket-kock.jpg\",\"contentUrl\":\"https:\/\/luxury-intimate.com\/wp-content\/uploads\/2023\/05\/Paket-kock.jpg\",\"width\":1080,\"height\":1080},{\"@type\":\"BreadcrumbList\",\"@id\":\"https:\/\/luxury-intimate.com\/darilni-paketi\/paket-kock\/#breadcrumb\",\"itemListElement\":[{\"@type\":\"ListItem\",\"position\":1,\"name\":\"Home\",\"item\":\"https:\/\/luxury-intimate.com\/en\/\"},{\"@type\":\"ListItem\",\"position\":2,\"name\":\"Shop\",\"item\":\"https:\/\/luxury-intimate.com\/en\/shop\/\"},{\"@type\":\"ListItem\",\"position\":3,\"name\":\"Paket parfumskih kock\"}]},{\"@type\":\"WebSite\",\"@id\":\"https:\/\/luxury-intimate.com\/#website\",\"url\":\"https:\/\/luxury-intimate.com\/\",\"name\":\"Luxury Intimate\",\"description\":\"Li Quandisa\",\"potentialAction\":[{\"@type\":\"SearchAction\",\"target\":{\"@type\":\"EntryPoint\",\"urlTemplate\":\"https:\/\/luxury-intimate.com\/?s={search_term_string}\"},\"query-input\":{\"@type\":\"PropertyValueSpecification\",\"valueRequired\":true,\"valueName\":\"search_term_string\"}}],\"inLanguage\":\"en-US\"}]}<\/script>\n<!-- \/ Yoast SEO plugin. -->","yoast_head_json":{"title":"Paket parfumskih kock - Luxury Intimate","robots":{"index":"index","follow":"follow","max-snippet":"max-snippet:-1","max-image-preview":"max-image-preview:large","max-video-preview":"max-video-preview:-1"},"canonical":"https:\/\/luxury-intimate.com\/darilni-paketi\/paket-kock\/","og_locale":"en_US","og_type":"article","og_title":"Paket parfumskih kock - Luxury Intimate","og_description":"Jasmin + Figa + Jantar Naj va\u0161e telo ali dom zajame raznovrstnost opojno omamnih di\u0161av, ki vas bodo prevzele vsaka na svoj na\u010din. Misti\u010dna figa vas bo popeljala pod mediteranska polja figovcev, Bo\u017eanski Jasmin, ki cveti le pono\u010di vas bo objel v romanti\u010dno vzdu\u0161je poletnih no\u010di in Jantar, ki vas bo popeljal med ulice Maroka ter vas zasanjal v svet 1001 arabskih no\u010di.","og_url":"https:\/\/luxury-intimate.com\/darilni-paketi\/paket-kock\/","og_site_name":"Luxury Intimate","article_modified_time":"2024-11-23T11:27:09+00:00","og_image":[{"width":1080,"height":1080,"url":"https:\/\/luxury-intimate.com\/wp-content\/uploads\/2023\/05\/Paket-kock.jpg","type":"image\/jpeg"}],"twitter_card":"summary_large_image","schema":{"@context":"https:\/\/schema.org","@graph":[{"@type":"WebPage","@id":"https:\/\/luxury-intimate.com\/darilni-paketi\/paket-kock\/","url":"https:\/\/luxury-intimate.com\/darilni-paketi\/paket-kock\/","name":"Paket parfumskih kock - Luxury Intimate","isPartOf":{"@id":"https:\/\/luxury-intimate.com\/#website"},"primaryImageOfPage":{"@id":"https:\/\/luxury-intimate.com\/darilni-paketi\/paket-kock\/#primaryimage"},"image":{"@id":"https:\/\/luxury-intimate.com\/darilni-paketi\/paket-kock\/#primaryimage"},"thumbnailUrl":"https:\/\/luxury-intimate.com\/wp-content\/uploads\/2023\/05\/Paket-kock.jpg","datePublished":"2023-05-15T10:11:27+00:00","dateModified":"2024-11-23T11:27:09+00:00","breadcrumb":{"@id":"https:\/\/luxury-intimate.com\/darilni-paketi\/paket-kock\/#breadcrumb"},"inLanguage":"en-US","potentialAction":[{"@type":"ReadAction","target":["https:\/\/luxury-intimate.com\/darilni-paketi\/paket-kock\/"]}]},{"@type":"ImageObject","inLanguage":"en-US","@id":"https:\/\/luxury-intimate.com\/darilni-paketi\/paket-kock\/#primaryimage","url":"https:\/\/luxury-intimate.com\/wp-content\/uploads\/2023\/05\/Paket-kock.jpg","contentUrl":"https:\/\/luxury-intimate.com\/wp-content\/uploads\/2023\/05\/Paket-kock.jpg","width":1080,"height":1080},{"@type":"BreadcrumbList","@id":"https:\/\/luxury-intimate.com\/darilni-paketi\/paket-kock\/#breadcrumb","itemListElement":[{"@type":"ListItem","position":1,"name":"Home","item":"https:\/\/luxury-intimate.com\/en\/"},{"@type":"ListItem","position":2,"name":"Shop","item":"https:\/\/luxury-intimate.com\/en\/shop\/"},{"@type":"ListItem","position":3,"name":"Paket parfumskih kock"}]},{"@type":"WebSite","@id":"https:\/\/luxury-intimate.com\/#website","url":"https:\/\/luxury-intimate.com\/","name":"Luxury Intimate","description":"Li Quandisa","potentialAction":[{"@type":"SearchAction","target":{"@type":"EntryPoint","urlTemplate":"https:\/\/luxury-intimate.com\/?s={search_term_string}"},"query-input":{"@type":"PropertyValueSpecification","valueRequired":true,"valueName":"search_term_string"}}],"inLanguage":"en-US"}]}},"_links":{"self":[{"href":"https:\/\/luxury-intimate.com\/en\/wp-json\/wp\/v2\/product\/25028","targetHints":{"allow":["GET"]}}],"collection":[{"href":"https:\/\/luxury-intimate.com\/en\/wp-json\/wp\/v2\/product"}],"about":[{"href":"https:\/\/luxury-intimate.com\/en\/wp-json\/wp\/v2\/types\/product"}],"wp:featuredmedia":[{"embeddable":true,"href":"https:\/\/luxury-intimate.com\/en\/wp-json\/wp\/v2\/media\/16893"}],"wp:attachment":[{"href":"https:\/\/luxury-intimate.com\/en\/wp-json\/wp\/v2\/media?parent=25028"}],"wp:term":[{"taxonomy":"product_brand","embeddable":true,"href":"https:\/\/luxury-intimate.com\/en\/wp-json\/wp\/v2\/product_brand?post=25028"},{"taxonomy":"product_cat","embeddable":true,"href":"https:\/\/luxury-intimate.com\/en\/wp-json\/wp\/v2\/product_cat?post=25028"},{"taxonomy":"product_tag","embeddable":true,"href":"https:\/\/luxury-intimate.com\/en\/wp-json\/wp\/v2\/product_tag?post=25028"}],"curies":[{"name":"wp","href":"https:\/\/api.w.org\/{rel}","templated":true}]}}