{"id":13880,"date":"2026-02-25T12:20:48","date_gmt":"2026-02-25T10:20:48","guid":{"rendered":"https:\/\/luxury-intimate.com\/nekategorizirano\/li-quandisa-40ml\/"},"modified":"2024-06-09T08:34:41","modified_gmt":"2024-06-09T06:34:41","slug":"li-quandisa-40ml","status":"publish","type":"product","link":"https:\/\/luxury-intimate.com\/hr\/intimna-njega\/li-quandisa-40ml\/","title":{"rendered":"Intimno ulje Li Quandisa 40ml"},"content":{"rendered":"<p style=\"font-weight: 400\">Za vse, ki \u017eelite razvajati sebe ali svoje najbli\u017eje. Intimno olje za naravno nego in ohranjanje zdrave Ph flore v posebej razko\u0161ni darilni embala\u017ei.<\/p>\n<p style=\"font-weight: 400\">Olje je 100 % naravnega izvora in je u\u017eitno. Primerno za dekleta in \u017eenske vseh generacij. Po olju naj posegajo tudi mo\u0161ki, saj bodo z uporabo pripomogli k lastni negi in ohranjanju zdravja partnerke ali partnerja.<\/p>\n","protected":false},"excerpt":{"rendered":"<p>Za sve koji \u017eelite razmaziti sebe ili svoje najdra\u017ee. Intimno ulje za prirodnu njegu i odr\u017eavanje zdrave pH flore u posebno luksuznom poklon pakiranju.<\/p>\n<p>Ulje je 100 % prirodno i jestivo. Primjereno za djevojke i \u017eene svih generacija. Mu\u0161karci bi tako\u0111er trebali koristiti ulje jer \u0107e njegovo kori\u0161tenje pomo\u0107i u vlastitoj njezi i o\u010duvanju zdravlja partnerice ili partnera.<\/p>\n","protected":false},"featured_media":13718,"template":"","meta":{"_acf_changed":false,"inline_featured_image":false},"product_brand":[],"product_cat":[59],"product_tag":[],"class_list":{"0":"post-13880","1":"product","2":"type-product","3":"status-publish","4":"has-post-thumbnail","6":"product_cat-intimna-njega","8":"first","9":"instock","10":"featured","11":"taxable","12":"shipping-taxable","13":"purchasable","14":"product-type-simple"},"acf":[],"yoast_head":"<!-- This site is optimized with the Yoast SEO plugin v27.1.1 - https:\/\/yoast.com\/product\/yoast-seo-wordpress\/ -->\n<title>Intimno ulje Li Quandisa 40ml - Luxury Intimate<\/title>\n<meta name=\"robots\" content=\"index, follow, max-snippet:-1, max-image-preview:large, max-video-preview:-1\" \/>\n<link rel=\"canonical\" href=\"https:\/\/luxury-intimate.com\/intimna-nega\/li-quandisa-40ml-bf\/\" \/>\n<meta property=\"og:locale\" content=\"hr_HR\" \/>\n<meta property=\"og:type\" content=\"article\" \/>\n<meta property=\"og:title\" content=\"Intimno ulje Li Quandisa 40ml - Luxury Intimate\" \/>\n<meta property=\"og:description\" content=\"Za sve koji \u017eelite razmaziti sebe ili svoje najdra\u017ee. Intimno ulje za prirodnu njegu i odr\u017eavanje zdrave pH flore u posebno luksuznom poklon pakiranju.  Ulje je 100 % prirodno i jestivo. Primjereno za djevojke i \u017eene svih generacija. Mu\u0161karci bi tako\u0111er trebali koristiti ulje jer \u0107e njegovo kori\u0161tenje pomo\u0107i u vlastitoj njezi i o\u010duvanju zdravlja partnerice ili partnera.\" \/>\n<meta property=\"og:url\" content=\"https:\/\/luxury-intimate.com\/intimna-nega\/li-quandisa-40ml-bf\/\" \/>\n<meta property=\"og:site_name\" content=\"Luxury Intimate\" \/>\n<meta property=\"og:image\" content=\"https:\/\/luxury-intimate.com\/wp-content\/uploads\/2022\/06\/40-ml-V-SKATLJICI_SQ_1000px.jpg\" \/>\n\t<meta property=\"og:image:width\" content=\"1000\" \/>\n\t<meta property=\"og:image:height\" content=\"1000\" \/>\n\t<meta property=\"og:image:type\" content=\"image\/jpeg\" \/>\n<meta name=\"twitter:card\" content=\"summary_large_image\" \/>\n<meta name=\"twitter:label1\" content=\"Procijenjeno vrijeme \u010ditanja\" \/>\n\t<meta name=\"twitter:data1\" content=\"1 minuta\" \/>\n<script type=\"application\/ld+json\" class=\"yoast-schema-graph\">{\"@context\":\"https:\/\/schema.org\",\"@graph\":[{\"@type\":\"WebPage\",\"@id\":\"https:\/\/luxury-intimate.com\/intimna-nega\/li-quandisa-40ml-bf\/\",\"url\":\"https:\/\/luxury-intimate.com\/intimna-nega\/li-quandisa-40ml-bf\/\",\"name\":\"Intimno ulje Li Quandisa 40ml - Luxury Intimate\",\"isPartOf\":{\"@id\":\"https:\/\/luxury-intimate.com\/#website\"},\"primaryImageOfPage\":{\"@id\":\"https:\/\/luxury-intimate.com\/intimna-nega\/li-quandisa-40ml-bf\/#primaryimage\"},\"image\":{\"@id\":\"https:\/\/luxury-intimate.com\/intimna-nega\/li-quandisa-40ml-bf\/#primaryimage\"},\"thumbnailUrl\":\"https:\/\/luxury-intimate.com\/wp-content\/uploads\/2022\/06\/40-ml-V-SKATLJICI_SQ_1000px.jpg\",\"datePublished\":\"2026-02-25T10:20:48+00:00\",\"breadcrumb\":{\"@id\":\"https:\/\/luxury-intimate.com\/intimna-nega\/li-quandisa-40ml-bf\/#breadcrumb\"},\"inLanguage\":\"hr\",\"potentialAction\":[{\"@type\":\"ReadAction\",\"target\":[\"https:\/\/luxury-intimate.com\/intimna-nega\/li-quandisa-40ml-bf\/\"]}]},{\"@type\":\"ImageObject\",\"inLanguage\":\"hr\",\"@id\":\"https:\/\/luxury-intimate.com\/intimna-nega\/li-quandisa-40ml-bf\/#primaryimage\",\"url\":\"https:\/\/luxury-intimate.com\/wp-content\/uploads\/2022\/06\/40-ml-V-SKATLJICI_SQ_1000px.jpg\",\"contentUrl\":\"https:\/\/luxury-intimate.com\/wp-content\/uploads\/2022\/06\/40-ml-V-SKATLJICI_SQ_1000px.jpg\",\"width\":1000,\"height\":1000,\"caption\":\"Li Quandisa 40ml 7\"},{\"@type\":\"BreadcrumbList\",\"@id\":\"https:\/\/luxury-intimate.com\/intimna-nega\/li-quandisa-40ml-bf\/#breadcrumb\",\"itemListElement\":[{\"@type\":\"ListItem\",\"position\":1,\"name\":\"Home\",\"item\":\"https:\/\/luxury-intimate.com\/hr\/\"},{\"@type\":\"ListItem\",\"position\":2,\"name\":\"Shop\",\"item\":\"https:\/\/luxury-intimate.com\/hr\/shop\/\"},{\"@type\":\"ListItem\",\"position\":3,\"name\":\"Intimno ulje Li Quandisa 40ml\"}]},{\"@type\":\"WebSite\",\"@id\":\"https:\/\/luxury-intimate.com\/#website\",\"url\":\"https:\/\/luxury-intimate.com\/\",\"name\":\"Luxury Intimate\",\"description\":\"Li Quandisa\",\"potentialAction\":[{\"@type\":\"SearchAction\",\"target\":{\"@type\":\"EntryPoint\",\"urlTemplate\":\"https:\/\/luxury-intimate.com\/?s={search_term_string}\"},\"query-input\":{\"@type\":\"PropertyValueSpecification\",\"valueRequired\":true,\"valueName\":\"search_term_string\"}}],\"inLanguage\":\"hr\"}]}<\/script>\n<!-- \/ Yoast SEO plugin. -->","yoast_head_json":{"title":"Intimno ulje Li Quandisa 40ml - Luxury Intimate","robots":{"index":"index","follow":"follow","max-snippet":"max-snippet:-1","max-image-preview":"max-image-preview:large","max-video-preview":"max-video-preview:-1"},"canonical":"https:\/\/luxury-intimate.com\/intimna-nega\/li-quandisa-40ml-bf\/","og_locale":"hr_HR","og_type":"article","og_title":"Intimno ulje Li Quandisa 40ml - Luxury Intimate","og_description":"Za sve koji \u017eelite razmaziti sebe ili svoje najdra\u017ee. Intimno ulje za prirodnu njegu i odr\u017eavanje zdrave pH flore u posebno luksuznom poklon pakiranju.  Ulje je 100 % prirodno i jestivo. Primjereno za djevojke i \u017eene svih generacija. Mu\u0161karci bi tako\u0111er trebali koristiti ulje jer \u0107e njegovo kori\u0161tenje pomo\u0107i u vlastitoj njezi i o\u010duvanju zdravlja partnerice ili partnera.","og_url":"https:\/\/luxury-intimate.com\/intimna-nega\/li-quandisa-40ml-bf\/","og_site_name":"Luxury Intimate","og_image":[{"width":1000,"height":1000,"url":"https:\/\/luxury-intimate.com\/wp-content\/uploads\/2022\/06\/40-ml-V-SKATLJICI_SQ_1000px.jpg","type":"image\/jpeg"}],"twitter_card":"summary_large_image","twitter_misc":{"Procijenjeno vrijeme \u010ditanja":"1 minuta"},"schema":{"@context":"https:\/\/schema.org","@graph":[{"@type":"WebPage","@id":"https:\/\/luxury-intimate.com\/intimna-nega\/li-quandisa-40ml-bf\/","url":"https:\/\/luxury-intimate.com\/intimna-nega\/li-quandisa-40ml-bf\/","name":"Intimno ulje Li Quandisa 40ml - Luxury Intimate","isPartOf":{"@id":"https:\/\/luxury-intimate.com\/#website"},"primaryImageOfPage":{"@id":"https:\/\/luxury-intimate.com\/intimna-nega\/li-quandisa-40ml-bf\/#primaryimage"},"image":{"@id":"https:\/\/luxury-intimate.com\/intimna-nega\/li-quandisa-40ml-bf\/#primaryimage"},"thumbnailUrl":"https:\/\/luxury-intimate.com\/wp-content\/uploads\/2022\/06\/40-ml-V-SKATLJICI_SQ_1000px.jpg","datePublished":"2026-02-25T10:20:48+00:00","breadcrumb":{"@id":"https:\/\/luxury-intimate.com\/intimna-nega\/li-quandisa-40ml-bf\/#breadcrumb"},"inLanguage":"hr","potentialAction":[{"@type":"ReadAction","target":["https:\/\/luxury-intimate.com\/intimna-nega\/li-quandisa-40ml-bf\/"]}]},{"@type":"ImageObject","inLanguage":"hr","@id":"https:\/\/luxury-intimate.com\/intimna-nega\/li-quandisa-40ml-bf\/#primaryimage","url":"https:\/\/luxury-intimate.com\/wp-content\/uploads\/2022\/06\/40-ml-V-SKATLJICI_SQ_1000px.jpg","contentUrl":"https:\/\/luxury-intimate.com\/wp-content\/uploads\/2022\/06\/40-ml-V-SKATLJICI_SQ_1000px.jpg","width":1000,"height":1000,"caption":"Li Quandisa 40ml 7"},{"@type":"BreadcrumbList","@id":"https:\/\/luxury-intimate.com\/intimna-nega\/li-quandisa-40ml-bf\/#breadcrumb","itemListElement":[{"@type":"ListItem","position":1,"name":"Home","item":"https:\/\/luxury-intimate.com\/hr\/"},{"@type":"ListItem","position":2,"name":"Shop","item":"https:\/\/luxury-intimate.com\/hr\/shop\/"},{"@type":"ListItem","position":3,"name":"Intimno ulje Li Quandisa 40ml"}]},{"@type":"WebSite","@id":"https:\/\/luxury-intimate.com\/#website","url":"https:\/\/luxury-intimate.com\/","name":"Luxury Intimate","description":"Li Quandisa","potentialAction":[{"@type":"SearchAction","target":{"@type":"EntryPoint","urlTemplate":"https:\/\/luxury-intimate.com\/?s={search_term_string}"},"query-input":{"@type":"PropertyValueSpecification","valueRequired":true,"valueName":"search_term_string"}}],"inLanguage":"hr"}]}},"_links":{"self":[{"href":"https:\/\/luxury-intimate.com\/hr\/wp-json\/wp\/v2\/product\/13880","targetHints":{"allow":["GET"]}}],"collection":[{"href":"https:\/\/luxury-intimate.com\/hr\/wp-json\/wp\/v2\/product"}],"about":[{"href":"https:\/\/luxury-intimate.com\/hr\/wp-json\/wp\/v2\/types\/product"}],"wp:featuredmedia":[{"embeddable":true,"href":"https:\/\/luxury-intimate.com\/hr\/wp-json\/wp\/v2\/media\/13718"}],"wp:attachment":[{"href":"https:\/\/luxury-intimate.com\/hr\/wp-json\/wp\/v2\/media?parent=13880"}],"wp:term":[{"taxonomy":"product_brand","embeddable":true,"href":"https:\/\/luxury-intimate.com\/hr\/wp-json\/wp\/v2\/product_brand?post=13880"},{"taxonomy":"product_cat","embeddable":true,"href":"https:\/\/luxury-intimate.com\/hr\/wp-json\/wp\/v2\/product_cat?post=13880"},{"taxonomy":"product_tag","embeddable":true,"href":"https:\/\/luxury-intimate.com\/hr\/wp-json\/wp\/v2\/product_tag?post=13880"}],"curies":[{"name":"wp","href":"https:\/\/api.w.org\/{rel}","templated":true}]}}