{"id":13881,"date":"2026-02-27T12:02:49","date_gmt":"2026-02-27T10:02:49","guid":{"rendered":"https:\/\/luxury-intimate.com\/nekategorizirano\/naravna-oljna-disava-hishers\/"},"modified":"2023-04-04T10:18:31","modified_gmt":"2023-04-04T08:18:31","slug":"naravna-oljna-disava-hishers","status":"publish","type":"product","link":"https:\/\/luxury-intimate.com\/hr\/intimna-njega\/naravna-oljna-disava-hishers\/","title":{"rendered":"PRIRODNI INTIMNI ULJNI MIRIS \u2013 His&amp;Hers"},"content":{"rendered":"<p style=\"font-weight: 400\">Di\u0161ava\/mo\u0161us je botani\u010dna me\u0161anica ustvarjena za nego, za\u0161\u010dito, udobje in sve\u017eino intimnih predelov. Intimna di\u0161ava Li Quandisa po mnenju strokovnjakov deluje bolj antisepti\u010dno (protivnetno) in mo\u010dneje nevtralizira neprijetne vonjave, obenem pa naravno odi\u0161avi na\u0161e intimne predele.<\/p>\n<p style=\"font-weight: 400\">Za ponovno vzbuditev strasti in pove\u010danje spolne privla\u010dnosti. Uporaba za\u017eelena tako pri mo\u0161kih kot \u017eenskah. Nanesite ga na va\u0161 intimni predel, kjer si \u017eelite biti poljubljeni.<\/p>\n<p style=\"font-weight: 400\">Mo\u0161us velja tudi za mo\u010dan naravni afrodiziak, ki deluje na oba. Ta prefinjena di\u0161ava je sinonim za zapeljevanje in provokacijo \u010dutov, saj prebudi hormonski sistem.<\/p>\n","protected":false},"excerpt":{"rendered":"<p>Miris\/mo\u0161us je botani\u010dka mje\u0161avina osmi\u0161ljena za njegu, za\u0161titu, ugodu i svje\u017einu intimnih podru\u010dja. Prema rije\u010dima stru\u010dnjaka, intimni miris li Quandisa djeluje vi\u0161e antisepti\u010dki (protuupalno) i ja\u010de neutralizira neugodne mirise, a ujedno prirodno namiri\u0161i na\u0161a intimna podru\u010dja.<\/p>\n<p>Za ponovno bu\u0111enje strasti i pove\u0107anje seksualne privla\u010dnosti. Kori\u0161tenje je po\u017eeljno kod mu\u0161karaca i \u017eena. Nanesite ga na intimno podru\u010dje gdje \u017eelite da vas se ljubi.<\/p>\n<p>Mo\u0161us se tako\u0111er smatra sna\u017enim prirodnim afrodizijakom koji djeluje na mu\u0161karca i \u017eenu. Ovaj profinjeni miris sinonim je zavo\u0111enja i provokacije osjetila jer budi hormonalni sustav.<\/p>\n","protected":false},"featured_media":13684,"template":"","meta":{"_acf_changed":false,"inline_featured_image":false},"product_brand":[],"product_cat":[59],"product_tag":[],"class_list":{"0":"post-13881","1":"product","2":"type-product","3":"status-publish","4":"has-post-thumbnail","6":"product_cat-intimna-njega","8":"first","9":"instock","10":"featured","11":"taxable","12":"shipping-taxable","13":"purchasable","14":"product-type-simple"},"acf":[],"yoast_head":"<!-- This site is optimized with the Yoast SEO plugin v27.1.1 - https:\/\/yoast.com\/product\/yoast-seo-wordpress\/ -->\n<title>PRIRODNI INTIMNI ULJNI MIRIS \u2013 His&amp;Hers - Luxury Intimate<\/title>\n<meta name=\"robots\" content=\"index, follow, max-snippet:-1, max-image-preview:large, max-video-preview:-1\" \/>\n<link rel=\"canonical\" href=\"https:\/\/luxury-intimate.com\/intimna-nega\/li-quadisa-intimni-100-naravna-oljna-disava\/\" \/>\n<meta property=\"og:locale\" content=\"hr_HR\" \/>\n<meta property=\"og:type\" content=\"article\" \/>\n<meta property=\"og:title\" content=\"PRIRODNI INTIMNI ULJNI MIRIS \u2013 His&amp;Hers - Luxury Intimate\" \/>\n<meta property=\"og:description\" content=\"Miris\/mo\u0161us je botani\u010dka mje\u0161avina osmi\u0161ljena za njegu, za\u0161titu, ugodu i svje\u017einu intimnih podru\u010dja. Prema rije\u010dima stru\u010dnjaka, intimni miris li Quandisa djeluje vi\u0161e antisepti\u010dki (protuupalno) i ja\u010de neutralizira neugodne mirise, a ujedno prirodno namiri\u0161i na\u0161a intimna podru\u010dja.  Za ponovno bu\u0111enje strasti i pove\u0107anje seksualne privla\u010dnosti. Kori\u0161tenje je po\u017eeljno kod mu\u0161karaca i \u017eena. Nanesite ga na intimno podru\u010dje gdje \u017eelite da vas se ljubi.  Mo\u0161us se tako\u0111er smatra sna\u017enim prirodnim afrodizijakom koji djeluje na mu\u0161karca i \u017eenu. Ovaj profinjeni miris sinonim je zavo\u0111enja i provokacije osjetila jer budi hormonalni sustav.\" \/>\n<meta property=\"og:url\" content=\"https:\/\/luxury-intimate.com\/intimna-nega\/li-quadisa-intimni-100-naravna-oljna-disava\/\" \/>\n<meta property=\"og:site_name\" content=\"Luxury Intimate\" \/>\n<meta property=\"og:image\" content=\"https:\/\/luxury-intimate.com\/wp-content\/uploads\/2022\/06\/black_fragrance_2.jpg\" \/>\n\t<meta property=\"og:image:width\" content=\"1000\" \/>\n\t<meta property=\"og:image:height\" content=\"1000\" \/>\n\t<meta property=\"og:image:type\" content=\"image\/jpeg\" \/>\n<meta name=\"twitter:card\" content=\"summary_large_image\" \/>\n<meta name=\"twitter:label1\" content=\"Procijenjeno vrijeme \u010ditanja\" \/>\n\t<meta name=\"twitter:data1\" content=\"1 minuta\" \/>\n<script type=\"application\/ld+json\" class=\"yoast-schema-graph\">{\"@context\":\"https:\/\/schema.org\",\"@graph\":[{\"@type\":\"WebPage\",\"@id\":\"https:\/\/luxury-intimate.com\/intimna-nega\/li-quadisa-intimni-100-naravna-oljna-disava\/\",\"url\":\"https:\/\/luxury-intimate.com\/intimna-nega\/li-quadisa-intimni-100-naravna-oljna-disava\/\",\"name\":\"PRIRODNI INTIMNI ULJNI MIRIS \u2013 His&amp;Hers - Luxury Intimate\",\"isPartOf\":{\"@id\":\"https:\/\/luxury-intimate.com\/#website\"},\"primaryImageOfPage\":{\"@id\":\"https:\/\/luxury-intimate.com\/intimna-nega\/li-quadisa-intimni-100-naravna-oljna-disava\/#primaryimage\"},\"image\":{\"@id\":\"https:\/\/luxury-intimate.com\/intimna-nega\/li-quadisa-intimni-100-naravna-oljna-disava\/#primaryimage\"},\"thumbnailUrl\":\"https:\/\/luxury-intimate.com\/wp-content\/uploads\/2022\/06\/black_fragrance_2.jpg\",\"datePublished\":\"2026-02-27T10:02:49+00:00\",\"breadcrumb\":{\"@id\":\"https:\/\/luxury-intimate.com\/intimna-nega\/li-quadisa-intimni-100-naravna-oljna-disava\/#breadcrumb\"},\"inLanguage\":\"hr\",\"potentialAction\":[{\"@type\":\"ReadAction\",\"target\":[\"https:\/\/luxury-intimate.com\/intimna-nega\/li-quadisa-intimni-100-naravna-oljna-disava\/\"]}]},{\"@type\":\"ImageObject\",\"inLanguage\":\"hr\",\"@id\":\"https:\/\/luxury-intimate.com\/intimna-nega\/li-quadisa-intimni-100-naravna-oljna-disava\/#primaryimage\",\"url\":\"https:\/\/luxury-intimate.com\/wp-content\/uploads\/2022\/06\/black_fragrance_2.jpg\",\"contentUrl\":\"https:\/\/luxury-intimate.com\/wp-content\/uploads\/2022\/06\/black_fragrance_2.jpg\",\"width\":1000,\"height\":1000,\"caption\":\"Naravna oljna di\u0161ava - His&amp;Hers 11\"},{\"@type\":\"BreadcrumbList\",\"@id\":\"https:\/\/luxury-intimate.com\/intimna-nega\/li-quadisa-intimni-100-naravna-oljna-disava\/#breadcrumb\",\"itemListElement\":[{\"@type\":\"ListItem\",\"position\":1,\"name\":\"Home\",\"item\":\"https:\/\/luxury-intimate.com\/hr\/\"},{\"@type\":\"ListItem\",\"position\":2,\"name\":\"Shop\",\"item\":\"https:\/\/luxury-intimate.com\/hr\/shop\/\"},{\"@type\":\"ListItem\",\"position\":3,\"name\":\"PRIRODNI INTIMNI ULJNI MIRIS \u2013 His&amp;Hers\"}]},{\"@type\":\"WebSite\",\"@id\":\"https:\/\/luxury-intimate.com\/#website\",\"url\":\"https:\/\/luxury-intimate.com\/\",\"name\":\"Luxury Intimate\",\"description\":\"Li Quandisa\",\"potentialAction\":[{\"@type\":\"SearchAction\",\"target\":{\"@type\":\"EntryPoint\",\"urlTemplate\":\"https:\/\/luxury-intimate.com\/?s={search_term_string}\"},\"query-input\":{\"@type\":\"PropertyValueSpecification\",\"valueRequired\":true,\"valueName\":\"search_term_string\"}}],\"inLanguage\":\"hr\"}]}<\/script>\n<!-- \/ Yoast SEO plugin. -->","yoast_head_json":{"title":"PRIRODNI INTIMNI ULJNI MIRIS \u2013 His&amp;Hers - Luxury Intimate","robots":{"index":"index","follow":"follow","max-snippet":"max-snippet:-1","max-image-preview":"max-image-preview:large","max-video-preview":"max-video-preview:-1"},"canonical":"https:\/\/luxury-intimate.com\/intimna-nega\/li-quadisa-intimni-100-naravna-oljna-disava\/","og_locale":"hr_HR","og_type":"article","og_title":"PRIRODNI INTIMNI ULJNI MIRIS \u2013 His&amp;Hers - Luxury Intimate","og_description":"Miris\/mo\u0161us je botani\u010dka mje\u0161avina osmi\u0161ljena za njegu, za\u0161titu, ugodu i svje\u017einu intimnih podru\u010dja. Prema rije\u010dima stru\u010dnjaka, intimni miris li Quandisa djeluje vi\u0161e antisepti\u010dki (protuupalno) i ja\u010de neutralizira neugodne mirise, a ujedno prirodno namiri\u0161i na\u0161a intimna podru\u010dja.  Za ponovno bu\u0111enje strasti i pove\u0107anje seksualne privla\u010dnosti. Kori\u0161tenje je po\u017eeljno kod mu\u0161karaca i \u017eena. Nanesite ga na intimno podru\u010dje gdje \u017eelite da vas se ljubi.  Mo\u0161us se tako\u0111er smatra sna\u017enim prirodnim afrodizijakom koji djeluje na mu\u0161karca i \u017eenu. Ovaj profinjeni miris sinonim je zavo\u0111enja i provokacije osjetila jer budi hormonalni sustav.","og_url":"https:\/\/luxury-intimate.com\/intimna-nega\/li-quadisa-intimni-100-naravna-oljna-disava\/","og_site_name":"Luxury Intimate","og_image":[{"width":1000,"height":1000,"url":"https:\/\/luxury-intimate.com\/wp-content\/uploads\/2022\/06\/black_fragrance_2.jpg","type":"image\/jpeg"}],"twitter_card":"summary_large_image","twitter_misc":{"Procijenjeno vrijeme \u010ditanja":"1 minuta"},"schema":{"@context":"https:\/\/schema.org","@graph":[{"@type":"WebPage","@id":"https:\/\/luxury-intimate.com\/intimna-nega\/li-quadisa-intimni-100-naravna-oljna-disava\/","url":"https:\/\/luxury-intimate.com\/intimna-nega\/li-quadisa-intimni-100-naravna-oljna-disava\/","name":"PRIRODNI INTIMNI ULJNI MIRIS \u2013 His&amp;Hers - Luxury Intimate","isPartOf":{"@id":"https:\/\/luxury-intimate.com\/#website"},"primaryImageOfPage":{"@id":"https:\/\/luxury-intimate.com\/intimna-nega\/li-quadisa-intimni-100-naravna-oljna-disava\/#primaryimage"},"image":{"@id":"https:\/\/luxury-intimate.com\/intimna-nega\/li-quadisa-intimni-100-naravna-oljna-disava\/#primaryimage"},"thumbnailUrl":"https:\/\/luxury-intimate.com\/wp-content\/uploads\/2022\/06\/black_fragrance_2.jpg","datePublished":"2026-02-27T10:02:49+00:00","breadcrumb":{"@id":"https:\/\/luxury-intimate.com\/intimna-nega\/li-quadisa-intimni-100-naravna-oljna-disava\/#breadcrumb"},"inLanguage":"hr","potentialAction":[{"@type":"ReadAction","target":["https:\/\/luxury-intimate.com\/intimna-nega\/li-quadisa-intimni-100-naravna-oljna-disava\/"]}]},{"@type":"ImageObject","inLanguage":"hr","@id":"https:\/\/luxury-intimate.com\/intimna-nega\/li-quadisa-intimni-100-naravna-oljna-disava\/#primaryimage","url":"https:\/\/luxury-intimate.com\/wp-content\/uploads\/2022\/06\/black_fragrance_2.jpg","contentUrl":"https:\/\/luxury-intimate.com\/wp-content\/uploads\/2022\/06\/black_fragrance_2.jpg","width":1000,"height":1000,"caption":"Naravna oljna di\u0161ava - His&amp;Hers 11"},{"@type":"BreadcrumbList","@id":"https:\/\/luxury-intimate.com\/intimna-nega\/li-quadisa-intimni-100-naravna-oljna-disava\/#breadcrumb","itemListElement":[{"@type":"ListItem","position":1,"name":"Home","item":"https:\/\/luxury-intimate.com\/hr\/"},{"@type":"ListItem","position":2,"name":"Shop","item":"https:\/\/luxury-intimate.com\/hr\/shop\/"},{"@type":"ListItem","position":3,"name":"PRIRODNI INTIMNI ULJNI MIRIS \u2013 His&amp;Hers"}]},{"@type":"WebSite","@id":"https:\/\/luxury-intimate.com\/#website","url":"https:\/\/luxury-intimate.com\/","name":"Luxury Intimate","description":"Li Quandisa","potentialAction":[{"@type":"SearchAction","target":{"@type":"EntryPoint","urlTemplate":"https:\/\/luxury-intimate.com\/?s={search_term_string}"},"query-input":{"@type":"PropertyValueSpecification","valueRequired":true,"valueName":"search_term_string"}}],"inLanguage":"hr"}]}},"_links":{"self":[{"href":"https:\/\/luxury-intimate.com\/hr\/wp-json\/wp\/v2\/product\/13881","targetHints":{"allow":["GET"]}}],"collection":[{"href":"https:\/\/luxury-intimate.com\/hr\/wp-json\/wp\/v2\/product"}],"about":[{"href":"https:\/\/luxury-intimate.com\/hr\/wp-json\/wp\/v2\/types\/product"}],"wp:featuredmedia":[{"embeddable":true,"href":"https:\/\/luxury-intimate.com\/hr\/wp-json\/wp\/v2\/media\/13684"}],"wp:attachment":[{"href":"https:\/\/luxury-intimate.com\/hr\/wp-json\/wp\/v2\/media?parent=13881"}],"wp:term":[{"taxonomy":"product_brand","embeddable":true,"href":"https:\/\/luxury-intimate.com\/hr\/wp-json\/wp\/v2\/product_brand?post=13881"},{"taxonomy":"product_cat","embeddable":true,"href":"https:\/\/luxury-intimate.com\/hr\/wp-json\/wp\/v2\/product_cat?post=13881"},{"taxonomy":"product_tag","embeddable":true,"href":"https:\/\/luxury-intimate.com\/hr\/wp-json\/wp\/v2\/product_tag?post=13881"}],"curies":[{"name":"wp","href":"https:\/\/api.w.org\/{rel}","templated":true}]}}