{"id":13882,"date":"2022-07-01T11:50:01","date_gmt":"2022-07-01T09:50:01","guid":{"rendered":"https:\/\/luxury-intimate.com\/nekategorizirano\/naravno-oljno-milo-150ml\/"},"modified":"2024-06-09T08:34:41","modified_gmt":"2024-06-09T06:34:41","slug":"naravno-oljno-milo-150ml","status":"publish","type":"product","link":"https:\/\/luxury-intimate.com\/hr\/intimna-njega\/naravno-oljno-milo-150ml\/","title":{"rendered":"PRIRODNI INTIMNI ULJNI SAPUN 120 ml"},"content":{"rendered":"<p style=\"font-weight: 400;\">Naravno oljno milo Li Quandisa za umivanje nudi ne\u017eno \u010di\u0161\u010denje in za\u0161\u010dito na intimnem predelu, obenem pa zagotavlja pomirjajo\u010do nego in pomaga prepre\u010diti dra\u017eenje in neudobje.<\/p>\n<p style=\"font-weight: 400;\">Zaradi vsebnosti naravnih sestavin se oljno milo ne peni, dodana olja pa pripomorejo, da po uporabi ne pu\u0161\u010da ob\u010dutka suhosti, le \u010distosti in sve\u017eine, ki traja ves dan.<\/p>\n","protected":false},"excerpt":{"rendered":"<p>Prirodni uljni sapun li Quandisa nudi nje\u017eno \u010di\u0161\u0107enje i za\u0161titu intimnog podru\u010dja, pru\u017eaju\u0107i umiruju\u0107u njegu i poma\u017ee u sprje\u010davanju iritacije i nelagode.<\/p>\n<p>Zbog sadr\u017eaja prirodnih sastojaka uljni sapun se ne pjeni, a dodana ulja poma\u017eu da nakon kori\u0161tenja ne ostane osje\u0107aj suho\u0107e, ve\u0107 samo \u010disto\u0107a i svje\u017eina koja traje cijeli dan.<\/p>\n","protected":false},"featured_media":16477,"template":"","meta":{"_acf_changed":false,"inline_featured_image":false},"product_brand":[],"product_cat":[59],"product_tag":[],"class_list":{"0":"post-13882","1":"product","2":"type-product","3":"status-publish","4":"has-post-thumbnail","6":"product_cat-intimna-njega","8":"first","9":"instock","10":"featured","11":"taxable","12":"shipping-taxable","13":"purchasable","14":"product-type-simple"},"acf":[],"yoast_head":"<!-- This site is optimized with the Yoast SEO plugin v27.1.1 - https:\/\/yoast.com\/product\/yoast-seo-wordpress\/ -->\n<title>PRIRODNI INTIMNI ULJNI SAPUN 120 ml - Luxury Intimate<\/title>\n<meta name=\"robots\" content=\"index, follow, max-snippet:-1, max-image-preview:large, max-video-preview:-1\" \/>\n<link rel=\"canonical\" href=\"https:\/\/luxury-intimate.com\/intimna-nega\/naravno-oljno-milo\/\" \/>\n<meta property=\"og:locale\" content=\"hr_HR\" \/>\n<meta property=\"og:type\" content=\"article\" \/>\n<meta property=\"og:title\" content=\"PRIRODNI INTIMNI ULJNI SAPUN 120 ml - Luxury Intimate\" \/>\n<meta property=\"og:description\" content=\"Prirodni uljni sapun li Quandisa nudi nje\u017eno \u010di\u0161\u0107enje i za\u0161titu intimnog podru\u010dja, pru\u017eaju\u0107i umiruju\u0107u njegu i poma\u017ee u sprje\u010davanju iritacije i nelagode.  Zbog sadr\u017eaja prirodnih sastojaka uljni sapun se ne pjeni, a dodana ulja poma\u017eu da nakon kori\u0161tenja ne ostane osje\u0107aj suho\u0107e, ve\u0107 samo \u010disto\u0107a i svje\u017eina koja traje cijeli dan.\" \/>\n<meta property=\"og:url\" content=\"https:\/\/luxury-intimate.com\/intimna-nega\/naravno-oljno-milo\/\" \/>\n<meta property=\"og:site_name\" content=\"Luxury Intimate\" \/>\n<meta property=\"article:modified_time\" content=\"2024-06-09T06:34:41+00:00\" \/>\n<meta property=\"og:image\" content=\"https:\/\/luxury-intimate.com\/wp-content\/uploads\/2023\/03\/olje.jpg\" \/>\n\t<meta property=\"og:image:width\" content=\"1000\" \/>\n\t<meta property=\"og:image:height\" content=\"1000\" \/>\n\t<meta property=\"og:image:type\" content=\"image\/jpeg\" \/>\n<meta name=\"twitter:card\" content=\"summary_large_image\" \/>\n<meta name=\"twitter:label1\" content=\"Procijenjeno vrijeme \u010ditanja\" \/>\n\t<meta name=\"twitter:data1\" content=\"1 minuta\" \/>\n<script type=\"application\/ld+json\" class=\"yoast-schema-graph\">{\"@context\":\"https:\/\/schema.org\",\"@graph\":[{\"@type\":\"WebPage\",\"@id\":\"https:\/\/luxury-intimate.com\/intimna-nega\/naravno-oljno-milo\/\",\"url\":\"https:\/\/luxury-intimate.com\/intimna-nega\/naravno-oljno-milo\/\",\"name\":\"PRIRODNI INTIMNI ULJNI SAPUN 120 ml - Luxury Intimate\",\"isPartOf\":{\"@id\":\"https:\/\/luxury-intimate.com\/#website\"},\"primaryImageOfPage\":{\"@id\":\"https:\/\/luxury-intimate.com\/intimna-nega\/naravno-oljno-milo\/#primaryimage\"},\"image\":{\"@id\":\"https:\/\/luxury-intimate.com\/intimna-nega\/naravno-oljno-milo\/#primaryimage\"},\"thumbnailUrl\":\"https:\/\/luxury-intimate.com\/wp-content\/uploads\/2023\/03\/olje.jpg\",\"datePublished\":\"2022-07-01T09:50:01+00:00\",\"dateModified\":\"2024-06-09T06:34:41+00:00\",\"breadcrumb\":{\"@id\":\"https:\/\/luxury-intimate.com\/intimna-nega\/naravno-oljno-milo\/#breadcrumb\"},\"inLanguage\":\"hr\",\"potentialAction\":[{\"@type\":\"ReadAction\",\"target\":[\"https:\/\/luxury-intimate.com\/intimna-nega\/naravno-oljno-milo\/\"]}]},{\"@type\":\"ImageObject\",\"inLanguage\":\"hr\",\"@id\":\"https:\/\/luxury-intimate.com\/intimna-nega\/naravno-oljno-milo\/#primaryimage\",\"url\":\"https:\/\/luxury-intimate.com\/wp-content\/uploads\/2023\/03\/olje.jpg\",\"contentUrl\":\"https:\/\/luxury-intimate.com\/wp-content\/uploads\/2023\/03\/olje.jpg\",\"width\":1000,\"height\":1000},{\"@type\":\"BreadcrumbList\",\"@id\":\"https:\/\/luxury-intimate.com\/intimna-nega\/naravno-oljno-milo\/#breadcrumb\",\"itemListElement\":[{\"@type\":\"ListItem\",\"position\":1,\"name\":\"Home\",\"item\":\"https:\/\/luxury-intimate.com\/hr\/\"},{\"@type\":\"ListItem\",\"position\":2,\"name\":\"Shop\",\"item\":\"https:\/\/luxury-intimate.com\/hr\/shop\/\"},{\"@type\":\"ListItem\",\"position\":3,\"name\":\"PRIRODNI INTIMNI ULJNI SAPUN 120 ml\"}]},{\"@type\":\"WebSite\",\"@id\":\"https:\/\/luxury-intimate.com\/#website\",\"url\":\"https:\/\/luxury-intimate.com\/\",\"name\":\"Luxury Intimate\",\"description\":\"Li Quandisa\",\"potentialAction\":[{\"@type\":\"SearchAction\",\"target\":{\"@type\":\"EntryPoint\",\"urlTemplate\":\"https:\/\/luxury-intimate.com\/?s={search_term_string}\"},\"query-input\":{\"@type\":\"PropertyValueSpecification\",\"valueRequired\":true,\"valueName\":\"search_term_string\"}}],\"inLanguage\":\"hr\"}]}<\/script>\n<!-- \/ Yoast SEO plugin. -->","yoast_head_json":{"title":"PRIRODNI INTIMNI ULJNI SAPUN 120 ml - Luxury Intimate","robots":{"index":"index","follow":"follow","max-snippet":"max-snippet:-1","max-image-preview":"max-image-preview:large","max-video-preview":"max-video-preview:-1"},"canonical":"https:\/\/luxury-intimate.com\/intimna-nega\/naravno-oljno-milo\/","og_locale":"hr_HR","og_type":"article","og_title":"PRIRODNI INTIMNI ULJNI SAPUN 120 ml - Luxury Intimate","og_description":"Prirodni uljni sapun li Quandisa nudi nje\u017eno \u010di\u0161\u0107enje i za\u0161titu intimnog podru\u010dja, pru\u017eaju\u0107i umiruju\u0107u njegu i poma\u017ee u sprje\u010davanju iritacije i nelagode.  Zbog sadr\u017eaja prirodnih sastojaka uljni sapun se ne pjeni, a dodana ulja poma\u017eu da nakon kori\u0161tenja ne ostane osje\u0107aj suho\u0107e, ve\u0107 samo \u010disto\u0107a i svje\u017eina koja traje cijeli dan.","og_url":"https:\/\/luxury-intimate.com\/intimna-nega\/naravno-oljno-milo\/","og_site_name":"Luxury Intimate","article_modified_time":"2024-06-09T06:34:41+00:00","og_image":[{"width":1000,"height":1000,"url":"https:\/\/luxury-intimate.com\/wp-content\/uploads\/2023\/03\/olje.jpg","type":"image\/jpeg"}],"twitter_card":"summary_large_image","twitter_misc":{"Procijenjeno vrijeme \u010ditanja":"1 minuta"},"schema":{"@context":"https:\/\/schema.org","@graph":[{"@type":"WebPage","@id":"https:\/\/luxury-intimate.com\/intimna-nega\/naravno-oljno-milo\/","url":"https:\/\/luxury-intimate.com\/intimna-nega\/naravno-oljno-milo\/","name":"PRIRODNI INTIMNI ULJNI SAPUN 120 ml - Luxury Intimate","isPartOf":{"@id":"https:\/\/luxury-intimate.com\/#website"},"primaryImageOfPage":{"@id":"https:\/\/luxury-intimate.com\/intimna-nega\/naravno-oljno-milo\/#primaryimage"},"image":{"@id":"https:\/\/luxury-intimate.com\/intimna-nega\/naravno-oljno-milo\/#primaryimage"},"thumbnailUrl":"https:\/\/luxury-intimate.com\/wp-content\/uploads\/2023\/03\/olje.jpg","datePublished":"2022-07-01T09:50:01+00:00","dateModified":"2024-06-09T06:34:41+00:00","breadcrumb":{"@id":"https:\/\/luxury-intimate.com\/intimna-nega\/naravno-oljno-milo\/#breadcrumb"},"inLanguage":"hr","potentialAction":[{"@type":"ReadAction","target":["https:\/\/luxury-intimate.com\/intimna-nega\/naravno-oljno-milo\/"]}]},{"@type":"ImageObject","inLanguage":"hr","@id":"https:\/\/luxury-intimate.com\/intimna-nega\/naravno-oljno-milo\/#primaryimage","url":"https:\/\/luxury-intimate.com\/wp-content\/uploads\/2023\/03\/olje.jpg","contentUrl":"https:\/\/luxury-intimate.com\/wp-content\/uploads\/2023\/03\/olje.jpg","width":1000,"height":1000},{"@type":"BreadcrumbList","@id":"https:\/\/luxury-intimate.com\/intimna-nega\/naravno-oljno-milo\/#breadcrumb","itemListElement":[{"@type":"ListItem","position":1,"name":"Home","item":"https:\/\/luxury-intimate.com\/hr\/"},{"@type":"ListItem","position":2,"name":"Shop","item":"https:\/\/luxury-intimate.com\/hr\/shop\/"},{"@type":"ListItem","position":3,"name":"PRIRODNI INTIMNI ULJNI SAPUN 120 ml"}]},{"@type":"WebSite","@id":"https:\/\/luxury-intimate.com\/#website","url":"https:\/\/luxury-intimate.com\/","name":"Luxury Intimate","description":"Li Quandisa","potentialAction":[{"@type":"SearchAction","target":{"@type":"EntryPoint","urlTemplate":"https:\/\/luxury-intimate.com\/?s={search_term_string}"},"query-input":{"@type":"PropertyValueSpecification","valueRequired":true,"valueName":"search_term_string"}}],"inLanguage":"hr"}]}},"_links":{"self":[{"href":"https:\/\/luxury-intimate.com\/hr\/wp-json\/wp\/v2\/product\/13882","targetHints":{"allow":["GET"]}}],"collection":[{"href":"https:\/\/luxury-intimate.com\/hr\/wp-json\/wp\/v2\/product"}],"about":[{"href":"https:\/\/luxury-intimate.com\/hr\/wp-json\/wp\/v2\/types\/product"}],"wp:featuredmedia":[{"embeddable":true,"href":"https:\/\/luxury-intimate.com\/hr\/wp-json\/wp\/v2\/media\/16477"}],"wp:attachment":[{"href":"https:\/\/luxury-intimate.com\/hr\/wp-json\/wp\/v2\/media?parent=13882"}],"wp:term":[{"taxonomy":"product_brand","embeddable":true,"href":"https:\/\/luxury-intimate.com\/hr\/wp-json\/wp\/v2\/product_brand?post=13882"},{"taxonomy":"product_cat","embeddable":true,"href":"https:\/\/luxury-intimate.com\/hr\/wp-json\/wp\/v2\/product_cat?post=13882"},{"taxonomy":"product_tag","embeddable":true,"href":"https:\/\/luxury-intimate.com\/hr\/wp-json\/wp\/v2\/product_tag?post=13882"}],"curies":[{"name":"wp","href":"https:\/\/api.w.org\/{rel}","templated":true}]}}