{"id":15012,"date":"2026-02-23T14:45:14","date_gmt":"2026-02-23T12:45:14","guid":{"rendered":"https:\/\/luxury-intimate.com\/Bez%20kategorije\/carovnija-v-steklenicki-z-modrim-lotusom\/"},"modified":"2024-06-09T08:34:41","modified_gmt":"2024-06-09T06:34:41","slug":"carovnija-v-steklenicki","status":"publish","type":"product","link":"https:\/\/luxury-intimate.com\/hr\/carolija-u-bocici-s-plavim-lotosom\/carovnija-v-steklenicki\/","title":{"rendered":"\u010carolija u bo\u010dici s plavim lotosom"},"content":{"rendered":"","protected":false},"excerpt":{"rendered":"<p><strong>Za\u0161to \u010darolija u bo\u010dici?<\/strong><\/p>\n<ul>\n<li>Dnevni &amp; no\u0107ni uljni serum za lice, vrat i dekolte<\/li>\n<li>Protiv starenja ko\u017ee<\/li>\n<li>Terapija protiv akni<\/li>\n<li>Za svilenkasto glatku ko\u017eu<\/li>\n<li>Prodire duboko u sve slojeve ko\u017ee te je hrani<\/li>\n<li>Ulje je izvrsno za hidrataciju jer smiruje upalna stanja ko\u017ee poput dermatitisa, psorijaze i ekcema<\/li>\n<li>Djeluje blago antimikrobno<\/li>\n<li>Odr\u017eava ko\u017eu dubinski vla\u017enom hvataju\u0107i i zadr\u017eavaju\u0107i vlagu<\/li>\n<li>\u0160titi ko\u017eu od vanjskih \u010dimbenika<\/li>\n<li>\u0160titi ko\u017eu od ne\u017eeljenog utjecaja slobodnih radikala koji mogu o\u0161tetiti stanice<\/li>\n<li>Protiv pigmentnih mrlja i stara\u010dkih pjega<\/li>\n<li>Podr\u017eava zgu\u0161njavanje trepavica i obrva<\/li>\n<li>Ulje za kosu koje stimulira folikule kose (odr\u017eava zdravo vlasi\u0161te i sjajnu kosu)<\/li>\n<li>Ubla\u017eava svrbe\u017e od uboda insekata, bol manjih rana i ogrebotina<\/li>\n<li>Namijenjeno je tako\u0111er njezi prije i poslije brijanja, idealno za osjetljivu ko\u017eu<\/li>\n<li>Eliksir za bradu<\/li>\n<li>Pru\u017ea trenuta\u010dno olak\u0161anje nakon opeklina od sunca<\/li>\n<li>Poma\u017ee boljem zacjeljivanju o\u017eiljaka<\/li>\n<li>Prikladno za SVE TIPOVE KO\u017dE<\/li>\n<\/ul>\n<p>&nbsp;<\/p>\n<p>&nbsp;<\/p>\n<p>I puno vi\u0161e!<\/p>\n<p>Na\u0161e 100 % hladno pre\u0161ano ulje moringe i pasjeg trna daje prekrasan osje\u0107aj jer potpuno prodire u sve slojeve ko\u017ee. Tako \u0107e se va\u0161e lice i cijelo tijelo osje\u0107ati svje\u017ee i \u017eivlje. Ulje \u0107e dubinski navla\u017eiti va\u0161u ko\u017eu lica; ne ostavlja masni trag ili za\u010depljuje pore, stoga je pogodno za masnu ko\u017eu ili ko\u017eu sklonu aknama.<\/p>\n<p>Ulje je glatke, gotovo bar\u0161unaste teksture. Ulje je bogato masnim kiselinama koje \u0107e va\u0161u ko\u017eu zadr\u017eati hidratiziranom, hvataju\u0107i i zadr\u017eavaju\u0107i vlagu. Svakodnevnom upotrebom bore lica se zna\u010dajno smanjuju, a ko\u017ea je podatna i nahranjena. Ulje sadr\u017ei ogromnu koli\u010dinu antioksidansa koji \u0161tite ko\u017eu od ne\u017eeljenog utjecaja slobodnih radikala koji mogu o\u0161tetiti stanice.<\/p>\n<p>Sastav ulja moringe ve\u0107 sadr\u017ei udio prirodnog karotenoida koji se pretvara u retinol. Potonji je klju\u010dan za regeneraciju stanica i doprinosi boljem izgledu ko\u017ee. Zbog svoje sposobnosti obnavljanja o\u0161te\u0107ene ko\u017ee i antibakterijskih svojstava, pogodan je za sve tipove ko\u017ee.<\/p>\n<p>Ulje moringe dar je prirode va\u0161oj ko\u017ei u dana\u0161njem svijetu. Zbog svojih u\u010dinaka protiv starenja, ljekovitosti i svojstava ljepote, najtra\u017eenije je ulje na kozmeti\u010dkom tr\u017ei\u0161tu. Ulje prirodno \u010disti, hrani i njeguje va\u0161u ko\u017eu. Ulje moringe razlikuje se od ostalih ulja, kao \u0161to su maslinovo i arganovo ulje, po svom izuzetnom sastavu.<\/p>\n<p>Ulje plavog lotosa, biljke s najvi\u0161om vibracijom na planetu, mo\u017ee doprinijeti umiruju\u0107em i fokusiranjem iskustvu koje podi\u017ee raspolo\u017eenje i poma\u017ee u osloba\u0111anju od napetosti.<\/p>\n<p><em>Nymphaea caerulea<\/em>, plavi lotos ili vodeni ljiljan kakvog danas poznajemo. Ako \u017eelite pobolj\u0161ati cjelokupno zdravlje svoje ko\u017ee ili ga koristiti za njegu rana i zacjeljivanje o\u017eiljaka, ovo je odli\u010dan izbor. Zbog izuzetno dobrog i blagotvornog psihoaktivnog djelovanja, plavi lotos se smatrao najva\u017enijom obrednom biljkom starog Egipta. Spomenuta sveta biljka tradicionalno se koristila za izazivanje osje\u0107aja ugode i ekstaze pove\u0107anjem cirkulacije krvi i intuitivne mo\u0107i.<\/p>\n<p>Poznat kao naj\u010darobniji lotos, plavi vodeni ljiljan i danas je sastojak svetog grala. Zbog izvrsnih antioksidativnih svojstava, plavi lotos (<em>Nymphaea Caerulea<\/em>) koristili su stari Egip\u0107ani zbog njegovih neizmjernih dobrobiti za fizi\u010dko i mentalno zdravlje.<\/p>\n<p>&nbsp;<\/p>\n<p>Miris ulja moringe smatra se jednim od specifi\u010dnijih i neka vas ne zbuni jer se raspr\u0161i za nekoliko minuta. Naravno, vama ostaju njegovi prekrasni u\u010dinci.<\/p>\n","protected":false},"featured_media":14717,"template":"","meta":{"_acf_changed":false,"inline_featured_image":false},"product_brand":[],"product_cat":[64],"product_tag":[],"class_list":{"0":"post-15012","1":"product","2":"type-product","3":"status-publish","4":"has-post-thumbnail","6":"product_cat-carolija-u-bocici-s-plavim-lotosom","8":"first","9":"instock","10":"featured","11":"taxable","12":"shipping-taxable","13":"purchasable","14":"product-type-simple"},"acf":[],"yoast_head":"<!-- This site is optimized with the Yoast SEO plugin v27.1.1 - https:\/\/yoast.com\/product\/yoast-seo-wordpress\/ -->\n<title>\u010carolija u bo\u010dici s plavim lotosom - Luxury Intimate<\/title>\n<meta name=\"robots\" content=\"index, follow, max-snippet:-1, max-image-preview:large, max-video-preview:-1\" \/>\n<link rel=\"canonical\" href=\"https:\/\/luxury-intimate.com\/carovnija-v-steklenicki\/carovnija-v-steklenicki\/\" \/>\n<meta property=\"og:locale\" content=\"hr_HR\" \/>\n<meta property=\"og:type\" content=\"article\" \/>\n<meta property=\"og:title\" content=\"\u010carolija u bo\u010dici s plavim lotosom - Luxury Intimate\" \/>\n<meta property=\"og:description\" content=\"Za\u0161to \u010darolija u bo\u010dici?   Dnevni &amp; no\u0107ni uljni serum za lice, vrat i dekolte  Protiv starenja ko\u017ee  Terapija protiv akni  Za svilenkasto glatku ko\u017eu  Prodire duboko u sve slojeve ko\u017ee te je hrani  Ulje je izvrsno za hidrataciju jer smiruje upalna stanja ko\u017ee poput dermatitisa, psorijaze i ekcema  Djeluje blago antimikrobno  Odr\u017eava ko\u017eu dubinski vla\u017enom hvataju\u0107i i zadr\u017eavaju\u0107i vlagu  \u0160titi ko\u017eu od vanjskih \u010dimbenika  \u0160titi ko\u017eu od ne\u017eeljenog utjecaja slobodnih radikala koji mogu o\u0161tetiti stanice  Protiv pigmentnih mrlja i stara\u010dkih pjega  Podr\u017eava zgu\u0161njavanje trepavica i obrva  Ulje za kosu koje stimulira folikule kose (odr\u017eava zdravo vlasi\u0161te i sjajnu kosu)  Ubla\u017eava svrbe\u017e od uboda insekata, bol manjih rana i ogrebotina  Namijenjeno je tako\u0111er njezi prije i poslije brijanja, idealno za osjetljivu ko\u017eu  Eliksir za bradu  Pru\u017ea trenuta\u010dno olak\u0161anje nakon opeklina od sunca  Poma\u017ee boljem zacjeljivanju o\u017eiljaka  Prikladno za SVE TIPOVE KO\u017dE  &nbsp;  &nbsp;  I puno vi\u0161e!  Na\u0161e 100 % hladno pre\u0161ano ulje moringe i pasjeg trna daje prekrasan osje\u0107aj jer potpuno prodire u sve slojeve ko\u017ee. Tako \u0107e se va\u0161e lice i cijelo tijelo osje\u0107ati svje\u017ee i \u017eivlje. Ulje \u0107e dubinski navla\u017eiti va\u0161u ko\u017eu lica; ne ostavlja masni trag ili za\u010depljuje pore, stoga je pogodno za masnu ko\u017eu ili ko\u017eu sklonu aknama.  Ulje je glatke, gotovo bar\u0161unaste teksture. Ulje je bogato masnim kiselinama koje \u0107e va\u0161u ko\u017eu zadr\u017eati hidratiziranom, hvataju\u0107i i zadr\u017eavaju\u0107i vlagu. Svakodnevnom upotrebom bore lica se zna\u010dajno smanjuju, a ko\u017ea je podatna i nahranjena. Ulje sadr\u017ei ogromnu koli\u010dinu antioksidansa koji \u0161tite ko\u017eu od ne\u017eeljenog utjecaja slobodnih radikala koji mogu o\u0161tetiti stanice.  Sastav ulja moringe ve\u0107 sadr\u017ei udio prirodnog karotenoida koji se pretvara u retinol. Potonji je klju\u010dan za regeneraciju stanica i doprinosi boljem izgledu ko\u017ee. Zbog svoje sposobnosti obnavljanja o\u0161te\u0107ene ko\u017ee i antibakterijskih svojstava, pogodan je za sve tipove ko\u017ee.  Ulje moringe dar je prirode va\u0161oj ko\u017ei u dana\u0161njem svijetu. Zbog svojih u\u010dinaka protiv starenja, ljekovitosti i svojstava ljepote, najtra\u017eenije je ulje na kozmeti\u010dkom tr\u017ei\u0161tu. Ulje prirodno \u010disti, hrani i njeguje va\u0161u ko\u017eu. Ulje moringe razlikuje se od ostalih ulja, kao \u0161to su maslinovo i arganovo ulje, po svom izuzetnom sastavu.  Ulje plavog lotosa, biljke s najvi\u0161om vibracijom na planetu, mo\u017ee doprinijeti umiruju\u0107em i fokusiranjem iskustvu koje podi\u017ee raspolo\u017eenje i poma\u017ee u osloba\u0111anju od napetosti.  Nymphaea caerulea, plavi lotos ili vodeni ljiljan kakvog danas poznajemo. Ako \u017eelite pobolj\u0161ati cjelokupno zdravlje svoje ko\u017ee ili ga koristiti za njegu rana i zacjeljivanje o\u017eiljaka, ovo je odli\u010dan izbor. Zbog izuzetno dobrog i blagotvornog psihoaktivnog djelovanja, plavi lotos se smatrao najva\u017enijom obrednom biljkom starog Egipta. Spomenuta sveta biljka tradicionalno se koristila za izazivanje osje\u0107aja ugode i ekstaze pove\u0107anjem cirkulacije krvi i intuitivne mo\u0107i.  Poznat kao naj\u010darobniji lotos, plavi vodeni ljiljan i danas je sastojak svetog grala. Zbog izvrsnih antioksidativnih svojstava, plavi lotos (Nymphaea Caerulea) koristili su stari Egip\u0107ani zbog njegovih neizmjernih dobrobiti za fizi\u010dko i mentalno zdravlje.  &nbsp;  Miris ulja moringe smatra se jednim od specifi\u010dnijih i neka vas ne zbuni jer se raspr\u0161i za nekoliko minuta. Naravno, vama ostaju njegovi prekrasni u\u010dinci.\" \/>\n<meta property=\"og:url\" content=\"https:\/\/luxury-intimate.com\/carovnija-v-steklenicki\/carovnija-v-steklenicki\/\" \/>\n<meta property=\"og:site_name\" content=\"Luxury Intimate\" \/>\n<meta property=\"og:image\" content=\"https:\/\/luxury-intimate.com\/wp-content\/uploads\/2022\/12\/IMG_2015.jpg\" \/>\n\t<meta property=\"og:image:width\" content=\"1911\" \/>\n\t<meta property=\"og:image:height\" content=\"1911\" \/>\n\t<meta property=\"og:image:type\" content=\"image\/jpeg\" \/>\n<meta name=\"twitter:card\" content=\"summary_large_image\" \/>\n<script type=\"application\/ld+json\" class=\"yoast-schema-graph\">{\"@context\":\"https:\/\/schema.org\",\"@graph\":[{\"@type\":\"WebPage\",\"@id\":\"https:\/\/luxury-intimate.com\/carovnija-v-steklenicki\/carovnija-v-steklenicki\/\",\"url\":\"https:\/\/luxury-intimate.com\/carovnija-v-steklenicki\/carovnija-v-steklenicki\/\",\"name\":\"\u010carolija u bo\u010dici s plavim lotosom - Luxury Intimate\",\"isPartOf\":{\"@id\":\"https:\/\/luxury-intimate.com\/#website\"},\"primaryImageOfPage\":{\"@id\":\"https:\/\/luxury-intimate.com\/carovnija-v-steklenicki\/carovnija-v-steklenicki\/#primaryimage\"},\"image\":{\"@id\":\"https:\/\/luxury-intimate.com\/carovnija-v-steklenicki\/carovnija-v-steklenicki\/#primaryimage\"},\"thumbnailUrl\":\"https:\/\/luxury-intimate.com\/wp-content\/uploads\/2022\/12\/IMG_2015.jpg\",\"datePublished\":\"2026-02-23T12:45:14+00:00\",\"breadcrumb\":{\"@id\":\"https:\/\/luxury-intimate.com\/carovnija-v-steklenicki\/carovnija-v-steklenicki\/#breadcrumb\"},\"inLanguage\":\"hr\",\"potentialAction\":[{\"@type\":\"ReadAction\",\"target\":[\"https:\/\/luxury-intimate.com\/carovnija-v-steklenicki\/carovnija-v-steklenicki\/\"]}]},{\"@type\":\"ImageObject\",\"inLanguage\":\"hr\",\"@id\":\"https:\/\/luxury-intimate.com\/carovnija-v-steklenicki\/carovnija-v-steklenicki\/#primaryimage\",\"url\":\"https:\/\/luxury-intimate.com\/wp-content\/uploads\/2022\/12\/IMG_2015.jpg\",\"contentUrl\":\"https:\/\/luxury-intimate.com\/wp-content\/uploads\/2022\/12\/IMG_2015.jpg\",\"width\":1911,\"height\":1911},{\"@type\":\"BreadcrumbList\",\"@id\":\"https:\/\/luxury-intimate.com\/carovnija-v-steklenicki\/carovnija-v-steklenicki\/#breadcrumb\",\"itemListElement\":[{\"@type\":\"ListItem\",\"position\":1,\"name\":\"Home\",\"item\":\"https:\/\/luxury-intimate.com\/hr\/\"},{\"@type\":\"ListItem\",\"position\":2,\"name\":\"Shop\",\"item\":\"https:\/\/luxury-intimate.com\/hr\/shop\/\"},{\"@type\":\"ListItem\",\"position\":3,\"name\":\"\u010carolija u bo\u010dici s plavim lotosom\"}]},{\"@type\":\"WebSite\",\"@id\":\"https:\/\/luxury-intimate.com\/#website\",\"url\":\"https:\/\/luxury-intimate.com\/\",\"name\":\"Luxury Intimate\",\"description\":\"Li Quandisa\",\"potentialAction\":[{\"@type\":\"SearchAction\",\"target\":{\"@type\":\"EntryPoint\",\"urlTemplate\":\"https:\/\/luxury-intimate.com\/?s={search_term_string}\"},\"query-input\":{\"@type\":\"PropertyValueSpecification\",\"valueRequired\":true,\"valueName\":\"search_term_string\"}}],\"inLanguage\":\"hr\"}]}<\/script>\n<!-- \/ Yoast SEO plugin. -->","yoast_head_json":{"title":"\u010carolija u bo\u010dici s plavim lotosom - Luxury Intimate","robots":{"index":"index","follow":"follow","max-snippet":"max-snippet:-1","max-image-preview":"max-image-preview:large","max-video-preview":"max-video-preview:-1"},"canonical":"https:\/\/luxury-intimate.com\/carovnija-v-steklenicki\/carovnija-v-steklenicki\/","og_locale":"hr_HR","og_type":"article","og_title":"\u010carolija u bo\u010dici s plavim lotosom - Luxury Intimate","og_description":"Za\u0161to \u010darolija u bo\u010dici?   Dnevni &amp; no\u0107ni uljni serum za lice, vrat i dekolte  Protiv starenja ko\u017ee  Terapija protiv akni  Za svilenkasto glatku ko\u017eu  Prodire duboko u sve slojeve ko\u017ee te je hrani  Ulje je izvrsno za hidrataciju jer smiruje upalna stanja ko\u017ee poput dermatitisa, psorijaze i ekcema  Djeluje blago antimikrobno  Odr\u017eava ko\u017eu dubinski vla\u017enom hvataju\u0107i i zadr\u017eavaju\u0107i vlagu  \u0160titi ko\u017eu od vanjskih \u010dimbenika  \u0160titi ko\u017eu od ne\u017eeljenog utjecaja slobodnih radikala koji mogu o\u0161tetiti stanice  Protiv pigmentnih mrlja i stara\u010dkih pjega  Podr\u017eava zgu\u0161njavanje trepavica i obrva  Ulje za kosu koje stimulira folikule kose (odr\u017eava zdravo vlasi\u0161te i sjajnu kosu)  Ubla\u017eava svrbe\u017e od uboda insekata, bol manjih rana i ogrebotina  Namijenjeno je tako\u0111er njezi prije i poslije brijanja, idealno za osjetljivu ko\u017eu  Eliksir za bradu  Pru\u017ea trenuta\u010dno olak\u0161anje nakon opeklina od sunca  Poma\u017ee boljem zacjeljivanju o\u017eiljaka  Prikladno za SVE TIPOVE KO\u017dE  &nbsp;  &nbsp;  I puno vi\u0161e!  Na\u0161e 100 % hladno pre\u0161ano ulje moringe i pasjeg trna daje prekrasan osje\u0107aj jer potpuno prodire u sve slojeve ko\u017ee. Tako \u0107e se va\u0161e lice i cijelo tijelo osje\u0107ati svje\u017ee i \u017eivlje. Ulje \u0107e dubinski navla\u017eiti va\u0161u ko\u017eu lica; ne ostavlja masni trag ili za\u010depljuje pore, stoga je pogodno za masnu ko\u017eu ili ko\u017eu sklonu aknama.  Ulje je glatke, gotovo bar\u0161unaste teksture. Ulje je bogato masnim kiselinama koje \u0107e va\u0161u ko\u017eu zadr\u017eati hidratiziranom, hvataju\u0107i i zadr\u017eavaju\u0107i vlagu. Svakodnevnom upotrebom bore lica se zna\u010dajno smanjuju, a ko\u017ea je podatna i nahranjena. Ulje sadr\u017ei ogromnu koli\u010dinu antioksidansa koji \u0161tite ko\u017eu od ne\u017eeljenog utjecaja slobodnih radikala koji mogu o\u0161tetiti stanice.  Sastav ulja moringe ve\u0107 sadr\u017ei udio prirodnog karotenoida koji se pretvara u retinol. Potonji je klju\u010dan za regeneraciju stanica i doprinosi boljem izgledu ko\u017ee. Zbog svoje sposobnosti obnavljanja o\u0161te\u0107ene ko\u017ee i antibakterijskih svojstava, pogodan je za sve tipove ko\u017ee.  Ulje moringe dar je prirode va\u0161oj ko\u017ei u dana\u0161njem svijetu. Zbog svojih u\u010dinaka protiv starenja, ljekovitosti i svojstava ljepote, najtra\u017eenije je ulje na kozmeti\u010dkom tr\u017ei\u0161tu. Ulje prirodno \u010disti, hrani i njeguje va\u0161u ko\u017eu. Ulje moringe razlikuje se od ostalih ulja, kao \u0161to su maslinovo i arganovo ulje, po svom izuzetnom sastavu.  Ulje plavog lotosa, biljke s najvi\u0161om vibracijom na planetu, mo\u017ee doprinijeti umiruju\u0107em i fokusiranjem iskustvu koje podi\u017ee raspolo\u017eenje i poma\u017ee u osloba\u0111anju od napetosti.  Nymphaea caerulea, plavi lotos ili vodeni ljiljan kakvog danas poznajemo. Ako \u017eelite pobolj\u0161ati cjelokupno zdravlje svoje ko\u017ee ili ga koristiti za njegu rana i zacjeljivanje o\u017eiljaka, ovo je odli\u010dan izbor. Zbog izuzetno dobrog i blagotvornog psihoaktivnog djelovanja, plavi lotos se smatrao najva\u017enijom obrednom biljkom starog Egipta. Spomenuta sveta biljka tradicionalno se koristila za izazivanje osje\u0107aja ugode i ekstaze pove\u0107anjem cirkulacije krvi i intuitivne mo\u0107i.  Poznat kao naj\u010darobniji lotos, plavi vodeni ljiljan i danas je sastojak svetog grala. Zbog izvrsnih antioksidativnih svojstava, plavi lotos (Nymphaea Caerulea) koristili su stari Egip\u0107ani zbog njegovih neizmjernih dobrobiti za fizi\u010dko i mentalno zdravlje.  &nbsp;  Miris ulja moringe smatra se jednim od specifi\u010dnijih i neka vas ne zbuni jer se raspr\u0161i za nekoliko minuta. Naravno, vama ostaju njegovi prekrasni u\u010dinci.","og_url":"https:\/\/luxury-intimate.com\/carovnija-v-steklenicki\/carovnija-v-steklenicki\/","og_site_name":"Luxury Intimate","og_image":[{"width":1911,"height":1911,"url":"https:\/\/luxury-intimate.com\/wp-content\/uploads\/2022\/12\/IMG_2015.jpg","type":"image\/jpeg"}],"twitter_card":"summary_large_image","schema":{"@context":"https:\/\/schema.org","@graph":[{"@type":"WebPage","@id":"https:\/\/luxury-intimate.com\/carovnija-v-steklenicki\/carovnija-v-steklenicki\/","url":"https:\/\/luxury-intimate.com\/carovnija-v-steklenicki\/carovnija-v-steklenicki\/","name":"\u010carolija u bo\u010dici s plavim lotosom - Luxury Intimate","isPartOf":{"@id":"https:\/\/luxury-intimate.com\/#website"},"primaryImageOfPage":{"@id":"https:\/\/luxury-intimate.com\/carovnija-v-steklenicki\/carovnija-v-steklenicki\/#primaryimage"},"image":{"@id":"https:\/\/luxury-intimate.com\/carovnija-v-steklenicki\/carovnija-v-steklenicki\/#primaryimage"},"thumbnailUrl":"https:\/\/luxury-intimate.com\/wp-content\/uploads\/2022\/12\/IMG_2015.jpg","datePublished":"2026-02-23T12:45:14+00:00","breadcrumb":{"@id":"https:\/\/luxury-intimate.com\/carovnija-v-steklenicki\/carovnija-v-steklenicki\/#breadcrumb"},"inLanguage":"hr","potentialAction":[{"@type":"ReadAction","target":["https:\/\/luxury-intimate.com\/carovnija-v-steklenicki\/carovnija-v-steklenicki\/"]}]},{"@type":"ImageObject","inLanguage":"hr","@id":"https:\/\/luxury-intimate.com\/carovnija-v-steklenicki\/carovnija-v-steklenicki\/#primaryimage","url":"https:\/\/luxury-intimate.com\/wp-content\/uploads\/2022\/12\/IMG_2015.jpg","contentUrl":"https:\/\/luxury-intimate.com\/wp-content\/uploads\/2022\/12\/IMG_2015.jpg","width":1911,"height":1911},{"@type":"BreadcrumbList","@id":"https:\/\/luxury-intimate.com\/carovnija-v-steklenicki\/carovnija-v-steklenicki\/#breadcrumb","itemListElement":[{"@type":"ListItem","position":1,"name":"Home","item":"https:\/\/luxury-intimate.com\/hr\/"},{"@type":"ListItem","position":2,"name":"Shop","item":"https:\/\/luxury-intimate.com\/hr\/shop\/"},{"@type":"ListItem","position":3,"name":"\u010carolija u bo\u010dici s plavim lotosom"}]},{"@type":"WebSite","@id":"https:\/\/luxury-intimate.com\/#website","url":"https:\/\/luxury-intimate.com\/","name":"Luxury Intimate","description":"Li Quandisa","potentialAction":[{"@type":"SearchAction","target":{"@type":"EntryPoint","urlTemplate":"https:\/\/luxury-intimate.com\/?s={search_term_string}"},"query-input":{"@type":"PropertyValueSpecification","valueRequired":true,"valueName":"search_term_string"}}],"inLanguage":"hr"}]}},"_links":{"self":[{"href":"https:\/\/luxury-intimate.com\/hr\/wp-json\/wp\/v2\/product\/15012","targetHints":{"allow":["GET"]}}],"collection":[{"href":"https:\/\/luxury-intimate.com\/hr\/wp-json\/wp\/v2\/product"}],"about":[{"href":"https:\/\/luxury-intimate.com\/hr\/wp-json\/wp\/v2\/types\/product"}],"wp:featuredmedia":[{"embeddable":true,"href":"https:\/\/luxury-intimate.com\/hr\/wp-json\/wp\/v2\/media\/14717"}],"wp:attachment":[{"href":"https:\/\/luxury-intimate.com\/hr\/wp-json\/wp\/v2\/media?parent=15012"}],"wp:term":[{"taxonomy":"product_brand","embeddable":true,"href":"https:\/\/luxury-intimate.com\/hr\/wp-json\/wp\/v2\/product_brand?post=15012"},{"taxonomy":"product_cat","embeddable":true,"href":"https:\/\/luxury-intimate.com\/hr\/wp-json\/wp\/v2\/product_cat?post=15012"},{"taxonomy":"product_tag","embeddable":true,"href":"https:\/\/luxury-intimate.com\/hr\/wp-json\/wp\/v2\/product_tag?post=15012"}],"curies":[{"name":"wp","href":"https:\/\/api.w.org\/{rel}","templated":true}]}}