{"id":16948,"date":"2023-05-15T12:18:21","date_gmt":"2023-05-15T10:18:21","guid":{"rendered":"https:\/\/luxury-intimate.com\/Bez%20kategorije\/paket-za-prijateljice-ali-darila\/"},"modified":"2025-01-16T12:13:27","modified_gmt":"2025-01-16T10:13:27","slug":"paket-za-prijateljice-ali-darila","status":"publish","type":"product","link":"https:\/\/luxury-intimate.com\/hr\/paketi-hr\/paket-za-prijateljice-ali-darila\/","title":{"rendered":"PAKET ZA PRIJATELJICE ali DARILA"},"content":{"rendered":"","protected":false},"excerpt":{"rendered":"<p>PAKET ZA PRIJATELJICE ali DARILA s katerimi boste zagotovo razveselile vsako \u017eensko kateri bo Li Quandisa intimno olje podarjen. \u0160e vedno verjameva, da je tovrstna nega ve\u010d kot pomembna in neprijetnost ob tej tematiki popolnoma odve\u010dna. Le \u017eenska \u017eensko lahko razume v popolnosti.<\/p>\n<p>3 x Li Quandisa intimno olje 5ml<\/p>\n","protected":false},"featured_media":16901,"template":"","meta":{"_acf_changed":false,"inline_featured_image":false},"product_brand":[],"product_cat":[66],"product_tag":[],"class_list":{"0":"post-16948","1":"product","2":"type-product","3":"status-publish","4":"has-post-thumbnail","6":"product_cat-paketi-hr","8":"first","9":"instock","10":"sale","11":"taxable","12":"shipping-taxable","13":"purchasable","14":"product-type-simple"},"acf":[],"yoast_head":"<!-- This site is optimized with the Yoast SEO plugin v27.1.1 - https:\/\/yoast.com\/product\/yoast-seo-wordpress\/ -->\n<title>PAKET ZA PRIJATELJICE ali DARILA - Luxury Intimate<\/title>\n<meta name=\"robots\" content=\"index, follow, max-snippet:-1, max-image-preview:large, max-video-preview:-1\" \/>\n<link rel=\"canonical\" href=\"https:\/\/luxury-intimate.com\/darilni-paketi\/paket-za-prijateljice-ali-darila\/\" \/>\n<meta property=\"og:locale\" content=\"hr_HR\" \/>\n<meta property=\"og:type\" content=\"article\" \/>\n<meta property=\"og:title\" content=\"PAKET ZA PRIJATELJICE ali DARILA - Luxury Intimate\" \/>\n<meta property=\"og:description\" content=\"PAKET ZA PRIJATELJICE ali DARILA s katerimi boste zagotovo razveselile vsako \u017eensko kateri bo Li Quandisa intimno olje podarjen. \u0160e vedno verjameva, da je tovrstna nega ve\u010d kot pomembna in neprijetnost ob tej tematiki popolnoma odve\u010dna. Le \u017eenska \u017eensko lahko razume v popolnosti. 3 x Li Quandisa intimno olje 5ml\" \/>\n<meta property=\"og:url\" content=\"https:\/\/luxury-intimate.com\/darilni-paketi\/paket-za-prijateljice-ali-darila\/\" \/>\n<meta property=\"og:site_name\" content=\"Luxury Intimate\" \/>\n<meta property=\"article:modified_time\" content=\"2025-01-16T10:13:27+00:00\" \/>\n<meta property=\"og:image\" content=\"https:\/\/luxury-intimate.com\/wp-content\/uploads\/2023\/05\/Paket-za-prijateljice-ali-darila.jpg\" \/>\n\t<meta property=\"og:image:width\" content=\"1080\" \/>\n\t<meta property=\"og:image:height\" content=\"1080\" \/>\n\t<meta property=\"og:image:type\" content=\"image\/jpeg\" \/>\n<meta name=\"twitter:card\" content=\"summary_large_image\" \/>\n<script type=\"application\/ld+json\" class=\"yoast-schema-graph\">{\"@context\":\"https:\/\/schema.org\",\"@graph\":[{\"@type\":\"WebPage\",\"@id\":\"https:\/\/luxury-intimate.com\/darilni-paketi\/paket-za-prijateljice-ali-darila\/\",\"url\":\"https:\/\/luxury-intimate.com\/darilni-paketi\/paket-za-prijateljice-ali-darila\/\",\"name\":\"PAKET ZA PRIJATELJICE ali DARILA - Luxury Intimate\",\"isPartOf\":{\"@id\":\"https:\/\/luxury-intimate.com\/#website\"},\"primaryImageOfPage\":{\"@id\":\"https:\/\/luxury-intimate.com\/darilni-paketi\/paket-za-prijateljice-ali-darila\/#primaryimage\"},\"image\":{\"@id\":\"https:\/\/luxury-intimate.com\/darilni-paketi\/paket-za-prijateljice-ali-darila\/#primaryimage\"},\"thumbnailUrl\":\"https:\/\/luxury-intimate.com\/wp-content\/uploads\/2023\/05\/Paket-za-prijateljice-ali-darila.jpg\",\"datePublished\":\"2023-05-15T10:18:21+00:00\",\"dateModified\":\"2025-01-16T10:13:27+00:00\",\"breadcrumb\":{\"@id\":\"https:\/\/luxury-intimate.com\/darilni-paketi\/paket-za-prijateljice-ali-darila\/#breadcrumb\"},\"inLanguage\":\"hr\",\"potentialAction\":[{\"@type\":\"ReadAction\",\"target\":[\"https:\/\/luxury-intimate.com\/darilni-paketi\/paket-za-prijateljice-ali-darila\/\"]}]},{\"@type\":\"ImageObject\",\"inLanguage\":\"hr\",\"@id\":\"https:\/\/luxury-intimate.com\/darilni-paketi\/paket-za-prijateljice-ali-darila\/#primaryimage\",\"url\":\"https:\/\/luxury-intimate.com\/wp-content\/uploads\/2023\/05\/Paket-za-prijateljice-ali-darila.jpg\",\"contentUrl\":\"https:\/\/luxury-intimate.com\/wp-content\/uploads\/2023\/05\/Paket-za-prijateljice-ali-darila.jpg\",\"width\":1080,\"height\":1080},{\"@type\":\"BreadcrumbList\",\"@id\":\"https:\/\/luxury-intimate.com\/darilni-paketi\/paket-za-prijateljice-ali-darila\/#breadcrumb\",\"itemListElement\":[{\"@type\":\"ListItem\",\"position\":1,\"name\":\"Home\",\"item\":\"https:\/\/luxury-intimate.com\/hr\/\"},{\"@type\":\"ListItem\",\"position\":2,\"name\":\"Shop\",\"item\":\"https:\/\/luxury-intimate.com\/hr\/shop\/\"},{\"@type\":\"ListItem\",\"position\":3,\"name\":\"PAKET ZA PRIJATELJICE ali DARILA\"}]},{\"@type\":\"WebSite\",\"@id\":\"https:\/\/luxury-intimate.com\/#website\",\"url\":\"https:\/\/luxury-intimate.com\/\",\"name\":\"Luxury Intimate\",\"description\":\"Li Quandisa\",\"potentialAction\":[{\"@type\":\"SearchAction\",\"target\":{\"@type\":\"EntryPoint\",\"urlTemplate\":\"https:\/\/luxury-intimate.com\/?s={search_term_string}\"},\"query-input\":{\"@type\":\"PropertyValueSpecification\",\"valueRequired\":true,\"valueName\":\"search_term_string\"}}],\"inLanguage\":\"hr\"}]}<\/script>\n<!-- \/ Yoast SEO plugin. -->","yoast_head_json":{"title":"PAKET ZA PRIJATELJICE ali DARILA - Luxury Intimate","robots":{"index":"index","follow":"follow","max-snippet":"max-snippet:-1","max-image-preview":"max-image-preview:large","max-video-preview":"max-video-preview:-1"},"canonical":"https:\/\/luxury-intimate.com\/darilni-paketi\/paket-za-prijateljice-ali-darila\/","og_locale":"hr_HR","og_type":"article","og_title":"PAKET ZA PRIJATELJICE ali DARILA - Luxury Intimate","og_description":"PAKET ZA PRIJATELJICE ali DARILA s katerimi boste zagotovo razveselile vsako \u017eensko kateri bo Li Quandisa intimno olje podarjen. \u0160e vedno verjameva, da je tovrstna nega ve\u010d kot pomembna in neprijetnost ob tej tematiki popolnoma odve\u010dna. Le \u017eenska \u017eensko lahko razume v popolnosti. 3 x Li Quandisa intimno olje 5ml","og_url":"https:\/\/luxury-intimate.com\/darilni-paketi\/paket-za-prijateljice-ali-darila\/","og_site_name":"Luxury Intimate","article_modified_time":"2025-01-16T10:13:27+00:00","og_image":[{"width":1080,"height":1080,"url":"https:\/\/luxury-intimate.com\/wp-content\/uploads\/2023\/05\/Paket-za-prijateljice-ali-darila.jpg","type":"image\/jpeg"}],"twitter_card":"summary_large_image","schema":{"@context":"https:\/\/schema.org","@graph":[{"@type":"WebPage","@id":"https:\/\/luxury-intimate.com\/darilni-paketi\/paket-za-prijateljice-ali-darila\/","url":"https:\/\/luxury-intimate.com\/darilni-paketi\/paket-za-prijateljice-ali-darila\/","name":"PAKET ZA PRIJATELJICE ali DARILA - Luxury Intimate","isPartOf":{"@id":"https:\/\/luxury-intimate.com\/#website"},"primaryImageOfPage":{"@id":"https:\/\/luxury-intimate.com\/darilni-paketi\/paket-za-prijateljice-ali-darila\/#primaryimage"},"image":{"@id":"https:\/\/luxury-intimate.com\/darilni-paketi\/paket-za-prijateljice-ali-darila\/#primaryimage"},"thumbnailUrl":"https:\/\/luxury-intimate.com\/wp-content\/uploads\/2023\/05\/Paket-za-prijateljice-ali-darila.jpg","datePublished":"2023-05-15T10:18:21+00:00","dateModified":"2025-01-16T10:13:27+00:00","breadcrumb":{"@id":"https:\/\/luxury-intimate.com\/darilni-paketi\/paket-za-prijateljice-ali-darila\/#breadcrumb"},"inLanguage":"hr","potentialAction":[{"@type":"ReadAction","target":["https:\/\/luxury-intimate.com\/darilni-paketi\/paket-za-prijateljice-ali-darila\/"]}]},{"@type":"ImageObject","inLanguage":"hr","@id":"https:\/\/luxury-intimate.com\/darilni-paketi\/paket-za-prijateljice-ali-darila\/#primaryimage","url":"https:\/\/luxury-intimate.com\/wp-content\/uploads\/2023\/05\/Paket-za-prijateljice-ali-darila.jpg","contentUrl":"https:\/\/luxury-intimate.com\/wp-content\/uploads\/2023\/05\/Paket-za-prijateljice-ali-darila.jpg","width":1080,"height":1080},{"@type":"BreadcrumbList","@id":"https:\/\/luxury-intimate.com\/darilni-paketi\/paket-za-prijateljice-ali-darila\/#breadcrumb","itemListElement":[{"@type":"ListItem","position":1,"name":"Home","item":"https:\/\/luxury-intimate.com\/hr\/"},{"@type":"ListItem","position":2,"name":"Shop","item":"https:\/\/luxury-intimate.com\/hr\/shop\/"},{"@type":"ListItem","position":3,"name":"PAKET ZA PRIJATELJICE ali DARILA"}]},{"@type":"WebSite","@id":"https:\/\/luxury-intimate.com\/#website","url":"https:\/\/luxury-intimate.com\/","name":"Luxury Intimate","description":"Li Quandisa","potentialAction":[{"@type":"SearchAction","target":{"@type":"EntryPoint","urlTemplate":"https:\/\/luxury-intimate.com\/?s={search_term_string}"},"query-input":{"@type":"PropertyValueSpecification","valueRequired":true,"valueName":"search_term_string"}}],"inLanguage":"hr"}]}},"_links":{"self":[{"href":"https:\/\/luxury-intimate.com\/hr\/wp-json\/wp\/v2\/product\/16948","targetHints":{"allow":["GET"]}}],"collection":[{"href":"https:\/\/luxury-intimate.com\/hr\/wp-json\/wp\/v2\/product"}],"about":[{"href":"https:\/\/luxury-intimate.com\/hr\/wp-json\/wp\/v2\/types\/product"}],"wp:featuredmedia":[{"embeddable":true,"href":"https:\/\/luxury-intimate.com\/hr\/wp-json\/wp\/v2\/media\/16901"}],"wp:attachment":[{"href":"https:\/\/luxury-intimate.com\/hr\/wp-json\/wp\/v2\/media?parent=16948"}],"wp:term":[{"taxonomy":"product_brand","embeddable":true,"href":"https:\/\/luxury-intimate.com\/hr\/wp-json\/wp\/v2\/product_brand?post=16948"},{"taxonomy":"product_cat","embeddable":true,"href":"https:\/\/luxury-intimate.com\/hr\/wp-json\/wp\/v2\/product_cat?post=16948"},{"taxonomy":"product_tag","embeddable":true,"href":"https:\/\/luxury-intimate.com\/hr\/wp-json\/wp\/v2\/product_tag?post=16948"}],"curies":[{"name":"wp","href":"https:\/\/api.w.org\/{rel}","templated":true}]}}