{"id":19852,"date":"2023-05-05T15:00:25","date_gmt":"2023-05-05T13:00:25","guid":{"rendered":"https:\/\/luxury-intimate.com\/Bez%20kategorije\/jasmin-in-damascanska-vrtnica-naravno-negovalno-olje-za-telo\/"},"modified":"2023-12-27T12:44:34","modified_gmt":"2023-12-27T10:44:34","slug":"jasmin-in-damascanska-vrtnica-naravno-negovalno-olje-za-telo","status":"publish","type":"product","link":"https:\/\/luxury-intimate.com\/hr\/olje-hr\/jasmin-in-damascanska-vrtnica-naravno-negovalno-olje-za-telo\/","title":{"rendered":"Jasmin I Damaskanska ru\u017ea prirodno parfemsko ulje za njegu tjela"},"content":{"rendered":"","protected":false},"excerpt":{"rendered":"<p>Opajaju\u0107i miris i svilenkasta ko\u017ea<\/p>\n<p>Otkrijte \u010daroliju Li Quandis ulja za tijelo s cvjetovima jasmina, bademom, ru\u017eom i sandalovinom. Ova odabrana mje\u0161avina ne\u0161to je \u0161to \u0107e va\u0161e tijelo i sva va\u0161a osjetila odvesti u apsolutnu njegu ko\u017ee i opu\u0161tanje svih osjetila. Osim toga, va\u0161a ko\u017ea bit \u0107e ljep\u0161a na dodir, \u010dvr\u0161\u0107a i satenski glatka. Nakon upotrebe, ko\u017ea je opu\u0161tena, sjajna i odi\u0161e slasnim suptilnim mirisom svje\u017eih cvjetova jasmina, ru\u017ee, sandalovine i badema.<\/p>\n<p>Ko\u017ea ostaje hidratizirana 48 sati<\/p>\n<p>&nbsp;<\/p>\n<p>&nbsp;<\/p>\n<p><strong>Jasmin<\/strong><\/p>\n<p>Jasminu se tako\u0111er ka\u017ee kralj mirisa, poznato je da je odu\u0161evljavao i Kleopatru. Pripada me\u0111u najskuplja eteri\u010dna ulja. Jo\u0161 u davnini su u Kini i Indiji cijenili njegov utjecaj na ljudsku \u010dulnost. Njegov miris u nama budi avanturisti\u010dki duh i poti\u010de izra\u017eavanje intimnih emocija. Djeluje kao afrodizijak, poma\u017ee ubla\u017eiti menstrualne simptome i emocionalni stres. Ko\u017eu omek\u0161ava, izgla\u0111uje i pove\u0107ava njenu elasti\u010dnost, stoga je izvrsno sredstvo za njegu suhe i osjetljive ko\u017ee. Eteri\u010dno ulje jasmina poti\u010de osje\u0107aje optimizma, samopouzdanja i entuzijazma. Na radnom mjestu \u0107e vam njegov miris pomo\u0107i pobolj\u0161ati koncentraciju i raspolo\u017eenje, a u kadi \u0107e vas opustiti, umiriti i zatim odvesti u mirniji san.<\/p>\n<p>&nbsp;<\/p>\n<p><strong>Ylang ylang<\/strong><\/p>\n<p>Je li va\u0161 \u017eivot u posljednje vrijeme vrlo stresan? Eteri\u010dno ulje ylang ylang je jedan od najboljih prirodnih izbora za sve koji \u017eele smanjiti negativne utjecaje stresa na va\u0161e tijelo i osje\u0107aj. To je eteri\u010dno ulje koje brzo pobolj\u0161ava raspolo\u017eenje i sprje\u010dava prekomjerno izlu\u010divanje kortizola, koji mnogi nazivaju stresnim hormonom. Indonezijski mladenci \u010desto posipaju cvjetove mirisne kanange po bra\u010dnom krevetu. Dakle, ako imate problema s libidom, eteri\u010dno ulje ylang ylanga je izvrsno rje\u0161enje. Pove\u0107ava seksualni nagon, kako kod mu\u0161karaca tako i kod \u017eena. Udisanje mirisa ovog eteri\u010dnog ulja mo\u017ee \u010dak pomo\u0107i i kod impotencije.<\/p>\n<p>&nbsp;<\/p>\n<p><strong>Sandalovina<\/strong><\/p>\n<p>Danas se ulje sandalovine zbog njegove niske, polagano isparavaju\u0107e note koristi u parfemima i u njeguju\u0107im kozmeti\u010dkim proizvodima. Ubla\u017eava i umiruje razne probleme s ko\u017eom, izvrsno je za njegu suhe, dehidrirane i ispucale ko\u017ee. Njegov miris djeluje antidepresivno i opu\u0161taju\u0107e.<\/p>\n<p>&nbsp;<\/p>\n<p><strong>Ru\u017ea<\/strong><\/p>\n<p>Danas je ru\u017eino odnosno ru\u017ei\u010dasto ulje jedno od najvrijednijih ulja, poznato po svojem \u0161irokom spektru djelovanja i nezamjenjivo u parfumskoj industriji. Na ko\u017eu djeluje adstrigentno (spre\u010dava upalne reakcije na ko\u017ei i njezinu osjetljivost na vanjske utjecaje), ima blago antimikrobno djelovanje i njeguje suhu, zrelu i osjetljivu ko\u017eu. Miris ru\u017ee smiruje, opu\u0161ta i podi\u017ee raspolo\u017eenje.<\/p>\n<p><strong>Bademovo ulje<\/strong><\/p>\n<p>Za elasti\u010dnu ko\u017eu je prikladno za sve \u017eene koje \u017eele u\u010dvrstiti i izgladiti ko\u017eu. Bogato masnim kiselinama omega-3 i omega-6, hidratizira ko\u017eu i \u010dini je elasti\u010dnom.<\/p>\n","protected":false},"featured_media":19687,"template":"","meta":{"_acf_changed":false,"inline_featured_image":false},"product_brand":[],"product_cat":[69],"product_tag":[],"class_list":{"0":"post-19852","1":"product","2":"type-product","3":"status-publish","4":"has-post-thumbnail","6":"product_cat-olje-hr","8":"first","9":"instock","10":"taxable","11":"shipping-taxable","12":"purchasable","13":"product-type-simple"},"acf":[],"yoast_head":"<!-- This site is optimized with the Yoast SEO plugin v27.1.1 - https:\/\/yoast.com\/product\/yoast-seo-wordpress\/ -->\n<title>Jasmin I Damaskanska ru\u017ea prirodno parfemsko ulje za njegu tjela - Luxury Intimate<\/title>\n<meta name=\"robots\" content=\"index, follow, max-snippet:-1, max-image-preview:large, max-video-preview:-1\" \/>\n<link rel=\"canonical\" href=\"https:\/\/luxury-intimate.com\/olje\/jasmin-in-damascanska-vrtnica-naravno-negovalno-olje-za-telo\/\" \/>\n<meta property=\"og:locale\" content=\"hr_HR\" \/>\n<meta property=\"og:type\" content=\"article\" \/>\n<meta property=\"og:title\" content=\"Jasmin I Damaskanska ru\u017ea prirodno parfemsko ulje za njegu tjela - Luxury Intimate\" \/>\n<meta property=\"og:description\" content=\"Opajaju\u0107i miris i svilenkasta ko\u017ea  Otkrijte \u010daroliju Li Quandis ulja za tijelo s cvjetovima jasmina, bademom, ru\u017eom i sandalovinom. Ova odabrana mje\u0161avina ne\u0161to je \u0161to \u0107e va\u0161e tijelo i sva va\u0161a osjetila odvesti u apsolutnu njegu ko\u017ee i opu\u0161tanje svih osjetila. Osim toga, va\u0161a ko\u017ea bit \u0107e ljep\u0161a na dodir, \u010dvr\u0161\u0107a i satenski glatka. Nakon upotrebe, ko\u017ea je opu\u0161tena, sjajna i odi\u0161e slasnim suptilnim mirisom svje\u017eih cvjetova jasmina, ru\u017ee, sandalovine i badema.  Ko\u017ea ostaje hidratizirana 48 sati  &nbsp;  &nbsp;  Jasmin  Jasminu se tako\u0111er ka\u017ee kralj mirisa, poznato je da je odu\u0161evljavao i Kleopatru. Pripada me\u0111u najskuplja eteri\u010dna ulja. Jo\u0161 u davnini su u Kini i Indiji cijenili njegov utjecaj na ljudsku \u010dulnost. Njegov miris u nama budi avanturisti\u010dki duh i poti\u010de izra\u017eavanje intimnih emocija. Djeluje kao afrodizijak, poma\u017ee ubla\u017eiti menstrualne simptome i emocionalni stres. Ko\u017eu omek\u0161ava, izgla\u0111uje i pove\u0107ava njenu elasti\u010dnost, stoga je izvrsno sredstvo za njegu suhe i osjetljive ko\u017ee. Eteri\u010dno ulje jasmina poti\u010de osje\u0107aje optimizma, samopouzdanja i entuzijazma. Na radnom mjestu \u0107e vam njegov miris pomo\u0107i pobolj\u0161ati koncentraciju i raspolo\u017eenje, a u kadi \u0107e vas opustiti, umiriti i zatim odvesti u mirniji san.  &nbsp;  Ylang ylang  Je li va\u0161 \u017eivot u posljednje vrijeme vrlo stresan? Eteri\u010dno ulje ylang ylang je jedan od najboljih prirodnih izbora za sve koji \u017eele smanjiti negativne utjecaje stresa na va\u0161e tijelo i osje\u0107aj. To je eteri\u010dno ulje koje brzo pobolj\u0161ava raspolo\u017eenje i sprje\u010dava prekomjerno izlu\u010divanje kortizola, koji mnogi nazivaju stresnim hormonom. Indonezijski mladenci \u010desto posipaju cvjetove mirisne kanange po bra\u010dnom krevetu. Dakle, ako imate problema s libidom, eteri\u010dno ulje ylang ylanga je izvrsno rje\u0161enje. Pove\u0107ava seksualni nagon, kako kod mu\u0161karaca tako i kod \u017eena. Udisanje mirisa ovog eteri\u010dnog ulja mo\u017ee \u010dak pomo\u0107i i kod impotencije.  &nbsp;  Sandalovina  Danas se ulje sandalovine zbog njegove niske, polagano isparavaju\u0107e note koristi u parfemima i u njeguju\u0107im kozmeti\u010dkim proizvodima. Ubla\u017eava i umiruje razne probleme s ko\u017eom, izvrsno je za njegu suhe, dehidrirane i ispucale ko\u017ee. Njegov miris djeluje antidepresivno i opu\u0161taju\u0107e.  &nbsp;  Ru\u017ea  Danas je ru\u017eino odnosno ru\u017ei\u010dasto ulje jedno od najvrijednijih ulja, poznato po svojem \u0161irokom spektru djelovanja i nezamjenjivo u parfumskoj industriji. Na ko\u017eu djeluje adstrigentno (spre\u010dava upalne reakcije na ko\u017ei i njezinu osjetljivost na vanjske utjecaje), ima blago antimikrobno djelovanje i njeguje suhu, zrelu i osjetljivu ko\u017eu. Miris ru\u017ee smiruje, opu\u0161ta i podi\u017ee raspolo\u017eenje.  Bademovo ulje  Za elasti\u010dnu ko\u017eu je prikladno za sve \u017eene koje \u017eele u\u010dvrstiti i izgladiti ko\u017eu. Bogato masnim kiselinama omega-3 i omega-6, hidratizira ko\u017eu i \u010dini je elasti\u010dnom.\" \/>\n<meta property=\"og:url\" content=\"https:\/\/luxury-intimate.com\/olje\/jasmin-in-damascanska-vrtnica-naravno-negovalno-olje-za-telo\/\" \/>\n<meta property=\"og:site_name\" content=\"Luxury Intimate\" \/>\n<meta property=\"article:modified_time\" content=\"2023-12-27T10:44:34+00:00\" \/>\n<meta property=\"og:image\" content=\"https:\/\/luxury-intimate.com\/wp-content\/uploads\/2023\/11\/jasminolje.jpg\" \/>\n\t<meta property=\"og:image:width\" content=\"1500\" \/>\n\t<meta property=\"og:image:height\" content=\"1500\" \/>\n\t<meta property=\"og:image:type\" content=\"image\/jpeg\" \/>\n<meta name=\"twitter:card\" content=\"summary_large_image\" \/>\n<script type=\"application\/ld+json\" class=\"yoast-schema-graph\">{\"@context\":\"https:\/\/schema.org\",\"@graph\":[{\"@type\":\"WebPage\",\"@id\":\"https:\/\/luxury-intimate.com\/olje\/jasmin-in-damascanska-vrtnica-naravno-negovalno-olje-za-telo\/\",\"url\":\"https:\/\/luxury-intimate.com\/olje\/jasmin-in-damascanska-vrtnica-naravno-negovalno-olje-za-telo\/\",\"name\":\"Jasmin I Damaskanska ru\u017ea prirodno parfemsko ulje za njegu tjela - Luxury Intimate\",\"isPartOf\":{\"@id\":\"https:\/\/luxury-intimate.com\/#website\"},\"primaryImageOfPage\":{\"@id\":\"https:\/\/luxury-intimate.com\/olje\/jasmin-in-damascanska-vrtnica-naravno-negovalno-olje-za-telo\/#primaryimage\"},\"image\":{\"@id\":\"https:\/\/luxury-intimate.com\/olje\/jasmin-in-damascanska-vrtnica-naravno-negovalno-olje-za-telo\/#primaryimage\"},\"thumbnailUrl\":\"https:\/\/luxury-intimate.com\/wp-content\/uploads\/2023\/11\/jasminolje.jpg\",\"datePublished\":\"2023-05-05T13:00:25+00:00\",\"dateModified\":\"2023-12-27T10:44:34+00:00\",\"breadcrumb\":{\"@id\":\"https:\/\/luxury-intimate.com\/olje\/jasmin-in-damascanska-vrtnica-naravno-negovalno-olje-za-telo\/#breadcrumb\"},\"inLanguage\":\"hr\",\"potentialAction\":[{\"@type\":\"ReadAction\",\"target\":[\"https:\/\/luxury-intimate.com\/olje\/jasmin-in-damascanska-vrtnica-naravno-negovalno-olje-za-telo\/\"]}]},{\"@type\":\"ImageObject\",\"inLanguage\":\"hr\",\"@id\":\"https:\/\/luxury-intimate.com\/olje\/jasmin-in-damascanska-vrtnica-naravno-negovalno-olje-za-telo\/#primaryimage\",\"url\":\"https:\/\/luxury-intimate.com\/wp-content\/uploads\/2023\/11\/jasminolje.jpg\",\"contentUrl\":\"https:\/\/luxury-intimate.com\/wp-content\/uploads\/2023\/11\/jasminolje.jpg\",\"width\":1500,\"height\":1500},{\"@type\":\"BreadcrumbList\",\"@id\":\"https:\/\/luxury-intimate.com\/olje\/jasmin-in-damascanska-vrtnica-naravno-negovalno-olje-za-telo\/#breadcrumb\",\"itemListElement\":[{\"@type\":\"ListItem\",\"position\":1,\"name\":\"Home\",\"item\":\"https:\/\/luxury-intimate.com\/hr\/\"},{\"@type\":\"ListItem\",\"position\":2,\"name\":\"Shop\",\"item\":\"https:\/\/luxury-intimate.com\/hr\/shop\/\"},{\"@type\":\"ListItem\",\"position\":3,\"name\":\"Jasmin I Damaskanska ru\u017ea prirodno parfemsko ulje za njegu tjela\"}]},{\"@type\":\"WebSite\",\"@id\":\"https:\/\/luxury-intimate.com\/#website\",\"url\":\"https:\/\/luxury-intimate.com\/\",\"name\":\"Luxury Intimate\",\"description\":\"Li Quandisa\",\"potentialAction\":[{\"@type\":\"SearchAction\",\"target\":{\"@type\":\"EntryPoint\",\"urlTemplate\":\"https:\/\/luxury-intimate.com\/?s={search_term_string}\"},\"query-input\":{\"@type\":\"PropertyValueSpecification\",\"valueRequired\":true,\"valueName\":\"search_term_string\"}}],\"inLanguage\":\"hr\"}]}<\/script>\n<!-- \/ Yoast SEO plugin. -->","yoast_head_json":{"title":"Jasmin I Damaskanska ru\u017ea prirodno parfemsko ulje za njegu tjela - Luxury Intimate","robots":{"index":"index","follow":"follow","max-snippet":"max-snippet:-1","max-image-preview":"max-image-preview:large","max-video-preview":"max-video-preview:-1"},"canonical":"https:\/\/luxury-intimate.com\/olje\/jasmin-in-damascanska-vrtnica-naravno-negovalno-olje-za-telo\/","og_locale":"hr_HR","og_type":"article","og_title":"Jasmin I Damaskanska ru\u017ea prirodno parfemsko ulje za njegu tjela - Luxury Intimate","og_description":"Opajaju\u0107i miris i svilenkasta ko\u017ea  Otkrijte \u010daroliju Li Quandis ulja za tijelo s cvjetovima jasmina, bademom, ru\u017eom i sandalovinom. Ova odabrana mje\u0161avina ne\u0161to je \u0161to \u0107e va\u0161e tijelo i sva va\u0161a osjetila odvesti u apsolutnu njegu ko\u017ee i opu\u0161tanje svih osjetila. Osim toga, va\u0161a ko\u017ea bit \u0107e ljep\u0161a na dodir, \u010dvr\u0161\u0107a i satenski glatka. Nakon upotrebe, ko\u017ea je opu\u0161tena, sjajna i odi\u0161e slasnim suptilnim mirisom svje\u017eih cvjetova jasmina, ru\u017ee, sandalovine i badema.  Ko\u017ea ostaje hidratizirana 48 sati  &nbsp;  &nbsp;  Jasmin  Jasminu se tako\u0111er ka\u017ee kralj mirisa, poznato je da je odu\u0161evljavao i Kleopatru. Pripada me\u0111u najskuplja eteri\u010dna ulja. Jo\u0161 u davnini su u Kini i Indiji cijenili njegov utjecaj na ljudsku \u010dulnost. Njegov miris u nama budi avanturisti\u010dki duh i poti\u010de izra\u017eavanje intimnih emocija. Djeluje kao afrodizijak, poma\u017ee ubla\u017eiti menstrualne simptome i emocionalni stres. Ko\u017eu omek\u0161ava, izgla\u0111uje i pove\u0107ava njenu elasti\u010dnost, stoga je izvrsno sredstvo za njegu suhe i osjetljive ko\u017ee. Eteri\u010dno ulje jasmina poti\u010de osje\u0107aje optimizma, samopouzdanja i entuzijazma. Na radnom mjestu \u0107e vam njegov miris pomo\u0107i pobolj\u0161ati koncentraciju i raspolo\u017eenje, a u kadi \u0107e vas opustiti, umiriti i zatim odvesti u mirniji san.  &nbsp;  Ylang ylang  Je li va\u0161 \u017eivot u posljednje vrijeme vrlo stresan? Eteri\u010dno ulje ylang ylang je jedan od najboljih prirodnih izbora za sve koji \u017eele smanjiti negativne utjecaje stresa na va\u0161e tijelo i osje\u0107aj. To je eteri\u010dno ulje koje brzo pobolj\u0161ava raspolo\u017eenje i sprje\u010dava prekomjerno izlu\u010divanje kortizola, koji mnogi nazivaju stresnim hormonom. Indonezijski mladenci \u010desto posipaju cvjetove mirisne kanange po bra\u010dnom krevetu. Dakle, ako imate problema s libidom, eteri\u010dno ulje ylang ylanga je izvrsno rje\u0161enje. Pove\u0107ava seksualni nagon, kako kod mu\u0161karaca tako i kod \u017eena. Udisanje mirisa ovog eteri\u010dnog ulja mo\u017ee \u010dak pomo\u0107i i kod impotencije.  &nbsp;  Sandalovina  Danas se ulje sandalovine zbog njegove niske, polagano isparavaju\u0107e note koristi u parfemima i u njeguju\u0107im kozmeti\u010dkim proizvodima. Ubla\u017eava i umiruje razne probleme s ko\u017eom, izvrsno je za njegu suhe, dehidrirane i ispucale ko\u017ee. Njegov miris djeluje antidepresivno i opu\u0161taju\u0107e.  &nbsp;  Ru\u017ea  Danas je ru\u017eino odnosno ru\u017ei\u010dasto ulje jedno od najvrijednijih ulja, poznato po svojem \u0161irokom spektru djelovanja i nezamjenjivo u parfumskoj industriji. Na ko\u017eu djeluje adstrigentno (spre\u010dava upalne reakcije na ko\u017ei i njezinu osjetljivost na vanjske utjecaje), ima blago antimikrobno djelovanje i njeguje suhu, zrelu i osjetljivu ko\u017eu. Miris ru\u017ee smiruje, opu\u0161ta i podi\u017ee raspolo\u017eenje.  Bademovo ulje  Za elasti\u010dnu ko\u017eu je prikladno za sve \u017eene koje \u017eele u\u010dvrstiti i izgladiti ko\u017eu. Bogato masnim kiselinama omega-3 i omega-6, hidratizira ko\u017eu i \u010dini je elasti\u010dnom.","og_url":"https:\/\/luxury-intimate.com\/olje\/jasmin-in-damascanska-vrtnica-naravno-negovalno-olje-za-telo\/","og_site_name":"Luxury Intimate","article_modified_time":"2023-12-27T10:44:34+00:00","og_image":[{"width":1500,"height":1500,"url":"https:\/\/luxury-intimate.com\/wp-content\/uploads\/2023\/11\/jasminolje.jpg","type":"image\/jpeg"}],"twitter_card":"summary_large_image","schema":{"@context":"https:\/\/schema.org","@graph":[{"@type":"WebPage","@id":"https:\/\/luxury-intimate.com\/olje\/jasmin-in-damascanska-vrtnica-naravno-negovalno-olje-za-telo\/","url":"https:\/\/luxury-intimate.com\/olje\/jasmin-in-damascanska-vrtnica-naravno-negovalno-olje-za-telo\/","name":"Jasmin I Damaskanska ru\u017ea prirodno parfemsko ulje za njegu tjela - Luxury Intimate","isPartOf":{"@id":"https:\/\/luxury-intimate.com\/#website"},"primaryImageOfPage":{"@id":"https:\/\/luxury-intimate.com\/olje\/jasmin-in-damascanska-vrtnica-naravno-negovalno-olje-za-telo\/#primaryimage"},"image":{"@id":"https:\/\/luxury-intimate.com\/olje\/jasmin-in-damascanska-vrtnica-naravno-negovalno-olje-za-telo\/#primaryimage"},"thumbnailUrl":"https:\/\/luxury-intimate.com\/wp-content\/uploads\/2023\/11\/jasminolje.jpg","datePublished":"2023-05-05T13:00:25+00:00","dateModified":"2023-12-27T10:44:34+00:00","breadcrumb":{"@id":"https:\/\/luxury-intimate.com\/olje\/jasmin-in-damascanska-vrtnica-naravno-negovalno-olje-za-telo\/#breadcrumb"},"inLanguage":"hr","potentialAction":[{"@type":"ReadAction","target":["https:\/\/luxury-intimate.com\/olje\/jasmin-in-damascanska-vrtnica-naravno-negovalno-olje-za-telo\/"]}]},{"@type":"ImageObject","inLanguage":"hr","@id":"https:\/\/luxury-intimate.com\/olje\/jasmin-in-damascanska-vrtnica-naravno-negovalno-olje-za-telo\/#primaryimage","url":"https:\/\/luxury-intimate.com\/wp-content\/uploads\/2023\/11\/jasminolje.jpg","contentUrl":"https:\/\/luxury-intimate.com\/wp-content\/uploads\/2023\/11\/jasminolje.jpg","width":1500,"height":1500},{"@type":"BreadcrumbList","@id":"https:\/\/luxury-intimate.com\/olje\/jasmin-in-damascanska-vrtnica-naravno-negovalno-olje-za-telo\/#breadcrumb","itemListElement":[{"@type":"ListItem","position":1,"name":"Home","item":"https:\/\/luxury-intimate.com\/hr\/"},{"@type":"ListItem","position":2,"name":"Shop","item":"https:\/\/luxury-intimate.com\/hr\/shop\/"},{"@type":"ListItem","position":3,"name":"Jasmin I Damaskanska ru\u017ea prirodno parfemsko ulje za njegu tjela"}]},{"@type":"WebSite","@id":"https:\/\/luxury-intimate.com\/#website","url":"https:\/\/luxury-intimate.com\/","name":"Luxury Intimate","description":"Li Quandisa","potentialAction":[{"@type":"SearchAction","target":{"@type":"EntryPoint","urlTemplate":"https:\/\/luxury-intimate.com\/?s={search_term_string}"},"query-input":{"@type":"PropertyValueSpecification","valueRequired":true,"valueName":"search_term_string"}}],"inLanguage":"hr"}]}},"_links":{"self":[{"href":"https:\/\/luxury-intimate.com\/hr\/wp-json\/wp\/v2\/product\/19852","targetHints":{"allow":["GET"]}}],"collection":[{"href":"https:\/\/luxury-intimate.com\/hr\/wp-json\/wp\/v2\/product"}],"about":[{"href":"https:\/\/luxury-intimate.com\/hr\/wp-json\/wp\/v2\/types\/product"}],"wp:featuredmedia":[{"embeddable":true,"href":"https:\/\/luxury-intimate.com\/hr\/wp-json\/wp\/v2\/media\/19687"}],"wp:attachment":[{"href":"https:\/\/luxury-intimate.com\/hr\/wp-json\/wp\/v2\/media?parent=19852"}],"wp:term":[{"taxonomy":"product_brand","embeddable":true,"href":"https:\/\/luxury-intimate.com\/hr\/wp-json\/wp\/v2\/product_brand?post=19852"},{"taxonomy":"product_cat","embeddable":true,"href":"https:\/\/luxury-intimate.com\/hr\/wp-json\/wp\/v2\/product_cat?post=19852"},{"taxonomy":"product_tag","embeddable":true,"href":"https:\/\/luxury-intimate.com\/hr\/wp-json\/wp\/v2\/product_tag?post=19852"}],"curies":[{"name":"wp","href":"https:\/\/api.w.org\/{rel}","templated":true}]}}