{"id":25006,"date":"2022-06-10T09:59:35","date_gmt":"2022-06-10T07:59:35","guid":{"rendered":"https:\/\/luxury-intimate.com\/Bez%20kategorije\/potovalna-diseca-sveca-hagia-sophia\/"},"modified":"2024-11-28T13:27:45","modified_gmt":"2024-11-28T11:27:45","slug":"potovalna-diseca-sveca-hagia-sophia","status":"publish","type":"product","link":"https:\/\/luxury-intimate.com\/hr\/intimnost-doma-hr\/potovalna-diseca-sveca-hagia-sophia\/","title":{"rendered":"POTOVALNA DI\u0160E\u010cA SVE\u010cA HAGIA SOPHIA"},"content":{"rendered":"","protected":false},"excerpt":{"rendered":"<p>Odkrijte skrivnostne arome Istanbula in pustite, da vam misli odtavajo v misti\u010dni orientalski svet. Na\u0161e potovanje se za\u010dne na \u017eivahnih ulicah pisanega bazarja in njihovem o\u010darljivem vonju bergamotke, za\u010dinjene z zelenim kardamomom, \u010drnim poprom in \u017eafranom, ki se zlije v zapeljive cvetli\u010dne vonje. Ob koncu dneva, ko zahajajo\u010de sonce razsvetli to \u010darobno mesto nad Bosporjem in se dan prevesi v no\u010d, obalni veter po ulicah razna\u0161a sladke arome vanilije in atla\u0161ke cedre. Ta bogata, sladka in razko\u0161na me\u0161anica nas popelje na mesto, kjer se prepletajo kulture zahoda in vzhoda.   <\/p>\n<ul>\n<li>Zgornje note: Bergamotka, Zeleni kardamom, \u010crni poper<\/li>\n<li>Srednje note: Bela ro\u017ea, \u017dafran<\/li>\n<li>Spodnje note: Vanilija, Atla\u0161ka cedra, Gvajak<\/li>\n<\/ul>\n<p>Ro\u010dno narejene v Sloveniji, iz naravnega sojinega voska, bomba\u017enih stenjev in izbranih di\u0161av iz Francije. Vsebujejo me\u0161anico mletih kristalov, ki blagodejno vplivajo na na\u0161e po\u010dutje in \u010distijo prostor. <\/p>\n<ul>\n<li>Te\u017ea: 180g<\/li>\n<li>Premer: 7,5 cm<\/li>\n<li>Vi\u0161ina: 6,8 cm<\/li>\n<li>\u010cas gorenja: 35 ur<\/li>\n<li>Primerna tudi za manj\u0161e prostore (10-30 m2)<\/li>\n<\/ul>\n","protected":false},"featured_media":21890,"template":"","meta":{"_acf_changed":false,"inline_featured_image":false},"product_brand":[],"product_cat":[72],"product_tag":[],"class_list":{"0":"post-25006","1":"product","2":"type-product","3":"status-publish","4":"has-post-thumbnail","6":"product_cat-intimnost-doma-hr","8":"first","9":"instock","10":"taxable","11":"shipping-taxable","12":"purchasable","13":"product-type-simple"},"acf":[],"yoast_head":"<!-- This site is optimized with the Yoast SEO plugin v27.1.1 - https:\/\/yoast.com\/product\/yoast-seo-wordpress\/ -->\n<title>POTOVALNA DI\u0160E\u010cA SVE\u010cA HAGIA SOPHIA - Luxury Intimate<\/title>\n<meta name=\"robots\" content=\"index, follow, max-snippet:-1, max-image-preview:large, max-video-preview:-1\" \/>\n<link rel=\"canonical\" href=\"https:\/\/luxury-intimate.com\/intimnost-doma\/potovalna-diseca-sveca-hagia-sophia\/\" \/>\n<meta property=\"og:locale\" content=\"hr_HR\" \/>\n<meta property=\"og:type\" content=\"article\" \/>\n<meta property=\"og:title\" content=\"POTOVALNA DI\u0160E\u010cA SVE\u010cA HAGIA SOPHIA - Luxury Intimate\" \/>\n<meta property=\"og:description\" content=\"Odkrijte skrivnostne arome Istanbula in pustite, da vam misli odtavajo v misti\u010dni orientalski svet. Na\u0161e potovanje se za\u010dne na \u017eivahnih ulicah pisanega bazarja in njihovem o\u010darljivem vonju bergamotke, za\u010dinjene z zelenim kardamomom, \u010drnim poprom in \u017eafranom, ki se zlije v zapeljive cvetli\u010dne vonje. Ob koncu dneva, ko zahajajo\u010de sonce razsvetli to \u010darobno mesto nad Bosporjem in se dan prevesi v no\u010d, obalni veter po ulicah razna\u0161a sladke arome vanilije in atla\u0161ke cedre. Ta bogata, sladka in razko\u0161na me\u0161anica nas popelje na mesto, kjer se prepletajo kulture zahoda in vzhoda.    Zgornje note: Bergamotka, Zeleni kardamom, \u010crni poper  Srednje note: Bela ro\u017ea, \u017dafran  Spodnje note: Vanilija, Atla\u0161ka cedra, Gvajak Ro\u010dno narejene v Sloveniji, iz naravnega sojinega voska, bomba\u017enih stenjev in izbranih di\u0161av iz Francije. Vsebujejo me\u0161anico mletih kristalov, ki blagodejno vplivajo na na\u0161e po\u010dutje in \u010distijo prostor.   Te\u017ea: 180g  Premer: 7,5 cm  Vi\u0161ina: 6,8 cm  \u010cas gorenja: 35 ur  Primerna tudi za manj\u0161e prostore (10-30 m2)\" \/>\n<meta property=\"og:url\" content=\"https:\/\/luxury-intimate.com\/intimnost-doma\/potovalna-diseca-sveca-hagia-sophia\/\" \/>\n<meta property=\"og:site_name\" content=\"Luxury Intimate\" \/>\n<meta property=\"article:modified_time\" content=\"2024-11-28T11:27:45+00:00\" \/>\n<meta property=\"og:image\" content=\"https:\/\/luxury-intimate.com\/wp-content\/uploads\/2024\/04\/Hagia-sophia-mala-scaled-e1638433736730.jpg\" \/>\n\t<meta property=\"og:image:width\" content=\"1095\" \/>\n\t<meta property=\"og:image:height\" content=\"1061\" \/>\n\t<meta property=\"og:image:type\" content=\"image\/jpeg\" \/>\n<meta name=\"twitter:card\" content=\"summary_large_image\" \/>\n<script type=\"application\/ld+json\" class=\"yoast-schema-graph\">{\"@context\":\"https:\/\/schema.org\",\"@graph\":[{\"@type\":\"WebPage\",\"@id\":\"https:\/\/luxury-intimate.com\/intimnost-doma\/potovalna-diseca-sveca-hagia-sophia\/\",\"url\":\"https:\/\/luxury-intimate.com\/intimnost-doma\/potovalna-diseca-sveca-hagia-sophia\/\",\"name\":\"POTOVALNA DI\u0160E\u010cA SVE\u010cA HAGIA SOPHIA - Luxury Intimate\",\"isPartOf\":{\"@id\":\"https:\/\/luxury-intimate.com\/#website\"},\"primaryImageOfPage\":{\"@id\":\"https:\/\/luxury-intimate.com\/intimnost-doma\/potovalna-diseca-sveca-hagia-sophia\/#primaryimage\"},\"image\":{\"@id\":\"https:\/\/luxury-intimate.com\/intimnost-doma\/potovalna-diseca-sveca-hagia-sophia\/#primaryimage\"},\"thumbnailUrl\":\"https:\/\/luxury-intimate.com\/wp-content\/uploads\/2024\/04\/Hagia-sophia-mala-scaled-e1638433736730.jpg\",\"datePublished\":\"2022-06-10T07:59:35+00:00\",\"dateModified\":\"2024-11-28T11:27:45+00:00\",\"breadcrumb\":{\"@id\":\"https:\/\/luxury-intimate.com\/intimnost-doma\/potovalna-diseca-sveca-hagia-sophia\/#breadcrumb\"},\"inLanguage\":\"hr\",\"potentialAction\":[{\"@type\":\"ReadAction\",\"target\":[\"https:\/\/luxury-intimate.com\/intimnost-doma\/potovalna-diseca-sveca-hagia-sophia\/\"]}]},{\"@type\":\"ImageObject\",\"inLanguage\":\"hr\",\"@id\":\"https:\/\/luxury-intimate.com\/intimnost-doma\/potovalna-diseca-sveca-hagia-sophia\/#primaryimage\",\"url\":\"https:\/\/luxury-intimate.com\/wp-content\/uploads\/2024\/04\/Hagia-sophia-mala-scaled-e1638433736730.jpg\",\"contentUrl\":\"https:\/\/luxury-intimate.com\/wp-content\/uploads\/2024\/04\/Hagia-sophia-mala-scaled-e1638433736730.jpg\",\"width\":1095,\"height\":1061},{\"@type\":\"BreadcrumbList\",\"@id\":\"https:\/\/luxury-intimate.com\/intimnost-doma\/potovalna-diseca-sveca-hagia-sophia\/#breadcrumb\",\"itemListElement\":[{\"@type\":\"ListItem\",\"position\":1,\"name\":\"Home\",\"item\":\"https:\/\/luxury-intimate.com\/hr\/\"},{\"@type\":\"ListItem\",\"position\":2,\"name\":\"Shop\",\"item\":\"https:\/\/luxury-intimate.com\/hr\/shop\/\"},{\"@type\":\"ListItem\",\"position\":3,\"name\":\"POTOVALNA DI\u0160E\u010cA SVE\u010cA HAGIA SOPHIA\"}]},{\"@type\":\"WebSite\",\"@id\":\"https:\/\/luxury-intimate.com\/#website\",\"url\":\"https:\/\/luxury-intimate.com\/\",\"name\":\"Luxury Intimate\",\"description\":\"Li Quandisa\",\"potentialAction\":[{\"@type\":\"SearchAction\",\"target\":{\"@type\":\"EntryPoint\",\"urlTemplate\":\"https:\/\/luxury-intimate.com\/?s={search_term_string}\"},\"query-input\":{\"@type\":\"PropertyValueSpecification\",\"valueRequired\":true,\"valueName\":\"search_term_string\"}}],\"inLanguage\":\"hr\"}]}<\/script>\n<!-- \/ Yoast SEO plugin. -->","yoast_head_json":{"title":"POTOVALNA DI\u0160E\u010cA SVE\u010cA HAGIA SOPHIA - Luxury Intimate","robots":{"index":"index","follow":"follow","max-snippet":"max-snippet:-1","max-image-preview":"max-image-preview:large","max-video-preview":"max-video-preview:-1"},"canonical":"https:\/\/luxury-intimate.com\/intimnost-doma\/potovalna-diseca-sveca-hagia-sophia\/","og_locale":"hr_HR","og_type":"article","og_title":"POTOVALNA DI\u0160E\u010cA SVE\u010cA HAGIA SOPHIA - Luxury Intimate","og_description":"Odkrijte skrivnostne arome Istanbula in pustite, da vam misli odtavajo v misti\u010dni orientalski svet. Na\u0161e potovanje se za\u010dne na \u017eivahnih ulicah pisanega bazarja in njihovem o\u010darljivem vonju bergamotke, za\u010dinjene z zelenim kardamomom, \u010drnim poprom in \u017eafranom, ki se zlije v zapeljive cvetli\u010dne vonje. Ob koncu dneva, ko zahajajo\u010de sonce razsvetli to \u010darobno mesto nad Bosporjem in se dan prevesi v no\u010d, obalni veter po ulicah razna\u0161a sladke arome vanilije in atla\u0161ke cedre. Ta bogata, sladka in razko\u0161na me\u0161anica nas popelje na mesto, kjer se prepletajo kulture zahoda in vzhoda.    Zgornje note: Bergamotka, Zeleni kardamom, \u010crni poper  Srednje note: Bela ro\u017ea, \u017dafran  Spodnje note: Vanilija, Atla\u0161ka cedra, Gvajak Ro\u010dno narejene v Sloveniji, iz naravnega sojinega voska, bomba\u017enih stenjev in izbranih di\u0161av iz Francije. Vsebujejo me\u0161anico mletih kristalov, ki blagodejno vplivajo na na\u0161e po\u010dutje in \u010distijo prostor.   Te\u017ea: 180g  Premer: 7,5 cm  Vi\u0161ina: 6,8 cm  \u010cas gorenja: 35 ur  Primerna tudi za manj\u0161e prostore (10-30 m2)","og_url":"https:\/\/luxury-intimate.com\/intimnost-doma\/potovalna-diseca-sveca-hagia-sophia\/","og_site_name":"Luxury Intimate","article_modified_time":"2024-11-28T11:27:45+00:00","og_image":[{"width":1095,"height":1061,"url":"https:\/\/luxury-intimate.com\/wp-content\/uploads\/2024\/04\/Hagia-sophia-mala-scaled-e1638433736730.jpg","type":"image\/jpeg"}],"twitter_card":"summary_large_image","schema":{"@context":"https:\/\/schema.org","@graph":[{"@type":"WebPage","@id":"https:\/\/luxury-intimate.com\/intimnost-doma\/potovalna-diseca-sveca-hagia-sophia\/","url":"https:\/\/luxury-intimate.com\/intimnost-doma\/potovalna-diseca-sveca-hagia-sophia\/","name":"POTOVALNA DI\u0160E\u010cA SVE\u010cA HAGIA SOPHIA - Luxury Intimate","isPartOf":{"@id":"https:\/\/luxury-intimate.com\/#website"},"primaryImageOfPage":{"@id":"https:\/\/luxury-intimate.com\/intimnost-doma\/potovalna-diseca-sveca-hagia-sophia\/#primaryimage"},"image":{"@id":"https:\/\/luxury-intimate.com\/intimnost-doma\/potovalna-diseca-sveca-hagia-sophia\/#primaryimage"},"thumbnailUrl":"https:\/\/luxury-intimate.com\/wp-content\/uploads\/2024\/04\/Hagia-sophia-mala-scaled-e1638433736730.jpg","datePublished":"2022-06-10T07:59:35+00:00","dateModified":"2024-11-28T11:27:45+00:00","breadcrumb":{"@id":"https:\/\/luxury-intimate.com\/intimnost-doma\/potovalna-diseca-sveca-hagia-sophia\/#breadcrumb"},"inLanguage":"hr","potentialAction":[{"@type":"ReadAction","target":["https:\/\/luxury-intimate.com\/intimnost-doma\/potovalna-diseca-sveca-hagia-sophia\/"]}]},{"@type":"ImageObject","inLanguage":"hr","@id":"https:\/\/luxury-intimate.com\/intimnost-doma\/potovalna-diseca-sveca-hagia-sophia\/#primaryimage","url":"https:\/\/luxury-intimate.com\/wp-content\/uploads\/2024\/04\/Hagia-sophia-mala-scaled-e1638433736730.jpg","contentUrl":"https:\/\/luxury-intimate.com\/wp-content\/uploads\/2024\/04\/Hagia-sophia-mala-scaled-e1638433736730.jpg","width":1095,"height":1061},{"@type":"BreadcrumbList","@id":"https:\/\/luxury-intimate.com\/intimnost-doma\/potovalna-diseca-sveca-hagia-sophia\/#breadcrumb","itemListElement":[{"@type":"ListItem","position":1,"name":"Home","item":"https:\/\/luxury-intimate.com\/hr\/"},{"@type":"ListItem","position":2,"name":"Shop","item":"https:\/\/luxury-intimate.com\/hr\/shop\/"},{"@type":"ListItem","position":3,"name":"POTOVALNA DI\u0160E\u010cA SVE\u010cA HAGIA SOPHIA"}]},{"@type":"WebSite","@id":"https:\/\/luxury-intimate.com\/#website","url":"https:\/\/luxury-intimate.com\/","name":"Luxury Intimate","description":"Li Quandisa","potentialAction":[{"@type":"SearchAction","target":{"@type":"EntryPoint","urlTemplate":"https:\/\/luxury-intimate.com\/?s={search_term_string}"},"query-input":{"@type":"PropertyValueSpecification","valueRequired":true,"valueName":"search_term_string"}}],"inLanguage":"hr"}]}},"_links":{"self":[{"href":"https:\/\/luxury-intimate.com\/hr\/wp-json\/wp\/v2\/product\/25006","targetHints":{"allow":["GET"]}}],"collection":[{"href":"https:\/\/luxury-intimate.com\/hr\/wp-json\/wp\/v2\/product"}],"about":[{"href":"https:\/\/luxury-intimate.com\/hr\/wp-json\/wp\/v2\/types\/product"}],"wp:featuredmedia":[{"embeddable":true,"href":"https:\/\/luxury-intimate.com\/hr\/wp-json\/wp\/v2\/media\/21890"}],"wp:attachment":[{"href":"https:\/\/luxury-intimate.com\/hr\/wp-json\/wp\/v2\/media?parent=25006"}],"wp:term":[{"taxonomy":"product_brand","embeddable":true,"href":"https:\/\/luxury-intimate.com\/hr\/wp-json\/wp\/v2\/product_brand?post=25006"},{"taxonomy":"product_cat","embeddable":true,"href":"https:\/\/luxury-intimate.com\/hr\/wp-json\/wp\/v2\/product_cat?post=25006"},{"taxonomy":"product_tag","embeddable":true,"href":"https:\/\/luxury-intimate.com\/hr\/wp-json\/wp\/v2\/product_tag?post=25006"}],"curies":[{"name":"wp","href":"https:\/\/api.w.org\/{rel}","templated":true}]}}