{"id":25025,"date":"2022-06-08T09:57:46","date_gmt":"2022-06-08T07:57:46","guid":{"rendered":"https:\/\/luxury-intimate.com\/Bez kategorije\/difuzor-set-pantheon\/"},"modified":"2024-11-23T13:25:11","modified_gmt":"2024-11-23T11:25:11","slug":"difuzor-set-pantheon","status":"publish","type":"product","link":"https:\/\/luxury-intimate.com\/hr\/intimnost-doma-hr\/difuzor-set-pantheon\/","title":{"rendered":"DIFUZOR SET PANTHEON"},"content":{"rendered":"","protected":false},"excerpt":{"rendered":"<p>Preobrazite svoj dom v sveti\u0161\u010de in se podajte v misti\u010dni svet anti\u010dnega Rima z difuzorjem Pantheon. V \u010das obredov in ritualov, prepojenih z opojnimi vonji kadil in smol. \u017de stari rimljani so verjeli v zdravilne lastnosti dragocenega jantarja. Jantar je starodavna fosilizirana drevesna smola in predstavlja srce na\u0161e di\u0161ave. Njegova bogata, sladka aroma se zlije v kobinacijo mo\u010dnih lesnih ter dimnih not, ki pri\u010darajo toploto in spokojnost v vsakem domu.    <\/p>\n<ul>\n<li>Zgornje note: Jantar, Klin\u010dki<\/li>\n<li>Srednje note: Benzojeva smola, Ka\u0161mir, Sandalovina<\/li>\n<li>Spodnje note: Vanilija, Kadila<\/li>\n<\/ul>\n<p>&nbsp;<\/p>\n<ul>\n<li>Volumen: 150ml<\/li>\n<li>Premer: 6,5 cm<\/li>\n<li>Vi\u0161ina: 10 cm<\/li>\n<li>\u010cas uporabe: do 5 mesecev<\/li>\n<li>Prilo\u017eeno: 8 pal\u010dk iz naravnega ratana<\/li>\n<li>Pakirano v elegantno embala\u017eo<\/li>\n<\/ul>\n","protected":false},"featured_media":21838,"template":"","meta":{"_acf_changed":false,"inline_featured_image":false},"product_brand":[],"product_cat":[72],"product_tag":[],"class_list":{"0":"post-25025","1":"product","2":"type-product","3":"status-publish","4":"has-post-thumbnail","6":"product_cat-intimnost-doma-hr","8":"first","9":"instock","10":"taxable","11":"shipping-taxable","12":"purchasable","13":"product-type-simple"},"acf":[],"yoast_head":"<!-- This site is optimized with the Yoast SEO plugin v27.1.1 - https:\/\/yoast.com\/product\/yoast-seo-wordpress\/ -->\n<title>DIFUZOR SET PANTHEON - Luxury Intimate<\/title>\n<meta name=\"robots\" content=\"index, follow, max-snippet:-1, max-image-preview:large, max-video-preview:-1\" \/>\n<link rel=\"canonical\" href=\"https:\/\/luxury-intimate.com\/intimnost-doma\/difuzor-set-pantheon\/\" \/>\n<meta property=\"og:locale\" content=\"hr_HR\" \/>\n<meta property=\"og:type\" content=\"article\" \/>\n<meta property=\"og:title\" content=\"DIFUZOR SET PANTHEON - Luxury Intimate\" \/>\n<meta property=\"og:description\" content=\"Preobrazite svoj dom v sveti\u0161\u010de in se podajte v misti\u010dni svet anti\u010dnega Rima z difuzorjem Pantheon. V \u010das obredov in ritualov, prepojenih z opojnimi vonji kadil in smol. \u017de stari rimljani so verjeli v zdravilne lastnosti dragocenega jantarja. Jantar je starodavna fosilizirana drevesna smola in predstavlja srce na\u0161e di\u0161ave. Njegova bogata, sladka aroma se zlije v kobinacijo mo\u010dnih lesnih ter dimnih not, ki pri\u010darajo toploto in spokojnost v vsakem domu.    Zgornje note: Jantar, Klin\u010dki  Srednje note: Benzojeva smola, Ka\u0161mir, Sandalovina  Spodnje note: Vanilija, Kadila &nbsp;  Volumen: 150ml  Premer: 6,5 cm  Vi\u0161ina: 10 cm  \u010cas uporabe: do 5 mesecev  Prilo\u017eeno: 8 pal\u010dk iz naravnega ratana  Pakirano v elegantno embala\u017eo\" \/>\n<meta property=\"og:url\" content=\"https:\/\/luxury-intimate.com\/intimnost-doma\/difuzor-set-pantheon\/\" \/>\n<meta property=\"og:site_name\" content=\"Luxury Intimate\" \/>\n<meta property=\"article:modified_time\" content=\"2024-11-23T11:25:11+00:00\" \/>\n<meta property=\"og:image\" content=\"https:\/\/luxury-intimate.com\/wp-content\/uploads\/2024\/04\/Mock-up-Pantheon-difuzor-e1645797172760.png\" \/>\n\t<meta property=\"og:image:width\" content=\"934\" \/>\n\t<meta property=\"og:image:height\" content=\"990\" \/>\n\t<meta property=\"og:image:type\" content=\"image\/png\" \/>\n<meta name=\"twitter:card\" content=\"summary_large_image\" \/>\n<script type=\"application\/ld+json\" class=\"yoast-schema-graph\">{\"@context\":\"https:\/\/schema.org\",\"@graph\":[{\"@type\":\"WebPage\",\"@id\":\"https:\/\/luxury-intimate.com\/intimnost-doma\/difuzor-set-pantheon\/\",\"url\":\"https:\/\/luxury-intimate.com\/intimnost-doma\/difuzor-set-pantheon\/\",\"name\":\"DIFUZOR SET PANTHEON - Luxury Intimate\",\"isPartOf\":{\"@id\":\"https:\/\/luxury-intimate.com\/#website\"},\"primaryImageOfPage\":{\"@id\":\"https:\/\/luxury-intimate.com\/intimnost-doma\/difuzor-set-pantheon\/#primaryimage\"},\"image\":{\"@id\":\"https:\/\/luxury-intimate.com\/intimnost-doma\/difuzor-set-pantheon\/#primaryimage\"},\"thumbnailUrl\":\"https:\/\/luxury-intimate.com\/wp-content\/uploads\/2024\/04\/Mock-up-Pantheon-difuzor-e1645797172760.png\",\"datePublished\":\"2022-06-08T07:57:46+00:00\",\"dateModified\":\"2024-11-23T11:25:11+00:00\",\"breadcrumb\":{\"@id\":\"https:\/\/luxury-intimate.com\/intimnost-doma\/difuzor-set-pantheon\/#breadcrumb\"},\"inLanguage\":\"hr\",\"potentialAction\":[{\"@type\":\"ReadAction\",\"target\":[\"https:\/\/luxury-intimate.com\/intimnost-doma\/difuzor-set-pantheon\/\"]}]},{\"@type\":\"ImageObject\",\"inLanguage\":\"hr\",\"@id\":\"https:\/\/luxury-intimate.com\/intimnost-doma\/difuzor-set-pantheon\/#primaryimage\",\"url\":\"https:\/\/luxury-intimate.com\/wp-content\/uploads\/2024\/04\/Mock-up-Pantheon-difuzor-e1645797172760.png\",\"contentUrl\":\"https:\/\/luxury-intimate.com\/wp-content\/uploads\/2024\/04\/Mock-up-Pantheon-difuzor-e1645797172760.png\",\"width\":934,\"height\":990},{\"@type\":\"BreadcrumbList\",\"@id\":\"https:\/\/luxury-intimate.com\/intimnost-doma\/difuzor-set-pantheon\/#breadcrumb\",\"itemListElement\":[{\"@type\":\"ListItem\",\"position\":1,\"name\":\"Home\",\"item\":\"https:\/\/luxury-intimate.com\/hr\/\"},{\"@type\":\"ListItem\",\"position\":2,\"name\":\"Shop\",\"item\":\"https:\/\/luxury-intimate.com\/hr\/shop\/\"},{\"@type\":\"ListItem\",\"position\":3,\"name\":\"DIFUZOR SET PANTHEON\"}]},{\"@type\":\"WebSite\",\"@id\":\"https:\/\/luxury-intimate.com\/#website\",\"url\":\"https:\/\/luxury-intimate.com\/\",\"name\":\"Luxury Intimate\",\"description\":\"Li Quandisa\",\"potentialAction\":[{\"@type\":\"SearchAction\",\"target\":{\"@type\":\"EntryPoint\",\"urlTemplate\":\"https:\/\/luxury-intimate.com\/?s={search_term_string}\"},\"query-input\":{\"@type\":\"PropertyValueSpecification\",\"valueRequired\":true,\"valueName\":\"search_term_string\"}}],\"inLanguage\":\"hr\"}]}<\/script>\n<!-- \/ Yoast SEO plugin. -->","yoast_head_json":{"title":"DIFUZOR SET PANTHEON - Luxury Intimate","robots":{"index":"index","follow":"follow","max-snippet":"max-snippet:-1","max-image-preview":"max-image-preview:large","max-video-preview":"max-video-preview:-1"},"canonical":"https:\/\/luxury-intimate.com\/intimnost-doma\/difuzor-set-pantheon\/","og_locale":"hr_HR","og_type":"article","og_title":"DIFUZOR SET PANTHEON - Luxury Intimate","og_description":"Preobrazite svoj dom v sveti\u0161\u010de in se podajte v misti\u010dni svet anti\u010dnega Rima z difuzorjem Pantheon. V \u010das obredov in ritualov, prepojenih z opojnimi vonji kadil in smol. \u017de stari rimljani so verjeli v zdravilne lastnosti dragocenega jantarja. Jantar je starodavna fosilizirana drevesna smola in predstavlja srce na\u0161e di\u0161ave. Njegova bogata, sladka aroma se zlije v kobinacijo mo\u010dnih lesnih ter dimnih not, ki pri\u010darajo toploto in spokojnost v vsakem domu.    Zgornje note: Jantar, Klin\u010dki  Srednje note: Benzojeva smola, Ka\u0161mir, Sandalovina  Spodnje note: Vanilija, Kadila &nbsp;  Volumen: 150ml  Premer: 6,5 cm  Vi\u0161ina: 10 cm  \u010cas uporabe: do 5 mesecev  Prilo\u017eeno: 8 pal\u010dk iz naravnega ratana  Pakirano v elegantno embala\u017eo","og_url":"https:\/\/luxury-intimate.com\/intimnost-doma\/difuzor-set-pantheon\/","og_site_name":"Luxury Intimate","article_modified_time":"2024-11-23T11:25:11+00:00","og_image":[{"width":934,"height":990,"url":"https:\/\/luxury-intimate.com\/wp-content\/uploads\/2024\/04\/Mock-up-Pantheon-difuzor-e1645797172760.png","type":"image\/png"}],"twitter_card":"summary_large_image","schema":{"@context":"https:\/\/schema.org","@graph":[{"@type":"WebPage","@id":"https:\/\/luxury-intimate.com\/intimnost-doma\/difuzor-set-pantheon\/","url":"https:\/\/luxury-intimate.com\/intimnost-doma\/difuzor-set-pantheon\/","name":"DIFUZOR SET PANTHEON - Luxury Intimate","isPartOf":{"@id":"https:\/\/luxury-intimate.com\/#website"},"primaryImageOfPage":{"@id":"https:\/\/luxury-intimate.com\/intimnost-doma\/difuzor-set-pantheon\/#primaryimage"},"image":{"@id":"https:\/\/luxury-intimate.com\/intimnost-doma\/difuzor-set-pantheon\/#primaryimage"},"thumbnailUrl":"https:\/\/luxury-intimate.com\/wp-content\/uploads\/2024\/04\/Mock-up-Pantheon-difuzor-e1645797172760.png","datePublished":"2022-06-08T07:57:46+00:00","dateModified":"2024-11-23T11:25:11+00:00","breadcrumb":{"@id":"https:\/\/luxury-intimate.com\/intimnost-doma\/difuzor-set-pantheon\/#breadcrumb"},"inLanguage":"hr","potentialAction":[{"@type":"ReadAction","target":["https:\/\/luxury-intimate.com\/intimnost-doma\/difuzor-set-pantheon\/"]}]},{"@type":"ImageObject","inLanguage":"hr","@id":"https:\/\/luxury-intimate.com\/intimnost-doma\/difuzor-set-pantheon\/#primaryimage","url":"https:\/\/luxury-intimate.com\/wp-content\/uploads\/2024\/04\/Mock-up-Pantheon-difuzor-e1645797172760.png","contentUrl":"https:\/\/luxury-intimate.com\/wp-content\/uploads\/2024\/04\/Mock-up-Pantheon-difuzor-e1645797172760.png","width":934,"height":990},{"@type":"BreadcrumbList","@id":"https:\/\/luxury-intimate.com\/intimnost-doma\/difuzor-set-pantheon\/#breadcrumb","itemListElement":[{"@type":"ListItem","position":1,"name":"Home","item":"https:\/\/luxury-intimate.com\/hr\/"},{"@type":"ListItem","position":2,"name":"Shop","item":"https:\/\/luxury-intimate.com\/hr\/shop\/"},{"@type":"ListItem","position":3,"name":"DIFUZOR SET PANTHEON"}]},{"@type":"WebSite","@id":"https:\/\/luxury-intimate.com\/#website","url":"https:\/\/luxury-intimate.com\/","name":"Luxury Intimate","description":"Li Quandisa","potentialAction":[{"@type":"SearchAction","target":{"@type":"EntryPoint","urlTemplate":"https:\/\/luxury-intimate.com\/?s={search_term_string}"},"query-input":{"@type":"PropertyValueSpecification","valueRequired":true,"valueName":"search_term_string"}}],"inLanguage":"hr"}]}},"_links":{"self":[{"href":"https:\/\/luxury-intimate.com\/hr\/wp-json\/wp\/v2\/product\/25025","targetHints":{"allow":["GET"]}}],"collection":[{"href":"https:\/\/luxury-intimate.com\/hr\/wp-json\/wp\/v2\/product"}],"about":[{"href":"https:\/\/luxury-intimate.com\/hr\/wp-json\/wp\/v2\/types\/product"}],"wp:featuredmedia":[{"embeddable":true,"href":"https:\/\/luxury-intimate.com\/hr\/wp-json\/wp\/v2\/media\/21838"}],"wp:attachment":[{"href":"https:\/\/luxury-intimate.com\/hr\/wp-json\/wp\/v2\/media?parent=25025"}],"wp:term":[{"taxonomy":"product_brand","embeddable":true,"href":"https:\/\/luxury-intimate.com\/hr\/wp-json\/wp\/v2\/product_brand?post=25025"},{"taxonomy":"product_cat","embeddable":true,"href":"https:\/\/luxury-intimate.com\/hr\/wp-json\/wp\/v2\/product_cat?post=25025"},{"taxonomy":"product_tag","embeddable":true,"href":"https:\/\/luxury-intimate.com\/hr\/wp-json\/wp\/v2\/product_tag?post=25025"}],"curies":[{"name":"wp","href":"https:\/\/api.w.org\/{rel}","templated":true}]}}