{"id":30151,"date":"2025-11-16T14:14:28","date_gmt":"2025-11-16T12:14:28","guid":{"rendered":"https:\/\/luxury-intimate.com\/Bez%20kategorije\/nocna-glicerinska-maska-s-klincicem-i-bosvelijom\/"},"modified":"2025-11-20T14:42:47","modified_gmt":"2025-11-20T12:42:47","slug":"nocna-glicerinska-maska-s-klincicem-i-bosvelijom","status":"publish","type":"product","link":"https:\/\/luxury-intimate.com\/hr\/uncategorized-hr\/nocna-glicerinska-maska-s-klincicem-i-bosvelijom\/","title":{"rendered":"USKORO &#8211; No\u0107na glicerinska maska s klin\u010di\u0107em i bosvelijom"},"content":{"rendered":"","protected":false},"excerpt":{"rendered":"<p>Ova no\u0107na maska jednostavna je, ali iznimno u\u010dinkovita alkemija triju sna\u017enih prirodnih sastojaka koji zajedno stvaraju savr\u0161enu harmoniju hidratacije, umirenja i obnove ko\u017ee tijekom sna.<\/p>\n<p>Glicerin je prirodni humektant koji nje\u017eno privla\u010di vlagu u dublje slojeve ko\u017ee. Odr\u017eava elasti\u010dnost, meko\u0107u i zdrav sjaj. Smanjuje suho\u0107u i ostavlja ko\u017eu glatkom, mekanom i svilenkastom.<\/p>\n<p>Klin\u010di\u0107 je bogat antioksidansima i eugenolom, poznatim po antibakterijskom i umiruju\u0107em djelovanju. Poma\u017ee kod ne\u010diste ko\u017ee, regulira masno\u0107u te ubrzava zacjeljivanje manjih nepravilnosti. Njegova energija \u010disti, zagrijava i poti\u010de cirkulaciju.<\/p>\n<p>Bosvelija je dragocjena smola drevne mo\u0107i pomla\u0111ivanja. Smanjuje fine linije, djeluje protuupalno i poti\u010de prirodni proces obnove ko\u017ee. Njen umiruju\u0107i miris opu\u0161ta tijelo i um.<\/p>\n<p>Tijekom no\u0107i ko\u017ea se dubinski hidratizira, smiruje i obnavlja. Ujutro je svje\u017ea, sjajna i meka poput svile.Sestavine\/Ingredients (INCI):<br \/>\nGlycerin, Eugenia Caryophyllus Bud, Boswellia Carterii Gum Oil, Pinene, Limonene, Beta-Caryophyllene, Linalool, Terpineol.<\/p>\n","protected":false},"featured_media":30147,"template":"","meta":{"_acf_changed":false,"inline_featured_image":false},"product_brand":[],"product_cat":[76],"product_tag":[],"class_list":{"0":"post-30151","1":"product","2":"type-product","3":"status-publish","4":"has-post-thumbnail","6":"product_cat-uncategorized-hr","8":"first","9":"instock","10":"taxable","11":"shipping-taxable","12":"purchasable","13":"product-type-simple"},"acf":[],"yoast_head":"<!-- This site is optimized with the Yoast SEO plugin v27.1.1 - https:\/\/yoast.com\/product\/yoast-seo-wordpress\/ -->\n<title>USKORO - No\u0107na glicerinska maska s klin\u010di\u0107em i bosvelijom - Luxury Intimate<\/title>\n<meta name=\"robots\" content=\"index, follow, max-snippet:-1, max-image-preview:large, max-video-preview:-1\" \/>\n<link rel=\"canonical\" href=\"https:\/\/luxury-intimate.com\/hr\/uncategorized-hr\/nocna-glicerinska-maska-s-klincicem-i-bosvelijom\/\" \/>\n<meta property=\"og:locale\" content=\"hr_HR\" \/>\n<meta property=\"og:type\" content=\"article\" \/>\n<meta property=\"og:title\" content=\"USKORO - No\u0107na glicerinska maska s klin\u010di\u0107em i bosvelijom - Luxury Intimate\" \/>\n<meta property=\"og:description\" content=\"Ova no\u0107na maska jednostavna je, ali iznimno u\u010dinkovita alkemija triju sna\u017enih prirodnih sastojaka koji zajedno stvaraju savr\u0161enu harmoniju hidratacije, umirenja i obnove ko\u017ee tijekom sna.  Glicerin je prirodni humektant koji nje\u017eno privla\u010di vlagu u dublje slojeve ko\u017ee. Odr\u017eava elasti\u010dnost, meko\u0107u i zdrav sjaj. Smanjuje suho\u0107u i ostavlja ko\u017eu glatkom, mekanom i svilenkastom.  Klin\u010di\u0107 je bogat antioksidansima i eugenolom, poznatim po antibakterijskom i umiruju\u0107em djelovanju. Poma\u017ee kod ne\u010diste ko\u017ee, regulira masno\u0107u te ubrzava zacjeljivanje manjih nepravilnosti. Njegova energija \u010disti, zagrijava i poti\u010de cirkulaciju.  Bosvelija je dragocjena smola drevne mo\u0107i pomla\u0111ivanja. Smanjuje fine linije, djeluje protuupalno i poti\u010de prirodni proces obnove ko\u017ee. Njen umiruju\u0107i miris opu\u0161ta tijelo i um.  Tijekom no\u0107i ko\u017ea se dubinski hidratizira, smiruje i obnavlja. Ujutro je svje\u017ea, sjajna i meka poput svile.Sestavine\/Ingredients (INCI): Glycerin, Eugenia Caryophyllus Bud, Boswellia Carterii Gum Oil, Pinene, Limonene, Beta-Caryophyllene, Linalool, Terpineol.\" \/>\n<meta property=\"og:url\" content=\"https:\/\/luxury-intimate.com\/hr\/uncategorized-hr\/nocna-glicerinska-maska-s-klincicem-i-bosvelijom\/\" \/>\n<meta property=\"og:site_name\" content=\"Luxury Intimate\" \/>\n<meta property=\"article:modified_time\" content=\"2025-11-20T12:42:47+00:00\" \/>\n<meta property=\"og:image\" content=\"https:\/\/luxury-intimate.com\/wp-content\/uploads\/2025\/11\/IMG_2068.jpg\" \/>\n\t<meta property=\"og:image:width\" content=\"714\" \/>\n\t<meta property=\"og:image:height\" content=\"1280\" \/>\n\t<meta property=\"og:image:type\" content=\"image\/jpeg\" \/>\n<meta name=\"twitter:card\" content=\"summary_large_image\" \/>\n<meta name=\"twitter:label1\" content=\"Procijenjeno vrijeme \u010ditanja\" \/>\n\t<meta name=\"twitter:data1\" content=\"1 minuta\" \/>\n<script type=\"application\/ld+json\" class=\"yoast-schema-graph\">{\"@context\":\"https:\/\/schema.org\",\"@graph\":[{\"@type\":\"WebPage\",\"@id\":\"https:\/\/luxury-intimate.com\/hr\/uncategorized-hr\/nocna-glicerinska-maska-s-klincicem-i-bosvelijom\/\",\"url\":\"https:\/\/luxury-intimate.com\/hr\/uncategorized-hr\/nocna-glicerinska-maska-s-klincicem-i-bosvelijom\/\",\"name\":\"USKORO - No\u0107na glicerinska maska s klin\u010di\u0107em i bosvelijom - Luxury Intimate\",\"isPartOf\":{\"@id\":\"https:\/\/luxury-intimate.com\/#website\"},\"primaryImageOfPage\":{\"@id\":\"https:\/\/luxury-intimate.com\/hr\/uncategorized-hr\/nocna-glicerinska-maska-s-klincicem-i-bosvelijom\/#primaryimage\"},\"image\":{\"@id\":\"https:\/\/luxury-intimate.com\/hr\/uncategorized-hr\/nocna-glicerinska-maska-s-klincicem-i-bosvelijom\/#primaryimage\"},\"thumbnailUrl\":\"https:\/\/luxury-intimate.com\/wp-content\/uploads\/2025\/11\/IMG_2068.jpg\",\"datePublished\":\"2025-11-16T12:14:28+00:00\",\"dateModified\":\"2025-11-20T12:42:47+00:00\",\"breadcrumb\":{\"@id\":\"https:\/\/luxury-intimate.com\/hr\/uncategorized-hr\/nocna-glicerinska-maska-s-klincicem-i-bosvelijom\/#breadcrumb\"},\"inLanguage\":\"hr\",\"potentialAction\":[{\"@type\":\"ReadAction\",\"target\":[\"https:\/\/luxury-intimate.com\/hr\/uncategorized-hr\/nocna-glicerinska-maska-s-klincicem-i-bosvelijom\/\"]}]},{\"@type\":\"ImageObject\",\"inLanguage\":\"hr\",\"@id\":\"https:\/\/luxury-intimate.com\/hr\/uncategorized-hr\/nocna-glicerinska-maska-s-klincicem-i-bosvelijom\/#primaryimage\",\"url\":\"https:\/\/luxury-intimate.com\/wp-content\/uploads\/2025\/11\/IMG_2068.jpg\",\"contentUrl\":\"https:\/\/luxury-intimate.com\/wp-content\/uploads\/2025\/11\/IMG_2068.jpg\",\"width\":714,\"height\":1280},{\"@type\":\"BreadcrumbList\",\"@id\":\"https:\/\/luxury-intimate.com\/hr\/uncategorized-hr\/nocna-glicerinska-maska-s-klincicem-i-bosvelijom\/#breadcrumb\",\"itemListElement\":[{\"@type\":\"ListItem\",\"position\":1,\"name\":\"Home\",\"item\":\"https:\/\/luxury-intimate.com\/hr\/\"},{\"@type\":\"ListItem\",\"position\":2,\"name\":\"Shop\",\"item\":\"https:\/\/luxury-intimate.com\/hr\/shop\/\"},{\"@type\":\"ListItem\",\"position\":3,\"name\":\"USKORO &#8211; No\u0107na glicerinska maska s klin\u010di\u0107em i bosvelijom\"}]},{\"@type\":\"WebSite\",\"@id\":\"https:\/\/luxury-intimate.com\/#website\",\"url\":\"https:\/\/luxury-intimate.com\/\",\"name\":\"Luxury Intimate\",\"description\":\"Li Quandisa\",\"potentialAction\":[{\"@type\":\"SearchAction\",\"target\":{\"@type\":\"EntryPoint\",\"urlTemplate\":\"https:\/\/luxury-intimate.com\/?s={search_term_string}\"},\"query-input\":{\"@type\":\"PropertyValueSpecification\",\"valueRequired\":true,\"valueName\":\"search_term_string\"}}],\"inLanguage\":\"hr\"}]}<\/script>\n<!-- \/ Yoast SEO plugin. -->","yoast_head_json":{"title":"USKORO - No\u0107na glicerinska maska s klin\u010di\u0107em i bosvelijom - Luxury Intimate","robots":{"index":"index","follow":"follow","max-snippet":"max-snippet:-1","max-image-preview":"max-image-preview:large","max-video-preview":"max-video-preview:-1"},"canonical":"https:\/\/luxury-intimate.com\/hr\/uncategorized-hr\/nocna-glicerinska-maska-s-klincicem-i-bosvelijom\/","og_locale":"hr_HR","og_type":"article","og_title":"USKORO - No\u0107na glicerinska maska s klin\u010di\u0107em i bosvelijom - Luxury Intimate","og_description":"Ova no\u0107na maska jednostavna je, ali iznimno u\u010dinkovita alkemija triju sna\u017enih prirodnih sastojaka koji zajedno stvaraju savr\u0161enu harmoniju hidratacije, umirenja i obnove ko\u017ee tijekom sna.  Glicerin je prirodni humektant koji nje\u017eno privla\u010di vlagu u dublje slojeve ko\u017ee. Odr\u017eava elasti\u010dnost, meko\u0107u i zdrav sjaj. Smanjuje suho\u0107u i ostavlja ko\u017eu glatkom, mekanom i svilenkastom.  Klin\u010di\u0107 je bogat antioksidansima i eugenolom, poznatim po antibakterijskom i umiruju\u0107em djelovanju. Poma\u017ee kod ne\u010diste ko\u017ee, regulira masno\u0107u te ubrzava zacjeljivanje manjih nepravilnosti. Njegova energija \u010disti, zagrijava i poti\u010de cirkulaciju.  Bosvelija je dragocjena smola drevne mo\u0107i pomla\u0111ivanja. Smanjuje fine linije, djeluje protuupalno i poti\u010de prirodni proces obnove ko\u017ee. Njen umiruju\u0107i miris opu\u0161ta tijelo i um.  Tijekom no\u0107i ko\u017ea se dubinski hidratizira, smiruje i obnavlja. Ujutro je svje\u017ea, sjajna i meka poput svile.Sestavine\/Ingredients (INCI): Glycerin, Eugenia Caryophyllus Bud, Boswellia Carterii Gum Oil, Pinene, Limonene, Beta-Caryophyllene, Linalool, Terpineol.","og_url":"https:\/\/luxury-intimate.com\/hr\/uncategorized-hr\/nocna-glicerinska-maska-s-klincicem-i-bosvelijom\/","og_site_name":"Luxury Intimate","article_modified_time":"2025-11-20T12:42:47+00:00","og_image":[{"width":714,"height":1280,"url":"https:\/\/luxury-intimate.com\/wp-content\/uploads\/2025\/11\/IMG_2068.jpg","type":"image\/jpeg"}],"twitter_card":"summary_large_image","twitter_misc":{"Procijenjeno vrijeme \u010ditanja":"1 minuta"},"schema":{"@context":"https:\/\/schema.org","@graph":[{"@type":"WebPage","@id":"https:\/\/luxury-intimate.com\/hr\/uncategorized-hr\/nocna-glicerinska-maska-s-klincicem-i-bosvelijom\/","url":"https:\/\/luxury-intimate.com\/hr\/uncategorized-hr\/nocna-glicerinska-maska-s-klincicem-i-bosvelijom\/","name":"USKORO - No\u0107na glicerinska maska s klin\u010di\u0107em i bosvelijom - Luxury Intimate","isPartOf":{"@id":"https:\/\/luxury-intimate.com\/#website"},"primaryImageOfPage":{"@id":"https:\/\/luxury-intimate.com\/hr\/uncategorized-hr\/nocna-glicerinska-maska-s-klincicem-i-bosvelijom\/#primaryimage"},"image":{"@id":"https:\/\/luxury-intimate.com\/hr\/uncategorized-hr\/nocna-glicerinska-maska-s-klincicem-i-bosvelijom\/#primaryimage"},"thumbnailUrl":"https:\/\/luxury-intimate.com\/wp-content\/uploads\/2025\/11\/IMG_2068.jpg","datePublished":"2025-11-16T12:14:28+00:00","dateModified":"2025-11-20T12:42:47+00:00","breadcrumb":{"@id":"https:\/\/luxury-intimate.com\/hr\/uncategorized-hr\/nocna-glicerinska-maska-s-klincicem-i-bosvelijom\/#breadcrumb"},"inLanguage":"hr","potentialAction":[{"@type":"ReadAction","target":["https:\/\/luxury-intimate.com\/hr\/uncategorized-hr\/nocna-glicerinska-maska-s-klincicem-i-bosvelijom\/"]}]},{"@type":"ImageObject","inLanguage":"hr","@id":"https:\/\/luxury-intimate.com\/hr\/uncategorized-hr\/nocna-glicerinska-maska-s-klincicem-i-bosvelijom\/#primaryimage","url":"https:\/\/luxury-intimate.com\/wp-content\/uploads\/2025\/11\/IMG_2068.jpg","contentUrl":"https:\/\/luxury-intimate.com\/wp-content\/uploads\/2025\/11\/IMG_2068.jpg","width":714,"height":1280},{"@type":"BreadcrumbList","@id":"https:\/\/luxury-intimate.com\/hr\/uncategorized-hr\/nocna-glicerinska-maska-s-klincicem-i-bosvelijom\/#breadcrumb","itemListElement":[{"@type":"ListItem","position":1,"name":"Home","item":"https:\/\/luxury-intimate.com\/hr\/"},{"@type":"ListItem","position":2,"name":"Shop","item":"https:\/\/luxury-intimate.com\/hr\/shop\/"},{"@type":"ListItem","position":3,"name":"USKORO &#8211; No\u0107na glicerinska maska s klin\u010di\u0107em i bosvelijom"}]},{"@type":"WebSite","@id":"https:\/\/luxury-intimate.com\/#website","url":"https:\/\/luxury-intimate.com\/","name":"Luxury Intimate","description":"Li Quandisa","potentialAction":[{"@type":"SearchAction","target":{"@type":"EntryPoint","urlTemplate":"https:\/\/luxury-intimate.com\/?s={search_term_string}"},"query-input":{"@type":"PropertyValueSpecification","valueRequired":true,"valueName":"search_term_string"}}],"inLanguage":"hr"}]}},"_links":{"self":[{"href":"https:\/\/luxury-intimate.com\/hr\/wp-json\/wp\/v2\/product\/30151","targetHints":{"allow":["GET"]}}],"collection":[{"href":"https:\/\/luxury-intimate.com\/hr\/wp-json\/wp\/v2\/product"}],"about":[{"href":"https:\/\/luxury-intimate.com\/hr\/wp-json\/wp\/v2\/types\/product"}],"wp:featuredmedia":[{"embeddable":true,"href":"https:\/\/luxury-intimate.com\/hr\/wp-json\/wp\/v2\/media\/30147"}],"wp:attachment":[{"href":"https:\/\/luxury-intimate.com\/hr\/wp-json\/wp\/v2\/media?parent=30151"}],"wp:term":[{"taxonomy":"product_brand","embeddable":true,"href":"https:\/\/luxury-intimate.com\/hr\/wp-json\/wp\/v2\/product_brand?post=30151"},{"taxonomy":"product_cat","embeddable":true,"href":"https:\/\/luxury-intimate.com\/hr\/wp-json\/wp\/v2\/product_cat?post=30151"},{"taxonomy":"product_tag","embeddable":true,"href":"https:\/\/luxury-intimate.com\/hr\/wp-json\/wp\/v2\/product_tag?post=30151"}],"curies":[{"name":"wp","href":"https:\/\/api.w.org\/{rel}","templated":true}]}}