{"id":32469,"date":"2026-03-27T13:00:35","date_gmt":"2026-03-27T11:00:35","guid":{"rendered":"https:\/\/luxury-intimate.com\/Bez%20kategorije\/botanicni-eliksir\/"},"modified":"2026-04-07T11:15:56","modified_gmt":"2026-04-07T09:15:56","slug":"botanicni-eliksir","status":"publish","type":"product","link":"https:\/\/luxury-intimate.com\/hr\/nega-obraza\/botanicni-eliksir\/","title":{"rendered":"Botani\u010dki eliksir- hidratantna maglica za lice i kosu te nje\u017ean prirodni parfem"},"content":{"rendered":"","protected":false},"excerpt":{"rendered":"<p>Botani\u010dki eliksir \u2013 hidratantna maglica za lice i kosu te nje\u017eni prirodni parfem, prijazan va\u0161oj hormonskoj ravnote\u017ei.<br \/>\nLagani, osvje\u017eavaju\u0107i mist za svakodnevnu njegu ko\u017ee i kose. Kombinira prirodne sastojke koji hidratiziraju, omek\u0161avaju i ostavljaju ko\u017eu blistavom, a kosu svilenkastom. Ujedno djeluje i kao nje\u017eni prirodni parfem koji ne naru\u0161ava hormonsku ravnote\u017eu.<br \/>\nMiris nje\u017ene kombinacije lavande, ylang-ylanga, sandalovine i bijelog mo\u0161usa pru\u017ea osje\u0107aj mira i luksuza<\/p>\n<p><strong>Hijaluronska kiselina<\/strong> \u2013 Dubinski hidratizira i zadr\u017eava vlagu u ko\u017ei. Kosi daje meko\u0107u i smanjuje isu\u0161ivanje.<br \/>\n<strong>Vitamin B3 (niacinamid)<\/strong> \u2013 Ujedna\u010dava ten, pobolj\u0161ava teksturu ko\u017ee i daje prirodan sjaj. Kosi vra\u0107a zdrav izgled.<br \/>\n<strong>Svila u prahu<\/strong> \u2013 Zagla\u0111uje ko\u017eu i daje joj mekan, luksuzan osje\u0107aj. Kosa postaje svilenkasta i lagana.<br \/>\n<strong>Kokosova voda<\/strong> \u2013 Prirodno osvje\u017eava i hidratizira ko\u017eu.<br \/>\n<strong>Eteri\u010dna ulja<\/strong> \u2013 Djeluju umiruju\u0107e i balansiraju\u0107e.<br \/>\n<strong>Bijeli mo\u0161us<\/strong> \u2013 Dodaje elegantan, \u010dist i senzualan miris.<\/p>\n<p>&nbsp;<\/p>\n","protected":false},"featured_media":32443,"template":"","meta":{"_acf_changed":false,"inline_featured_image":false},"product_brand":[],"product_cat":[83],"product_tag":[],"class_list":{"0":"post-32469","1":"product","2":"type-product","3":"status-publish","4":"has-post-thumbnail","6":"product_cat-nega-obraza","8":"first","9":"instock","10":"taxable","11":"shipping-taxable","12":"purchasable","13":"product-type-simple"},"acf":[],"yoast_head":"<!-- This site is optimized with the Yoast SEO plugin v27.1.1 - https:\/\/yoast.com\/product\/yoast-seo-wordpress\/ -->\n<title>Botani\u010dki eliksir- hidratantna maglica za lice i kosu te nje\u017ean prirodni parfem - Luxury Intimate<\/title>\n<meta name=\"robots\" content=\"index, follow, max-snippet:-1, max-image-preview:large, max-video-preview:-1\" \/>\n<link rel=\"canonical\" href=\"https:\/\/luxury-intimate.com\/hr\/nega-obraza\/botanicni-eliksir\/\" \/>\n<meta property=\"og:locale\" content=\"hr_HR\" \/>\n<meta property=\"og:type\" content=\"article\" \/>\n<meta property=\"og:title\" content=\"Botani\u010dki eliksir- hidratantna maglica za lice i kosu te nje\u017ean prirodni parfem - Luxury Intimate\" \/>\n<meta property=\"og:description\" content=\"Botani\u010dki eliksir \u2013 hidratantna maglica za lice i kosu te nje\u017eni prirodni parfem, prijazan va\u0161oj hormonskoj ravnote\u017ei. Lagani, osvje\u017eavaju\u0107i mist za svakodnevnu njegu ko\u017ee i kose. Kombinira prirodne sastojke koji hidratiziraju, omek\u0161avaju i ostavljaju ko\u017eu blistavom, a kosu svilenkastom. Ujedno djeluje i kao nje\u017eni prirodni parfem koji ne naru\u0161ava hormonsku ravnote\u017eu. Miris nje\u017ene kombinacije lavande, ylang-ylanga, sandalovine i bijelog mo\u0161usa pru\u017ea osje\u0107aj mira i luksuza  Hijaluronska kiselina \u2013 Dubinski hidratizira i zadr\u017eava vlagu u ko\u017ei. Kosi daje meko\u0107u i smanjuje isu\u0161ivanje. Vitamin B3 (niacinamid) \u2013 Ujedna\u010dava ten, pobolj\u0161ava teksturu ko\u017ee i daje prirodan sjaj. Kosi vra\u0107a zdrav izgled. Svila u prahu \u2013 Zagla\u0111uje ko\u017eu i daje joj mekan, luksuzan osje\u0107aj. Kosa postaje svilenkasta i lagana. Kokosova voda \u2013 Prirodno osvje\u017eava i hidratizira ko\u017eu. Eteri\u010dna ulja \u2013 Djeluju umiruju\u0107e i balansiraju\u0107e. Bijeli mo\u0161us \u2013 Dodaje elegantan, \u010dist i senzualan miris.  &nbsp;\" \/>\n<meta property=\"og:url\" content=\"https:\/\/luxury-intimate.com\/hr\/nega-obraza\/botanicni-eliksir\/\" \/>\n<meta property=\"og:site_name\" content=\"Luxury Intimate\" \/>\n<meta property=\"article:modified_time\" content=\"2026-04-07T09:15:56+00:00\" \/>\n<meta property=\"og:image\" content=\"https:\/\/luxury-intimate.com\/wp-content\/uploads\/2026\/03\/image1.png\" \/>\n\t<meta property=\"og:image:width\" content=\"1200\" \/>\n\t<meta property=\"og:image:height\" content=\"1200\" \/>\n\t<meta property=\"og:image:type\" content=\"image\/png\" \/>\n<meta name=\"twitter:card\" content=\"summary_large_image\" \/>\n<meta name=\"twitter:label1\" content=\"Procijenjeno vrijeme \u010ditanja\" \/>\n\t<meta name=\"twitter:data1\" content=\"1 minuta\" \/>\n<script type=\"application\/ld+json\" class=\"yoast-schema-graph\">{\"@context\":\"https:\/\/schema.org\",\"@graph\":[{\"@type\":\"WebPage\",\"@id\":\"https:\/\/luxury-intimate.com\/hr\/nega-obraza\/botanicni-eliksir\/\",\"url\":\"https:\/\/luxury-intimate.com\/hr\/nega-obraza\/botanicni-eliksir\/\",\"name\":\"Botani\u010dki eliksir- hidratantna maglica za lice i kosu te nje\u017ean prirodni parfem - Luxury Intimate\",\"isPartOf\":{\"@id\":\"https:\/\/luxury-intimate.com\/#website\"},\"primaryImageOfPage\":{\"@id\":\"https:\/\/luxury-intimate.com\/hr\/nega-obraza\/botanicni-eliksir\/#primaryimage\"},\"image\":{\"@id\":\"https:\/\/luxury-intimate.com\/hr\/nega-obraza\/botanicni-eliksir\/#primaryimage\"},\"thumbnailUrl\":\"https:\/\/luxury-intimate.com\/wp-content\/uploads\/2026\/03\/image1.png\",\"datePublished\":\"2026-03-27T11:00:35+00:00\",\"dateModified\":\"2026-04-07T09:15:56+00:00\",\"breadcrumb\":{\"@id\":\"https:\/\/luxury-intimate.com\/hr\/nega-obraza\/botanicni-eliksir\/#breadcrumb\"},\"inLanguage\":\"hr\",\"potentialAction\":[{\"@type\":\"ReadAction\",\"target\":[\"https:\/\/luxury-intimate.com\/hr\/nega-obraza\/botanicni-eliksir\/\"]}]},{\"@type\":\"ImageObject\",\"inLanguage\":\"hr\",\"@id\":\"https:\/\/luxury-intimate.com\/hr\/nega-obraza\/botanicni-eliksir\/#primaryimage\",\"url\":\"https:\/\/luxury-intimate.com\/wp-content\/uploads\/2026\/03\/image1.png\",\"contentUrl\":\"https:\/\/luxury-intimate.com\/wp-content\/uploads\/2026\/03\/image1.png\",\"width\":1200,\"height\":1200},{\"@type\":\"BreadcrumbList\",\"@id\":\"https:\/\/luxury-intimate.com\/hr\/nega-obraza\/botanicni-eliksir\/#breadcrumb\",\"itemListElement\":[{\"@type\":\"ListItem\",\"position\":1,\"name\":\"Home\",\"item\":\"https:\/\/luxury-intimate.com\/hr\/\"},{\"@type\":\"ListItem\",\"position\":2,\"name\":\"Shop\",\"item\":\"https:\/\/luxury-intimate.com\/hr\/shop\/\"},{\"@type\":\"ListItem\",\"position\":3,\"name\":\"Botani\u010dki eliksir- hidratantna maglica za lice i kosu te nje\u017ean prirodni parfem\"}]},{\"@type\":\"WebSite\",\"@id\":\"https:\/\/luxury-intimate.com\/#website\",\"url\":\"https:\/\/luxury-intimate.com\/\",\"name\":\"Luxury Intimate\",\"description\":\"Li Quandisa\",\"potentialAction\":[{\"@type\":\"SearchAction\",\"target\":{\"@type\":\"EntryPoint\",\"urlTemplate\":\"https:\/\/luxury-intimate.com\/?s={search_term_string}\"},\"query-input\":{\"@type\":\"PropertyValueSpecification\",\"valueRequired\":true,\"valueName\":\"search_term_string\"}}],\"inLanguage\":\"hr\"}]}<\/script>\n<!-- \/ Yoast SEO plugin. -->","yoast_head_json":{"title":"Botani\u010dki eliksir- hidratantna maglica za lice i kosu te nje\u017ean prirodni parfem - Luxury Intimate","robots":{"index":"index","follow":"follow","max-snippet":"max-snippet:-1","max-image-preview":"max-image-preview:large","max-video-preview":"max-video-preview:-1"},"canonical":"https:\/\/luxury-intimate.com\/hr\/nega-obraza\/botanicni-eliksir\/","og_locale":"hr_HR","og_type":"article","og_title":"Botani\u010dki eliksir- hidratantna maglica za lice i kosu te nje\u017ean prirodni parfem - Luxury Intimate","og_description":"Botani\u010dki eliksir \u2013 hidratantna maglica za lice i kosu te nje\u017eni prirodni parfem, prijazan va\u0161oj hormonskoj ravnote\u017ei. Lagani, osvje\u017eavaju\u0107i mist za svakodnevnu njegu ko\u017ee i kose. Kombinira prirodne sastojke koji hidratiziraju, omek\u0161avaju i ostavljaju ko\u017eu blistavom, a kosu svilenkastom. Ujedno djeluje i kao nje\u017eni prirodni parfem koji ne naru\u0161ava hormonsku ravnote\u017eu. Miris nje\u017ene kombinacije lavande, ylang-ylanga, sandalovine i bijelog mo\u0161usa pru\u017ea osje\u0107aj mira i luksuza  Hijaluronska kiselina \u2013 Dubinski hidratizira i zadr\u017eava vlagu u ko\u017ei. Kosi daje meko\u0107u i smanjuje isu\u0161ivanje. Vitamin B3 (niacinamid) \u2013 Ujedna\u010dava ten, pobolj\u0161ava teksturu ko\u017ee i daje prirodan sjaj. Kosi vra\u0107a zdrav izgled. Svila u prahu \u2013 Zagla\u0111uje ko\u017eu i daje joj mekan, luksuzan osje\u0107aj. Kosa postaje svilenkasta i lagana. Kokosova voda \u2013 Prirodno osvje\u017eava i hidratizira ko\u017eu. Eteri\u010dna ulja \u2013 Djeluju umiruju\u0107e i balansiraju\u0107e. Bijeli mo\u0161us \u2013 Dodaje elegantan, \u010dist i senzualan miris.  &nbsp;","og_url":"https:\/\/luxury-intimate.com\/hr\/nega-obraza\/botanicni-eliksir\/","og_site_name":"Luxury Intimate","article_modified_time":"2026-04-07T09:15:56+00:00","og_image":[{"width":1200,"height":1200,"url":"https:\/\/luxury-intimate.com\/wp-content\/uploads\/2026\/03\/image1.png","type":"image\/png"}],"twitter_card":"summary_large_image","twitter_misc":{"Procijenjeno vrijeme \u010ditanja":"1 minuta"},"schema":{"@context":"https:\/\/schema.org","@graph":[{"@type":"WebPage","@id":"https:\/\/luxury-intimate.com\/hr\/nega-obraza\/botanicni-eliksir\/","url":"https:\/\/luxury-intimate.com\/hr\/nega-obraza\/botanicni-eliksir\/","name":"Botani\u010dki eliksir- hidratantna maglica za lice i kosu te nje\u017ean prirodni parfem - Luxury Intimate","isPartOf":{"@id":"https:\/\/luxury-intimate.com\/#website"},"primaryImageOfPage":{"@id":"https:\/\/luxury-intimate.com\/hr\/nega-obraza\/botanicni-eliksir\/#primaryimage"},"image":{"@id":"https:\/\/luxury-intimate.com\/hr\/nega-obraza\/botanicni-eliksir\/#primaryimage"},"thumbnailUrl":"https:\/\/luxury-intimate.com\/wp-content\/uploads\/2026\/03\/image1.png","datePublished":"2026-03-27T11:00:35+00:00","dateModified":"2026-04-07T09:15:56+00:00","breadcrumb":{"@id":"https:\/\/luxury-intimate.com\/hr\/nega-obraza\/botanicni-eliksir\/#breadcrumb"},"inLanguage":"hr","potentialAction":[{"@type":"ReadAction","target":["https:\/\/luxury-intimate.com\/hr\/nega-obraza\/botanicni-eliksir\/"]}]},{"@type":"ImageObject","inLanguage":"hr","@id":"https:\/\/luxury-intimate.com\/hr\/nega-obraza\/botanicni-eliksir\/#primaryimage","url":"https:\/\/luxury-intimate.com\/wp-content\/uploads\/2026\/03\/image1.png","contentUrl":"https:\/\/luxury-intimate.com\/wp-content\/uploads\/2026\/03\/image1.png","width":1200,"height":1200},{"@type":"BreadcrumbList","@id":"https:\/\/luxury-intimate.com\/hr\/nega-obraza\/botanicni-eliksir\/#breadcrumb","itemListElement":[{"@type":"ListItem","position":1,"name":"Home","item":"https:\/\/luxury-intimate.com\/hr\/"},{"@type":"ListItem","position":2,"name":"Shop","item":"https:\/\/luxury-intimate.com\/hr\/shop\/"},{"@type":"ListItem","position":3,"name":"Botani\u010dki eliksir- hidratantna maglica za lice i kosu te nje\u017ean prirodni parfem"}]},{"@type":"WebSite","@id":"https:\/\/luxury-intimate.com\/#website","url":"https:\/\/luxury-intimate.com\/","name":"Luxury Intimate","description":"Li Quandisa","potentialAction":[{"@type":"SearchAction","target":{"@type":"EntryPoint","urlTemplate":"https:\/\/luxury-intimate.com\/?s={search_term_string}"},"query-input":{"@type":"PropertyValueSpecification","valueRequired":true,"valueName":"search_term_string"}}],"inLanguage":"hr"}]}},"_links":{"self":[{"href":"https:\/\/luxury-intimate.com\/hr\/wp-json\/wp\/v2\/product\/32469","targetHints":{"allow":["GET"]}}],"collection":[{"href":"https:\/\/luxury-intimate.com\/hr\/wp-json\/wp\/v2\/product"}],"about":[{"href":"https:\/\/luxury-intimate.com\/hr\/wp-json\/wp\/v2\/types\/product"}],"wp:featuredmedia":[{"embeddable":true,"href":"https:\/\/luxury-intimate.com\/hr\/wp-json\/wp\/v2\/media\/32443"}],"wp:attachment":[{"href":"https:\/\/luxury-intimate.com\/hr\/wp-json\/wp\/v2\/media?parent=32469"}],"wp:term":[{"taxonomy":"product_brand","embeddable":true,"href":"https:\/\/luxury-intimate.com\/hr\/wp-json\/wp\/v2\/product_brand?post=32469"},{"taxonomy":"product_cat","embeddable":true,"href":"https:\/\/luxury-intimate.com\/hr\/wp-json\/wp\/v2\/product_cat?post=32469"},{"taxonomy":"product_tag","embeddable":true,"href":"https:\/\/luxury-intimate.com\/hr\/wp-json\/wp\/v2\/product_tag?post=32469"}],"curies":[{"name":"wp","href":"https:\/\/api.w.org\/{rel}","templated":true}]}}